{"id":96,"date":"2025-06-22T19:57:55","date_gmt":"2025-06-22T17:57:55","guid":{"rendered":"https:\/\/asociacionelhogardemika.org\/?page_id=96"},"modified":"2025-09-10T20:20:38","modified_gmt":"2025-09-10T18:20:38","slug":"quienes-somos","status":"publish","type":"page","link":"https:\/\/asociacionelhogardemika.org\/en\/quienes-somos\/","title":{"rendered":"About Us"},"content":{"rendered":"<div class=\"wp-block-group\"><div class=\"wp-block-group__inner-container is-layout-constrained wp-block-group-is-layout-constrained\">\n<p>At <strong>El Hogar de Mika<\/strong> we work to transform the lives of abandoned and vulnerable dogs and cats in the province of Granada.<\/p>\n\n\n\n<div style=\"height:40px\" aria-hidden=\"true\" class=\"wp-block-spacer\"><\/div>\n\n\n<div class=\"wp-block-image\">\n<figure class=\"aligncenter size-full is-resized\"><img loading=\"lazy\" decoding=\"async\" width=\"771\" height=\"581\" src=\"https:\/\/asociacionelhogardemika.org\/wp-content\/uploads\/2025\/06\/gatos-callejeros-en-albolote.jpg\" alt=\"\" class=\"wp-image-104\" style=\"width:600px\" srcset=\"https:\/\/asociacionelhogardemika.org\/wp-content\/uploads\/2025\/06\/gatos-callejeros-en-albolote.jpg 771w, https:\/\/asociacionelhogardemika.org\/wp-content\/uploads\/2025\/06\/gatos-callejeros-en-albolote-300x226.jpg 300w, https:\/\/asociacionelhogardemika.org\/wp-content\/uploads\/2025\/06\/gatos-callejeros-en-albolote-768x579.jpg 768w\" sizes=\"auto, (max-width: 771px) 100vw, 771px\" \/><figcaption class=\"wp-element-caption\"><em>Stray cats on the streets of Albolote, Spain, 2023<\/em><\/figcaption><\/figure><\/div>\n\n\n<div style=\"height:40px\" aria-hidden=\"true\" class=\"wp-block-spacer\"><\/div>\n<\/div><\/div>\n\n\n\n<div class=\"wp-block-group\"><div class=\"wp-block-group__inner-container is-layout-constrained wp-block-group-is-layout-constrained\">\n<h2 class=\"wp-block-heading\">Did you know?<\/h2>\n\n\n\n<p>Currently, more than <strong>286,000 dogs and cats are taken in by animal shelters each year in Spain<\/strong>, according to the 2024 study by the Affinity Foundation entitled \u2018He would never do that\u2019. Every hour, more than 33 animals are abandoned in Spain, resulting in 785 abandonments per day and a total of 23,890 stray cats and dogs per month.<\/p>\n\n\n\n<p><strong>One of the autonomous communities with the highest rate of animal abandonment is Andalusia (Fundaci\u00f3n Affinity, 2024)<\/strong>. Our region ranks first in terms of animal abuse in Spain, with 13,092 reports of animal assault since 2008 (SEPRONA, 2014). Furthermore, according to data from the Crime Statistics System provided by the Ministry of the Interior in 2022, Andalusia is the region with the highest number of reports of animal abuse, accounting for 19.6% of the national total.<\/p>\n\n\n\n<p>According to CACMA (2023), animal abandonment continues to increase by 15% more than in previous years, and specifically in Granada in 2020, the incidence of abandonment increased by 30% more than in recent years.<\/p>\n<\/div><\/div>\n\n\n\n<div style=\"height:40px\" aria-hidden=\"true\" class=\"wp-block-spacer\"><\/div>\n\n\n\n<div class=\"wp-block-group\"><div class=\"wp-block-group__inner-container is-layout-constrained wp-block-group-is-layout-constrained\">\n<h2 class=\"wp-block-heading\">About Us<\/h2>\n\n\n\n<p>For all the reasons mentioned above, <strong>El Hogar de Mika<\/strong>was created, a non-profit association made up of volunteers who dedicate our free time altruistically to the defence and protection of abandoned and community domestic animals in our territory.<\/p>\n\n\n\n<p>Our association falls within the scope of Organic Law 1\/2002, of 22 March, regulating the Right of Association, and Law 4\/2006, of 23 June, on Associations in Andalusia, as we carry out our activities mainly in the autonomous community of Andalusia.<\/p>\n\n\n\n<div style=\"height:40px\" aria-hidden=\"true\" class=\"wp-block-spacer\"><\/div>\n\n\n<div class=\"wp-block-image\">\n<figure class=\"aligncenter size-large is-resized\"><img loading=\"lazy\" decoding=\"async\" width=\"1024\" height=\"765\" src=\"https:\/\/asociacionelhogardemika.org\/wp-content\/uploads\/2025\/06\/uno-de-nuestros-gatetes-min-1024x765.png\" alt=\"\" class=\"wp-image-114\" style=\"width:700px\" srcset=\"https:\/\/asociacionelhogardemika.org\/wp-content\/uploads\/2025\/06\/uno-de-nuestros-gatetes-min-1024x765.png 1024w, https:\/\/asociacionelhogardemika.org\/wp-content\/uploads\/2025\/06\/uno-de-nuestros-gatetes-min-300x224.png 300w, https:\/\/asociacionelhogardemika.org\/wp-content\/uploads\/2025\/06\/uno-de-nuestros-gatetes-min-768x574.png 768w, https:\/\/asociacionelhogardemika.org\/wp-content\/uploads\/2025\/06\/uno-de-nuestros-gatetes-min.png 1144w\" sizes=\"auto, (max-width: 1024px) 100vw, 1024px\" \/><figcaption class=\"wp-element-caption\">Meet one of the many cats we have helped.<\/figcaption><\/figure><\/div>\n\n\n<div style=\"height:40px\" aria-hidden=\"true\" class=\"wp-block-spacer\"><\/div>\n<\/div><\/div>","protected":false},"excerpt":{"rendered":"<p>El Hogar de Mika es una asociaci\u00f3n sin \u00e1nimo de lucro formada por personas voluntarias que dedicamos nuestro tiempo libre y de manera altruista a la defensa y protecci\u00f3n de los animales dom\u00e9sticos abandonados y comunitarios de nuestro territorio.<\/p>","protected":false},"author":1,"featured_media":116,"parent":0,"menu_order":0,"comment_status":"closed","ping_status":"closed","template":"","meta":{"_acf_changed":false,"footnotes":""},"class_list":["post-96","page","type-page","status-publish","has-post-thumbnail","hentry"],"acf":[],"yoast_head":"<!-- This site is optimized with the Yoast SEO plugin v26.4 - https:\/\/yoast.com\/wordpress\/plugins\/seo\/ -->\n<title>Qui\u00e9nes Somos - El Hogar de Mika<\/title>\n<meta name=\"description\" content=\"Somos una asociaci\u00f3n sin \u00e1nimos de lucro, formada por personas voluntarias, que se dedican de forma altruista a la defensa animal.\" \/>\n<meta name=\"robots\" content=\"index, follow, max-snippet:-1, max-image-preview:large, max-video-preview:-1\" \/>\n<link rel=\"canonical\" href=\"https:\/\/asociacionelhogardemika.org\/en\/quienes-somos\/\" \/>\n<meta property=\"og:locale\" content=\"en_GB\" \/>\n<meta property=\"og:type\" content=\"article\" \/>\n<meta property=\"og:title\" content=\"Qui\u00e9nes Somos - El Hogar de Mika\" \/>\n<meta property=\"og:description\" content=\"Somos una asociaci\u00f3n sin \u00e1nimos de lucro, formada por personas voluntarias, que se dedican de forma altruista a la defensa animal.\" \/>\n<meta property=\"og:url\" content=\"https:\/\/asociacionelhogardemika.org\/en\/quienes-somos\/\" \/>\n<meta property=\"og:site_name\" content=\"El Hogar de Mika\" \/>\n<meta property=\"article:modified_time\" content=\"2025-09-10T18:20:38+00:00\" \/>\n<meta property=\"og:image\" content=\"https:\/\/asociacionelhogardemika.org\/wp-content\/uploads\/2025\/06\/grant-durr-GZXf4kGrqEA-unsplash.jpg\" \/>\n\t<meta property=\"og:image:width\" content=\"1920\" \/>\n\t<meta property=\"og:image:height\" content=\"1280\" \/>\n\t<meta property=\"og:image:type\" content=\"image\/jpeg\" \/>\n<meta name=\"twitter:card\" content=\"summary_large_image\" \/>\n<meta name=\"twitter:label1\" content=\"Estimated reading time\" \/>\n\t<meta name=\"twitter:data1\" content=\"3 minutes\" \/>\n<script type=\"application\/ld+json\" class=\"yoast-schema-graph\">{\"@context\":\"https:\/\/schema.org\",\"@graph\":[{\"@type\":\"WebPage\",\"@id\":\"https:\/\/asociacionelhogardemika.org\/quienes-somos\/\",\"url\":\"https:\/\/asociacionelhogardemika.org\/quienes-somos\/\",\"name\":\"Qui\u00e9nes Somos - El Hogar de Mika\",\"isPartOf\":{\"@id\":\"https:\/\/asociacionelhogardemika.org\/#website\"},\"primaryImageOfPage\":{\"@id\":\"https:\/\/asociacionelhogardemika.org\/quienes-somos\/#primaryimage\"},\"image\":{\"@id\":\"https:\/\/asociacionelhogardemika.org\/quienes-somos\/#primaryimage\"},\"thumbnailUrl\":\"https:\/\/asociacionelhogardemika.org\/wp-content\/uploads\/2025\/06\/grant-durr-GZXf4kGrqEA-unsplash.jpg\",\"datePublished\":\"2025-06-22T17:57:55+00:00\",\"dateModified\":\"2025-09-10T18:20:38+00:00\",\"description\":\"Somos una asociaci\u00f3n sin \u00e1nimos de lucro, formada por personas voluntarias, que se dedican de forma altruista a la defensa animal.\",\"breadcrumb\":{\"@id\":\"https:\/\/asociacionelhogardemika.org\/quienes-somos\/#breadcrumb\"},\"inLanguage\":\"en-GB\",\"potentialAction\":[{\"@type\":\"ReadAction\",\"target\":[\"https:\/\/asociacionelhogardemika.org\/quienes-somos\/\"]}]},{\"@type\":\"ImageObject\",\"inLanguage\":\"en-GB\",\"@id\":\"https:\/\/asociacionelhogardemika.org\/quienes-somos\/#primaryimage\",\"url\":\"https:\/\/asociacionelhogardemika.org\/wp-content\/uploads\/2025\/06\/grant-durr-GZXf4kGrqEA-unsplash.jpg\",\"contentUrl\":\"https:\/\/asociacionelhogardemika.org\/wp-content\/uploads\/2025\/06\/grant-durr-GZXf4kGrqEA-unsplash.jpg\",\"width\":1920,\"height\":1280,\"caption\":\"Qui\u00e9nes somos en El Hogar de Mika\"},{\"@type\":\"BreadcrumbList\",\"@id\":\"https:\/\/asociacionelhogardemika.org\/quienes-somos\/#breadcrumb\",\"itemListElement\":[{\"@type\":\"ListItem\",\"position\":1,\"name\":\"Portada\",\"item\":\"https:\/\/asociacionelhogardemika.org\/\"},{\"@type\":\"ListItem\",\"position\":2,\"name\":\"Qui\u00e9nes Somos\"}]},{\"@type\":\"WebSite\",\"@id\":\"https:\/\/asociacionelhogardemika.org\/#website\",\"url\":\"https:\/\/asociacionelhogardemika.org\/\",\"name\":\"El Hogar de Mika\",\"description\":\"Asociaci\u00f3n de bienestar animal\",\"publisher\":{\"@id\":\"https:\/\/asociacionelhogardemika.org\/#organization\"},\"alternateName\":\"Asociaci\u00f3n El hogar de Mika\",\"potentialAction\":[{\"@type\":\"SearchAction\",\"target\":{\"@type\":\"EntryPoint\",\"urlTemplate\":\"https:\/\/asociacionelhogardemika.org\/?s={search_term_string}\"},\"query-input\":{\"@type\":\"PropertyValueSpecification\",\"valueRequired\":true,\"valueName\":\"search_term_string\"}}],\"inLanguage\":\"en-GB\"},{\"@type\":\"Organization\",\"@id\":\"https:\/\/asociacionelhogardemika.org\/#organization\",\"name\":\"El Hogar de Mika\",\"alternateName\":\"Asociaci\u00f3n El Hogar de Mika\",\"url\":\"https:\/\/asociacionelhogardemika.org\/\",\"logo\":{\"@type\":\"ImageObject\",\"inLanguage\":\"en-GB\",\"@id\":\"https:\/\/asociacionelhogardemika.org\/#\/schema\/logo\/image\/\",\"url\":\"https:\/\/asociacionelhogardemika.org\/wp-content\/uploads\/2025\/06\/logo-el-hogar-de-mika.jpg\",\"contentUrl\":\"https:\/\/asociacionelhogardemika.org\/wp-content\/uploads\/2025\/06\/logo-el-hogar-de-mika.jpg\",\"width\":1000,\"height\":1000,\"caption\":\"El Hogar de Mika\"},\"image\":{\"@id\":\"https:\/\/asociacionelhogardemika.org\/#\/schema\/logo\/image\/\"},\"sameAs\":[\"https:\/\/www.instagram.com\/elhogardemika\/\",\"https:\/\/www.teaming.net\/elhogardemika\",\"https:\/\/petshelter.miwuki.com\/p\/ARvXm1x3\"]}]}<\/script>\n<!-- \/ Yoast SEO plugin. -->","yoast_head_json":{"title":"Qui\u00e9nes Somos - El Hogar de Mika","description":"Somos una asociaci\u00f3n sin \u00e1nimos de lucro, formada por personas voluntarias, que se dedican de forma altruista a la defensa animal.","robots":{"index":"index","follow":"follow","max-snippet":"max-snippet:-1","max-image-preview":"max-image-preview:large","max-video-preview":"max-video-preview:-1"},"canonical":"https:\/\/asociacionelhogardemika.org\/en\/quienes-somos\/","og_locale":"en_GB","og_type":"article","og_title":"Qui\u00e9nes Somos - El Hogar de Mika","og_description":"Somos una asociaci\u00f3n sin \u00e1nimos de lucro, formada por personas voluntarias, que se dedican de forma altruista a la defensa animal.","og_url":"https:\/\/asociacionelhogardemika.org\/en\/quienes-somos\/","og_site_name":"El Hogar de Mika","article_modified_time":"2025-09-10T18:20:38+00:00","og_image":[{"width":1920,"height":1280,"url":"https:\/\/asociacionelhogardemika.org\/wp-content\/uploads\/2025\/06\/grant-durr-GZXf4kGrqEA-unsplash.jpg","type":"image\/jpeg"}],"twitter_card":"summary_large_image","twitter_misc":{"Estimated reading time":"3 minutes"},"schema":{"@context":"https:\/\/schema.org","@graph":[{"@type":"WebPage","@id":"https:\/\/asociacionelhogardemika.org\/quienes-somos\/","url":"https:\/\/asociacionelhogardemika.org\/quienes-somos\/","name":"Qui\u00e9nes Somos - El Hogar de Mika","isPartOf":{"@id":"https:\/\/asociacionelhogardemika.org\/#website"},"primaryImageOfPage":{"@id":"https:\/\/asociacionelhogardemika.org\/quienes-somos\/#primaryimage"},"image":{"@id":"https:\/\/asociacionelhogardemika.org\/quienes-somos\/#primaryimage"},"thumbnailUrl":"https:\/\/asociacionelhogardemika.org\/wp-content\/uploads\/2025\/06\/grant-durr-GZXf4kGrqEA-unsplash.jpg","datePublished":"2025-06-22T17:57:55+00:00","dateModified":"2025-09-10T18:20:38+00:00","description":"Somos una asociaci\u00f3n sin \u00e1nimos de lucro, formada por personas voluntarias, que se dedican de forma altruista a la defensa animal.","breadcrumb":{"@id":"https:\/\/asociacionelhogardemika.org\/quienes-somos\/#breadcrumb"},"inLanguage":"en-GB","potentialAction":[{"@type":"ReadAction","target":["https:\/\/asociacionelhogardemika.org\/quienes-somos\/"]}]},{"@type":"ImageObject","inLanguage":"en-GB","@id":"https:\/\/asociacionelhogardemika.org\/quienes-somos\/#primaryimage","url":"https:\/\/asociacionelhogardemika.org\/wp-content\/uploads\/2025\/06\/grant-durr-GZXf4kGrqEA-unsplash.jpg","contentUrl":"https:\/\/asociacionelhogardemika.org\/wp-content\/uploads\/2025\/06\/grant-durr-GZXf4kGrqEA-unsplash.jpg","width":1920,"height":1280,"caption":"Qui\u00e9nes somos en El Hogar de Mika"},{"@type":"BreadcrumbList","@id":"https:\/\/asociacionelhogardemika.org\/quienes-somos\/#breadcrumb","itemListElement":[{"@type":"ListItem","position":1,"name":"Portada","item":"https:\/\/asociacionelhogardemika.org\/"},{"@type":"ListItem","position":2,"name":"Qui\u00e9nes Somos"}]},{"@type":"WebSite","@id":"https:\/\/asociacionelhogardemika.org\/#website","url":"https:\/\/asociacionelhogardemika.org\/","name":"El Hogar de Mika","description":"Asociaci\u00f3n de bienestar animal","publisher":{"@id":"https:\/\/asociacionelhogardemika.org\/#organization"},"alternateName":"Asociaci\u00f3n El hogar de Mika","potentialAction":[{"@type":"SearchAction","target":{"@type":"EntryPoint","urlTemplate":"https:\/\/asociacionelhogardemika.org\/?s={search_term_string}"},"query-input":{"@type":"PropertyValueSpecification","valueRequired":true,"valueName":"search_term_string"}}],"inLanguage":"en-GB"},{"@type":"Organization","@id":"https:\/\/asociacionelhogardemika.org\/#organization","name":"El Hogar de Mika","alternateName":"Asociaci\u00f3n El Hogar de Mika","url":"https:\/\/asociacionelhogardemika.org\/","logo":{"@type":"ImageObject","inLanguage":"en-GB","@id":"https:\/\/asociacionelhogardemika.org\/#\/schema\/logo\/image\/","url":"https:\/\/asociacionelhogardemika.org\/wp-content\/uploads\/2025\/06\/logo-el-hogar-de-mika.jpg","contentUrl":"https:\/\/asociacionelhogardemika.org\/wp-content\/uploads\/2025\/06\/logo-el-hogar-de-mika.jpg","width":1000,"height":1000,"caption":"El Hogar de Mika"},"image":{"@id":"https:\/\/asociacionelhogardemika.org\/#\/schema\/logo\/image\/"},"sameAs":["https:\/\/www.instagram.com\/elhogardemika\/","https:\/\/www.teaming.net\/elhogardemika","https:\/\/petshelter.miwuki.com\/p\/ARvXm1x3"]}]}},"_links":{"self":[{"href":"https:\/\/asociacionelhogardemika.org\/en\/wp-json\/wp\/v2\/pages\/96","targetHints":{"allow":["GET"]}}],"collection":[{"href":"https:\/\/asociacionelhogardemika.org\/en\/wp-json\/wp\/v2\/pages"}],"about":[{"href":"https:\/\/asociacionelhogardemika.org\/en\/wp-json\/wp\/v2\/types\/page"}],"author":[{"embeddable":true,"href":"https:\/\/asociacionelhogardemika.org\/en\/wp-json\/wp\/v2\/users\/1"}],"replies":[{"embeddable":true,"href":"https:\/\/asociacionelhogardemika.org\/en\/wp-json\/wp\/v2\/comments?post=96"}],"version-history":[{"count":13,"href":"https:\/\/asociacionelhogardemika.org\/en\/wp-json\/wp\/v2\/pages\/96\/revisions"}],"predecessor-version":[{"id":759,"href":"https:\/\/asociacionelhogardemika.org\/en\/wp-json\/wp\/v2\/pages\/96\/revisions\/759"}],"wp:featuredmedia":[{"embeddable":true,"href":"https:\/\/asociacionelhogardemika.org\/en\/wp-json\/wp\/v2\/media\/116"}],"wp:attachment":[{"href":"https:\/\/asociacionelhogardemika.org\/en\/wp-json\/wp\/v2\/media?parent=96"}],"curies":[{"name":"wp","href":"https:\/\/api.w.org\/{rel}","templated":true}]}}