{"id":94,"date":"2025-06-22T19:57:09","date_gmt":"2025-06-22T17:57:09","guid":{"rendered":"https:\/\/asociacionelhogardemika.org\/?page_id=94"},"modified":"2025-09-10T20:17:17","modified_gmt":"2025-09-10T18:17:17","slug":"casa-de-acogidas","status":"publish","type":"page","link":"https:\/\/asociacionelhogardemika.org\/en\/casa-de-acogidas\/","title":{"rendered":"Foster Home"},"content":{"rendered":"<div class=\"wp-block-group\"><div class=\"wp-block-group__inner-container is-layout-constrained wp-block-group-is-layout-constrained\">\n<h2 class=\"wp-block-heading\">What is a Foster Home?<\/h2>\n\n\n\n<p>A Foster Home is\u00a0<strong>a temporary place where stray or abandoned cats and dogs can live until they find a permanent home<\/strong>. These shelters are essential for the welfare of the animals, as they provide a safe and loving environment where they can be socialised and cared for.<\/p>\n\n\n\n<div style=\"height:30px\" aria-hidden=\"true\" class=\"wp-block-spacer\"><\/div>\n\n\n<div class=\"wp-block-image\">\n<figure class=\"aligncenter size-large is-resized\"><img loading=\"lazy\" decoding=\"async\" width=\"1024\" height=\"683\" src=\"https:\/\/asociacionelhogardemika.org\/wp-content\/uploads\/2025\/06\/erik-jan-leusink-QTe-MHNUrz4-unsplash-1024x683.jpg\" alt=\"Un hermoso felino durmiendo. Foto de Erik-Jan Leusink en Unsplash.\" class=\"wp-image-181\" style=\"width:700px\" srcset=\"https:\/\/asociacionelhogardemika.org\/wp-content\/uploads\/2025\/06\/erik-jan-leusink-QTe-MHNUrz4-unsplash-1024x683.jpg 1024w, https:\/\/asociacionelhogardemika.org\/wp-content\/uploads\/2025\/06\/erik-jan-leusink-QTe-MHNUrz4-unsplash-300x200.jpg 300w, https:\/\/asociacionelhogardemika.org\/wp-content\/uploads\/2025\/06\/erik-jan-leusink-QTe-MHNUrz4-unsplash-768x512.jpg 768w, https:\/\/asociacionelhogardemika.org\/wp-content\/uploads\/2025\/06\/erik-jan-leusink-QTe-MHNUrz4-unsplash-1536x1024.jpg 1536w, https:\/\/asociacionelhogardemika.org\/wp-content\/uploads\/2025\/06\/erik-jan-leusink-QTe-MHNUrz4-unsplash.jpg 1920w\" sizes=\"auto, (max-width: 1024px) 100vw, 1024px\" \/><figcaption class=\"wp-element-caption\"><em>A beautiful sleeping cat. Photo by Erik-Jan Leusink on Unsplash.<\/em><\/figcaption><\/figure><\/div>\n\n\n<div style=\"height:40px\" aria-hidden=\"true\" class=\"wp-block-spacer\"><\/div>\n\n\n\n<p>Volunteers who offer their homes as foster homes play a crucial role in the adoption process, helping cats and dogs regain trust in humans and preparing them for life in a home. In addition, foster homes allow rescue organisations to help more animals, as they free up space in shelters and rescue centres.<\/p>\n\n\n\n<div style=\"height:30px\" aria-hidden=\"true\" class=\"wp-block-spacer\"><\/div>\n\n\n<div class=\"wp-block-image\">\n<figure class=\"aligncenter size-full\"><img loading=\"lazy\" decoding=\"async\" width=\"640\" height=\"427\" src=\"https:\/\/asociacionelhogardemika.org\/wp-content\/uploads\/2025\/06\/chewy-1p7TrM0LkXc-unsplash.jpg\" alt=\"Perro pasando un buen momentos con sus cuidadores. Foto de Chewy en Unsplash.\" class=\"wp-image-186\" srcset=\"https:\/\/asociacionelhogardemika.org\/wp-content\/uploads\/2025\/06\/chewy-1p7TrM0LkXc-unsplash.jpg 640w, https:\/\/asociacionelhogardemika.org\/wp-content\/uploads\/2025\/06\/chewy-1p7TrM0LkXc-unsplash-300x200.jpg 300w\" sizes=\"auto, (max-width: 640px) 100vw, 640px\" \/><figcaption class=\"wp-element-caption\">Dog having a good time with his carers. Photo by Chewy on Unsplash.<\/figcaption><\/figure><\/div><\/div><\/div>\n\n\n\n<div style=\"height:40px\" aria-hidden=\"true\" class=\"wp-block-spacer\"><\/div>\n\n\n\n<div class=\"wp-block-group\"><div class=\"wp-block-group__inner-container is-layout-constrained wp-block-group-is-layout-constrained\">\n<h2 class=\"wp-block-heading\">Would you like to be a Foster Home?<\/h2>\n\n\n\n<p>As a shelter, you would greatly help us to continue helping dogs and cats, while also changing lives. With your help, these abandoned animals will experience life in a home and will adapt more easily when adopted. A sociable pet is the key to successful adoptions.<\/p>\n\n\n\n<p>If you are interested, you can fill out the form below, or if you prefer, you can write to us at&nbsp;<strong>elhogardemika.asociacion@gmail.com<\/strong>.<\/p>\n\n\n\n<div style=\"height:40px\" aria-hidden=\"true\" class=\"wp-block-spacer\"><\/div>\n\n\n\n<div class=\"wpcf7 no-js\" id=\"wpcf7-f193-o1\" lang=\"es-ES\" dir=\"ltr\" data-wpcf7-id=\"193\">\n<div class=\"screen-reader-response\"><p role=\"status\" aria-live=\"polite\" aria-atomic=\"true\"><\/p> <ul><\/ul><\/div>\n<form action=\"\/en\/wp-json\/wp\/v2\/pages\/94#wpcf7-f193-o1\" method=\"post\" class=\"wpcf7-form init row g-3\" aria-label=\"Formulario de contacto\" novalidate=\"novalidate\" data-status=\"init\" data-trp-original-action=\"\/en\/wp-json\/wp\/v2\/pages\/94#wpcf7-f193-o1\">\n<fieldset class=\"hidden-fields-container\"><input type=\"hidden\" name=\"_wpcf7\" value=\"193\" \/><input type=\"hidden\" name=\"_wpcf7_version\" value=\"6.1.3\" \/><input type=\"hidden\" name=\"_wpcf7_locale\" value=\"es_ES\" \/><input type=\"hidden\" name=\"_wpcf7_unit_tag\" value=\"wpcf7-f193-o1\" \/><input type=\"hidden\" name=\"_wpcf7_container_post\" value=\"0\" \/><input type=\"hidden\" name=\"_wpcf7_posted_data_hash\" value=\"\" \/>\n<\/fieldset>\n<div class=\"col-md-6\">\n\t<p><label class=\"mb-2 fw-medium\"> Name<\/label><br \/>\n<span class=\"wpcf7-form-control-wrap\" data-name=\"your-name\"><input size=\"40\" maxlength=\"400\" class=\"wpcf7-form-control wpcf7-text wpcf7-validates-as-required form-control fst-italic small\" autocomplete=\"name\" aria-required=\"true\" aria-invalid=\"false\" placeholder=\"Enter your name *\" value=\"\" type=\"text\" name=\"your-name\" \/><\/span>\n\t<\/p>\n<\/div>\n<div class=\"col-md-6\">\n\t<p><label class=\"mb-2 fw-medium\"> Surnames<\/label><br \/>\n<span class=\"wpcf7-form-control-wrap\" data-name=\"your-surname\"><input size=\"40\" maxlength=\"400\" class=\"wpcf7-form-control wpcf7-text wpcf7-validates-as-required form-control fst-italic small\" autocomplete=\"name\" aria-required=\"true\" aria-invalid=\"false\" placeholder=\"Enter your surname *\" value=\"\" type=\"text\" name=\"your-surname\" \/><\/span>\n\t<\/p>\n<\/div>\n<div class=\"col-12\">\n\t<p><label class=\"mb-2 fw-medium\"> Email<\/label><br \/>\n<span class=\"wpcf7-form-control-wrap\" data-name=\"your-email\"><input size=\"40\" maxlength=\"400\" class=\"wpcf7-form-control wpcf7-email wpcf7-validates-as-required wpcf7-text wpcf7-validates-as-email form-control fst-italic small\" autocomplete=\"email\" aria-required=\"true\" aria-invalid=\"false\" placeholder=\"Enter your email *\" value=\"\" type=\"email\" name=\"your-email\" \/><\/span>\n\t<\/p>\n<\/div>\n<div class=\"col-md-6\">\n\t<p><label class=\"mb-2 fw-medium\"> Phone <\/label><br \/>\n<span class=\"wpcf7-form-control-wrap\" data-name=\"voluntario-tel\"><input size=\"40\" maxlength=\"400\" class=\"wpcf7-form-control wpcf7-tel wpcf7-validates-as-required wpcf7-text wpcf7-validates-as-tel form-control fst-italic small\" aria-required=\"true\" aria-invalid=\"false\" placeholder=\"Enter your phone number *\" value=\"\" type=\"tel\" name=\"voluntario-tel\" \/><\/span>\n\t<\/p>\n<\/div>\n<div class=\"col-md-6\">\n\t<p><label class=\"mb-2 fw-medium\"> Date of Birth <\/label><br \/>\n<span class=\"wpcf7-form-control-wrap\" data-name=\"FechadeNacimiento\"><input class=\"wpcf7-form-control wpcf7-date wpcf7-validates-as-required wpcf7-validates-as-date form-control\" aria-required=\"true\" aria-invalid=\"false\" value=\"\" type=\"date\" name=\"FechadeNacimiento\" \/><\/span>\n\t<\/p>\n<\/div>\n<div class=\"col-md-6\">\n\t<p><label class=\"mb-2 fw-medium\"> Select type of housing <\/label><br \/>\n<span class=\"wpcf7-form-control-wrap\" data-name=\"TipodeVivienda\"><select class=\"wpcf7-form-control wpcf7-select wpcf7-validates-as-required form-select\" aria-required=\"true\" aria-invalid=\"false\" name=\"TipodeVivienda\"><option value=\"\">&#8212;Por favor, elige una opci\u00f3n&#8212;<\/option><option value=\"Piso\">Flat<\/option><option value=\"Casa\">House<\/option><option value=\"\u00c1tico\">Penthouse<\/option><option value=\"Estudio\">Studio flat<\/option><option value=\"Chalet\">Detached house<\/option><\/select><\/span>\n\t<\/p>\n<\/div>\n<div class=\"col-md-6\">\n\t<p><label class=\"mb-2 fw-medium\"> Please select number of rooms <\/label><br \/>\n<span class=\"wpcf7-form-control-wrap\" data-name=\"NumerodeHabitaciones\"><select class=\"wpcf7-form-control wpcf7-select wpcf7-validates-as-required form-select\" aria-required=\"true\" aria-invalid=\"false\" name=\"NumerodeHabitaciones\"><option value=\"\">&#8212;Por favor, elige una opci\u00f3n&#8212;<\/option><option value=\"1\">1<\/option><option value=\"2\">2<\/option><option value=\"3\">3<\/option><option value=\"4\">4<\/option><option value=\"5 o m\u00e1s\">5 or more<\/option><\/select><\/span>\n\t<\/p>\n<\/div>\n<div class=\"col-12\">\n\t<p><label class=\"mb-2 fw-medium\"> Write to us telling us your reasons for becoming a foster home. <\/label><br \/>\n<span class=\"wpcf7-form-control-wrap\" data-name=\"your-message\"><textarea cols=\"40\" rows=\"10\" maxlength=\"2000\" class=\"wpcf7-form-control wpcf7-textarea wpcf7-validates-as-required form-control fst-italic small\" aria-required=\"true\" aria-invalid=\"false\" placeholder=\"Enter your message here *\" name=\"your-message\"><\/textarea><\/span>\n\t<\/p>\n<\/div>\n<div class=\"form-check\">\n\t<p><label class=\"mb-2 fw-medium\"> Does your home have window protection? <\/label><br \/>\n<span class=\"wpcf7-form-control-wrap\" data-name=\"proteccionenventanas\"><span class=\"wpcf7-form-control wpcf7-checkbox wpcf7-exclusive-checkbox\"><span class=\"wpcf7-list-item first\"><label><input type=\"checkbox\" name=\"proteccionenventanas\" value=\"Si\" \/><span class=\"wpcf7-list-item-label\">Yes<\/span><\/label><\/span><span class=\"wpcf7-list-item last\"><label><input type=\"checkbox\" name=\"proteccionenventanas\" value=\"No\" \/><span class=\"wpcf7-list-item-label\">No<\/span><\/label><\/span><\/span><\/span>\n\t<\/p>\n<\/div>\n<div class=\"col-12 fw-medium\">\n\t<p><input class=\"wpcf7-form-control wpcf7-submit has-spinner btn btn-primary text-uppercase\" type=\"submit\" value=\"Send Request\" \/>\n\t<\/p>\n<\/div><div class=\"wpcf7-response-output\" aria-hidden=\"true\"><\/div>\n<input type=\"hidden\" name=\"trp-form-language\" value=\"en\"\/><\/form>\n<\/div>\n\n<\/div><\/div>","protected":false},"excerpt":{"rendered":"<p>Convi\u00e9rtete en casa de acogida y s\u00e9 la salvaci\u00f3n de un peludito. Ser casa de acogida es un acto de amor, ya que entrega una segunda oportunidad a perros y gatos para ser amados, d\u00e1ndoles la oportunidad de conocer el calor de un hogar mientras ellos esperan a ser adoptados.<\/p>","protected":false},"author":1,"featured_media":176,"parent":0,"menu_order":0,"comment_status":"closed","ping_status":"closed","template":"","meta":{"_acf_changed":false,"footnotes":""},"class_list":["post-94","page","type-page","status-publish","has-post-thumbnail","hentry"],"acf":[],"yoast_head":"<!-- This site is optimized with the Yoast SEO plugin v26.4 - https:\/\/yoast.com\/wordpress\/plugins\/seo\/ -->\n<title>Casa de Acogidas - El Hogar de Mika<\/title>\n<meta name=\"description\" content=\"Convi\u00e9rtete en casa de acogidas y s\u00e9 la salvaci\u00f3n de un peludito, con este acto de amor, estar\u00e1s dando una segunda oportunidad a ellos.\" \/>\n<meta name=\"robots\" content=\"index, follow, max-snippet:-1, max-image-preview:large, max-video-preview:-1\" \/>\n<link rel=\"canonical\" href=\"https:\/\/asociacionelhogardemika.org\/en\/casa-de-acogidas\/\" \/>\n<meta property=\"og:locale\" content=\"en_GB\" \/>\n<meta property=\"og:type\" content=\"article\" \/>\n<meta property=\"og:title\" content=\"Casa de Acogidas - El Hogar de Mika\" \/>\n<meta property=\"og:description\" content=\"Convi\u00e9rtete en casa de acogidas y s\u00e9 la salvaci\u00f3n de un peludito, con este acto de amor, estar\u00e1s dando una segunda oportunidad a ellos.\" \/>\n<meta property=\"og:url\" content=\"https:\/\/asociacionelhogardemika.org\/en\/casa-de-acogidas\/\" \/>\n<meta property=\"og:site_name\" content=\"El Hogar de Mika\" \/>\n<meta property=\"article:modified_time\" content=\"2025-09-10T18:17:17+00:00\" \/>\n<meta property=\"og:image\" content=\"https:\/\/asociacionelhogardemika.org\/wp-content\/uploads\/2025\/06\/paige-cody-3MTWqcVqjeE-unsplash.jpg\" \/>\n\t<meta property=\"og:image:width\" content=\"1600\" \/>\n\t<meta property=\"og:image:height\" content=\"1600\" \/>\n\t<meta property=\"og:image:type\" content=\"image\/jpeg\" \/>\n<meta name=\"twitter:card\" content=\"summary_large_image\" \/>\n<meta name=\"twitter:label1\" content=\"Estimated reading time\" \/>\n\t<meta name=\"twitter:data1\" content=\"2 minutes\" \/>\n<script type=\"application\/ld+json\" class=\"yoast-schema-graph\">{\"@context\":\"https:\/\/schema.org\",\"@graph\":[{\"@type\":\"WebPage\",\"@id\":\"https:\/\/asociacionelhogardemika.org\/casa-de-acogidas\/\",\"url\":\"https:\/\/asociacionelhogardemika.org\/casa-de-acogidas\/\",\"name\":\"Casa de Acogidas - El Hogar de Mika\",\"isPartOf\":{\"@id\":\"https:\/\/asociacionelhogardemika.org\/#website\"},\"primaryImageOfPage\":{\"@id\":\"https:\/\/asociacionelhogardemika.org\/casa-de-acogidas\/#primaryimage\"},\"image\":{\"@id\":\"https:\/\/asociacionelhogardemika.org\/casa-de-acogidas\/#primaryimage\"},\"thumbnailUrl\":\"https:\/\/asociacionelhogardemika.org\/wp-content\/uploads\/2025\/06\/paige-cody-3MTWqcVqjeE-unsplash.jpg\",\"datePublished\":\"2025-06-22T17:57:09+00:00\",\"dateModified\":\"2025-09-10T18:17:17+00:00\",\"description\":\"Convi\u00e9rtete en casa de acogidas y s\u00e9 la salvaci\u00f3n de un peludito, con este acto de amor, estar\u00e1s dando una segunda oportunidad a ellos.\",\"breadcrumb\":{\"@id\":\"https:\/\/asociacionelhogardemika.org\/casa-de-acogidas\/#breadcrumb\"},\"inLanguage\":\"en-GB\",\"potentialAction\":[{\"@type\":\"ReadAction\",\"target\":[\"https:\/\/asociacionelhogardemika.org\/casa-de-acogidas\/\"]}]},{\"@type\":\"ImageObject\",\"inLanguage\":\"en-GB\",\"@id\":\"https:\/\/asociacionelhogardemika.org\/casa-de-acogidas\/#primaryimage\",\"url\":\"https:\/\/asociacionelhogardemika.org\/wp-content\/uploads\/2025\/06\/paige-cody-3MTWqcVqjeE-unsplash.jpg\",\"contentUrl\":\"https:\/\/asociacionelhogardemika.org\/wp-content\/uploads\/2025\/06\/paige-cody-3MTWqcVqjeE-unsplash.jpg\",\"width\":1600,\"height\":1600,\"caption\":\"Convi\u00e9rtete en casa de acogida, y dale una segunda oportunidad a un gato o perro. Foto de Paige Cody en Unsplash.\"},{\"@type\":\"BreadcrumbList\",\"@id\":\"https:\/\/asociacionelhogardemika.org\/casa-de-acogidas\/#breadcrumb\",\"itemListElement\":[{\"@type\":\"ListItem\",\"position\":1,\"name\":\"Portada\",\"item\":\"https:\/\/asociacionelhogardemika.org\/\"},{\"@type\":\"ListItem\",\"position\":2,\"name\":\"Casa de Acogidas\"}]},{\"@type\":\"WebSite\",\"@id\":\"https:\/\/asociacionelhogardemika.org\/#website\",\"url\":\"https:\/\/asociacionelhogardemika.org\/\",\"name\":\"El Hogar de Mika\",\"description\":\"Asociaci\u00f3n de bienestar animal\",\"publisher\":{\"@id\":\"https:\/\/asociacionelhogardemika.org\/#organization\"},\"alternateName\":\"Asociaci\u00f3n El hogar de Mika\",\"potentialAction\":[{\"@type\":\"SearchAction\",\"target\":{\"@type\":\"EntryPoint\",\"urlTemplate\":\"https:\/\/asociacionelhogardemika.org\/?s={search_term_string}\"},\"query-input\":{\"@type\":\"PropertyValueSpecification\",\"valueRequired\":true,\"valueName\":\"search_term_string\"}}],\"inLanguage\":\"en-GB\"},{\"@type\":\"Organization\",\"@id\":\"https:\/\/asociacionelhogardemika.org\/#organization\",\"name\":\"El Hogar de Mika\",\"alternateName\":\"Asociaci\u00f3n El Hogar de Mika\",\"url\":\"https:\/\/asociacionelhogardemika.org\/\",\"logo\":{\"@type\":\"ImageObject\",\"inLanguage\":\"en-GB\",\"@id\":\"https:\/\/asociacionelhogardemika.org\/#\/schema\/logo\/image\/\",\"url\":\"https:\/\/asociacionelhogardemika.org\/wp-content\/uploads\/2025\/06\/logo-el-hogar-de-mika.jpg\",\"contentUrl\":\"https:\/\/asociacionelhogardemika.org\/wp-content\/uploads\/2025\/06\/logo-el-hogar-de-mika.jpg\",\"width\":1000,\"height\":1000,\"caption\":\"El Hogar de Mika\"},\"image\":{\"@id\":\"https:\/\/asociacionelhogardemika.org\/#\/schema\/logo\/image\/\"},\"sameAs\":[\"https:\/\/www.instagram.com\/elhogardemika\/\",\"https:\/\/www.teaming.net\/elhogardemika\",\"https:\/\/petshelter.miwuki.com\/p\/ARvXm1x3\"]}]}<\/script>\n<!-- \/ Yoast SEO plugin. -->","yoast_head_json":{"title":"Casa de Acogidas - El Hogar de Mika","description":"Convi\u00e9rtete en casa de acogidas y s\u00e9 la salvaci\u00f3n de un peludito, con este acto de amor, estar\u00e1s dando una segunda oportunidad a ellos.","robots":{"index":"index","follow":"follow","max-snippet":"max-snippet:-1","max-image-preview":"max-image-preview:large","max-video-preview":"max-video-preview:-1"},"canonical":"https:\/\/asociacionelhogardemika.org\/en\/casa-de-acogidas\/","og_locale":"en_GB","og_type":"article","og_title":"Casa de Acogidas - El Hogar de Mika","og_description":"Convi\u00e9rtete en casa de acogidas y s\u00e9 la salvaci\u00f3n de un peludito, con este acto de amor, estar\u00e1s dando una segunda oportunidad a ellos.","og_url":"https:\/\/asociacionelhogardemika.org\/en\/casa-de-acogidas\/","og_site_name":"El Hogar de Mika","article_modified_time":"2025-09-10T18:17:17+00:00","og_image":[{"width":1600,"height":1600,"url":"https:\/\/asociacionelhogardemika.org\/wp-content\/uploads\/2025\/06\/paige-cody-3MTWqcVqjeE-unsplash.jpg","type":"image\/jpeg"}],"twitter_card":"summary_large_image","twitter_misc":{"Estimated reading time":"2 minutes"},"schema":{"@context":"https:\/\/schema.org","@graph":[{"@type":"WebPage","@id":"https:\/\/asociacionelhogardemika.org\/casa-de-acogidas\/","url":"https:\/\/asociacionelhogardemika.org\/casa-de-acogidas\/","name":"Casa de Acogidas - El Hogar de Mika","isPartOf":{"@id":"https:\/\/asociacionelhogardemika.org\/#website"},"primaryImageOfPage":{"@id":"https:\/\/asociacionelhogardemika.org\/casa-de-acogidas\/#primaryimage"},"image":{"@id":"https:\/\/asociacionelhogardemika.org\/casa-de-acogidas\/#primaryimage"},"thumbnailUrl":"https:\/\/asociacionelhogardemika.org\/wp-content\/uploads\/2025\/06\/paige-cody-3MTWqcVqjeE-unsplash.jpg","datePublished":"2025-06-22T17:57:09+00:00","dateModified":"2025-09-10T18:17:17+00:00","description":"Convi\u00e9rtete en casa de acogidas y s\u00e9 la salvaci\u00f3n de un peludito, con este acto de amor, estar\u00e1s dando una segunda oportunidad a ellos.","breadcrumb":{"@id":"https:\/\/asociacionelhogardemika.org\/casa-de-acogidas\/#breadcrumb"},"inLanguage":"en-GB","potentialAction":[{"@type":"ReadAction","target":["https:\/\/asociacionelhogardemika.org\/casa-de-acogidas\/"]}]},{"@type":"ImageObject","inLanguage":"en-GB","@id":"https:\/\/asociacionelhogardemika.org\/casa-de-acogidas\/#primaryimage","url":"https:\/\/asociacionelhogardemika.org\/wp-content\/uploads\/2025\/06\/paige-cody-3MTWqcVqjeE-unsplash.jpg","contentUrl":"https:\/\/asociacionelhogardemika.org\/wp-content\/uploads\/2025\/06\/paige-cody-3MTWqcVqjeE-unsplash.jpg","width":1600,"height":1600,"caption":"Convi\u00e9rtete en casa de acogida, y dale una segunda oportunidad a un gato o perro. Foto de Paige Cody en Unsplash."},{"@type":"BreadcrumbList","@id":"https:\/\/asociacionelhogardemika.org\/casa-de-acogidas\/#breadcrumb","itemListElement":[{"@type":"ListItem","position":1,"name":"Portada","item":"https:\/\/asociacionelhogardemika.org\/"},{"@type":"ListItem","position":2,"name":"Casa de Acogidas"}]},{"@type":"WebSite","@id":"https:\/\/asociacionelhogardemika.org\/#website","url":"https:\/\/asociacionelhogardemika.org\/","name":"El Hogar de Mika","description":"Asociaci\u00f3n de bienestar animal","publisher":{"@id":"https:\/\/asociacionelhogardemika.org\/#organization"},"alternateName":"Asociaci\u00f3n El hogar de Mika","potentialAction":[{"@type":"SearchAction","target":{"@type":"EntryPoint","urlTemplate":"https:\/\/asociacionelhogardemika.org\/?s={search_term_string}"},"query-input":{"@type":"PropertyValueSpecification","valueRequired":true,"valueName":"search_term_string"}}],"inLanguage":"en-GB"},{"@type":"Organization","@id":"https:\/\/asociacionelhogardemika.org\/#organization","name":"El Hogar de Mika","alternateName":"Asociaci\u00f3n El Hogar de Mika","url":"https:\/\/asociacionelhogardemika.org\/","logo":{"@type":"ImageObject","inLanguage":"en-GB","@id":"https:\/\/asociacionelhogardemika.org\/#\/schema\/logo\/image\/","url":"https:\/\/asociacionelhogardemika.org\/wp-content\/uploads\/2025\/06\/logo-el-hogar-de-mika.jpg","contentUrl":"https:\/\/asociacionelhogardemika.org\/wp-content\/uploads\/2025\/06\/logo-el-hogar-de-mika.jpg","width":1000,"height":1000,"caption":"El Hogar de Mika"},"image":{"@id":"https:\/\/asociacionelhogardemika.org\/#\/schema\/logo\/image\/"},"sameAs":["https:\/\/www.instagram.com\/elhogardemika\/","https:\/\/www.teaming.net\/elhogardemika","https:\/\/petshelter.miwuki.com\/p\/ARvXm1x3"]}]}},"_links":{"self":[{"href":"https:\/\/asociacionelhogardemika.org\/en\/wp-json\/wp\/v2\/pages\/94","targetHints":{"allow":["GET"]}}],"collection":[{"href":"https:\/\/asociacionelhogardemika.org\/en\/wp-json\/wp\/v2\/pages"}],"about":[{"href":"https:\/\/asociacionelhogardemika.org\/en\/wp-json\/wp\/v2\/types\/page"}],"author":[{"embeddable":true,"href":"https:\/\/asociacionelhogardemika.org\/en\/wp-json\/wp\/v2\/users\/1"}],"replies":[{"embeddable":true,"href":"https:\/\/asociacionelhogardemika.org\/en\/wp-json\/wp\/v2\/comments?post=94"}],"version-history":[{"count":14,"href":"https:\/\/asociacionelhogardemika.org\/en\/wp-json\/wp\/v2\/pages\/94\/revisions"}],"predecessor-version":[{"id":758,"href":"https:\/\/asociacionelhogardemika.org\/en\/wp-json\/wp\/v2\/pages\/94\/revisions\/758"}],"wp:featuredmedia":[{"embeddable":true,"href":"https:\/\/asociacionelhogardemika.org\/en\/wp-json\/wp\/v2\/media\/176"}],"wp:attachment":[{"href":"https:\/\/asociacionelhogardemika.org\/en\/wp-json\/wp\/v2\/media?parent=94"}],"curies":[{"name":"wp","href":"https:\/\/api.w.org\/{rel}","templated":true}]}}