{"id":7,"date":"2025-06-21T22:29:58","date_gmt":"2025-06-21T20:29:58","guid":{"rendered":"https:\/\/asociacionelhogardemika.org\/?page_id=7"},"modified":"2025-11-19T23:04:01","modified_gmt":"2025-11-19T22:04:01","slug":"inicio","status":"publish","type":"page","link":"https:\/\/asociacionelhogardemika.org\/en\/","title":{"rendered":"Home"},"content":{"rendered":"<section class=\"wp-block-group animate-me-right\"><div class=\"wp-block-group__inner-container is-layout-constrained wp-block-group-is-layout-constrained\">\n<div style=\"height:60px\" aria-hidden=\"true\" class=\"wp-block-spacer\"><\/div>\n\n\n\n<div class=\"wp-block-group col-md-8 col-sm-12 mx-auto mb-3\"><div class=\"wp-block-group__inner-container is-layout-constrained wp-block-group-is-layout-constrained\">\n<h2 class=\"wp-block-heading has-text-align-center display-4\">Learn more about us<\/h2>\n\n\n\n<div style=\"height:40px\" aria-hidden=\"true\" class=\"wp-block-spacer\"><\/div>\n\n\n\n<p class=\"has-text-align-center fs-4\">Our Association does admirable work managing and protecting the street children in our community, engaging in various activities with the aim of ensuring their well-being. The following activities are particularly noteworthy: <\/p>\n\n\n\n<div style=\"height:40px\" aria-hidden=\"true\" class=\"wp-block-spacer\"><\/div>\n<\/div><\/div>\n\n\n\r\n    <div class=\"intro-activities row shadow\">\r\n        <article class=\"col-lg-3 col-sm-6 d-flex flex-column justify-content-center\">\r\n            <i class=\"fa-solid fa-hand-holding-heart\"><\/i>\r\n            <p class=\"text-center\">Volunteering<\/p>\r\n        <\/article>\r\n        <article class=\"col-lg-3 col-sm-6 d-flex flex-column justify-content-center\">\r\n            <i class=\"fa-brands fa-gratipay\"><\/i>\r\n            <p class=\"text-center\">Shelter for Dogs and Cats<\/p>\r\n        <\/article>\r\n        <article class=\"col-lg-3 col-sm-6 d-flex flex-column justify-content-center\">\r\n            <i class=\"fa-solid fa-bone\"><\/i>\r\n            <p class=\"text-center\">Food Collection<\/p>\r\n        <\/article>\r\n        <article class=\"col-lg-3 col-sm-6 d-flex flex-column justify-content-center\">\r\n            <i class=\"fa-solid fa-paw\"><\/i>\r\n            <p class=\"text-center\">Neutering and colony control<\/p>\r\n        <\/article>\r\n    <\/div>\r\n\r\n\n\n\n\n<div style=\"height:50px\" aria-hidden=\"true\" class=\"wp-block-spacer\"><\/div>\n\n\n\n<div class=\"wp-block-group mt-5 mb-5\"><div class=\"wp-block-group__inner-container is-layout-constrained wp-block-group-is-layout-constrained\">\n<p class=\"has-text-align-center front-page-btn\"><a href=\"\/en\/quienes-somos\/\" data-type=\"page\" data-id=\"96\">Learn More<\/a><\/p>\n<\/div><\/div>\n<\/div><\/section>\n\n\n\n<section class=\"wp-block-group animate-me-up\"><div class=\"wp-block-group__inner-container is-layout-constrained wp-block-group-is-layout-constrained\">\n<div style=\"height:80px\" aria-hidden=\"true\" class=\"wp-block-spacer\"><\/div>\n\n\n\n<div class=\"wp-block-group col-md-8 col-sm-12 mx-auto mb-3\"><div class=\"wp-block-group__inner-container is-layout-constrained wp-block-group-is-layout-constrained\">\n<h2 class=\"wp-block-heading has-text-align-center display-4\">Would you like to adopt one of our furry friends?<\/h2>\n\n\n\n<div style=\"height:40px\" aria-hidden=\"true\" class=\"wp-block-spacer\"><\/div>\n\n\n\n<p class=\"has-text-align-center fs-4\">At <strong>El Hogar de Mika<\/strong>, we have a range of our beloved furry friends, who are so cute and friendly, each with their own personality and a heart full of love to give. <strong>Would you like to meet them and make one part of your family?<\/strong><\/p>\n\n\n\n<div style=\"height:40px\" aria-hidden=\"true\" class=\"wp-block-spacer\"><\/div>\n<\/div><\/div>\n<\/div><\/section>\n\n\n\n<div class=\"wp-block-columns img-zoom is-layout-flex wp-container-core-columns-is-layout-9d6595d7 wp-block-columns-is-layout-flex\">\n<div class=\"wp-block-column animate-me-right is-layout-flow wp-block-column-is-layout-flow\">\n<h3 class=\"wp-block-heading has-text-align-center fs-1 text-primary mb-4\">Dogs<\/h3>\n\n\n<div class=\"wp-block-image\">\n<figure class=\"aligncenter size-full\"><a href=\"\/en\/perros-en-adopcion\/\"><img loading=\"lazy\" decoding=\"async\" width=\"500\" height=\"500\" src=\"https:\/\/asociacionelhogardemika.org\/wp-content\/uploads\/2025\/07\/adopta-un-perro.jpg\" alt=\"Adopta un hermoso perro\" class=\"wp-image-520\" srcset=\"https:\/\/asociacionelhogardemika.org\/wp-content\/uploads\/2025\/07\/adopta-un-perro.jpg 500w, https:\/\/asociacionelhogardemika.org\/wp-content\/uploads\/2025\/07\/adopta-un-perro-300x300.jpg 300w, https:\/\/asociacionelhogardemika.org\/wp-content\/uploads\/2025\/07\/adopta-un-perro-150x150.jpg 150w\" sizes=\"auto, (max-width: 500px) 100vw, 500px\" \/><\/a><\/figure><\/div>\n\n\n<div class=\"wp-block-group mt-5 mb-5\"><div class=\"wp-block-group__inner-container is-layout-constrained wp-block-group-is-layout-constrained\">\n<p class=\"has-text-align-center front-page-btn\"><a href=\"\/en\/perros-en-adopcion\/\" data-type=\"page\" data-id=\"446\">I want to adopt<\/a><\/p>\n<\/div><\/div>\n<\/div>\n\n\n\n<div class=\"wp-block-column animate-me-left is-layout-flow wp-block-column-is-layout-flow\">\n<h3 class=\"wp-block-heading has-text-align-center fs-1 text-primary mb-4\">Cats<\/h3>\n\n\n<div class=\"wp-block-image\">\n<figure class=\"aligncenter size-full\"><a href=\"\/en\/gatos-en-adopcion\/\"><img loading=\"lazy\" decoding=\"async\" width=\"500\" height=\"500\" src=\"https:\/\/asociacionelhogardemika.org\/wp-content\/uploads\/2025\/07\/adopta-un-gato-1.jpg\" alt=\"Adopta un hermoso gato\" class=\"wp-image-567\" srcset=\"https:\/\/asociacionelhogardemika.org\/wp-content\/uploads\/2025\/07\/adopta-un-gato-1.jpg 500w, https:\/\/asociacionelhogardemika.org\/wp-content\/uploads\/2025\/07\/adopta-un-gato-1-300x300.jpg 300w, https:\/\/asociacionelhogardemika.org\/wp-content\/uploads\/2025\/07\/adopta-un-gato-1-150x150.jpg 150w\" sizes=\"auto, (max-width: 500px) 100vw, 500px\" \/><\/a><\/figure><\/div>\n\n\n<div class=\"wp-block-group mt-5 mb-5\"><div class=\"wp-block-group__inner-container is-layout-constrained wp-block-group-is-layout-constrained\">\n<p class=\"has-text-align-center front-page-btn\"><a href=\"\/en\/gatos-en-adopcion\/\" data-type=\"page\" data-id=\"424\">I want to adopt<\/a><\/p>\n<\/div><\/div>\n<\/div>\n<\/div>\n\n\n\n<section class=\"wp-block-group animate-me-up\"><div class=\"wp-block-group__inner-container is-layout-constrained wp-block-group-is-layout-constrained\">\n<div style=\"height:60px\" aria-hidden=\"true\" class=\"wp-block-spacer\"><\/div>\n\n\n\n<div class=\"wp-block-group col-md-8 col-sm-12 mx-auto mb-3\"><div class=\"wp-block-group__inner-container is-layout-constrained wp-block-group-is-layout-constrained\">\n<h2 class=\"wp-block-heading has-text-align-center display-4\">Would you like to help us?<\/h2>\n\n\n\n<div style=\"height:40px\" aria-hidden=\"true\" class=\"wp-block-spacer\"><\/div>\n\n\n\n<p class=\"has-text-align-center fs-4\">There are many ways to support us and do your bit for this noble cause. We are counting on you to help us move forward and continue helping our beloved furry friends.<\/p>\n\n\n\n<div style=\"height:40px\" aria-hidden=\"true\" class=\"wp-block-spacer\"><\/div>\n<\/div><\/div>\n<\/div><\/section>\n\n\n\n<div class=\"wp-block-columns img-zoom is-layout-flex wp-container-core-columns-is-layout-9d6595d7 wp-block-columns-is-layout-flex\">\n<div class=\"wp-block-column animate-me-right is-layout-flow wp-block-column-is-layout-flow\">\n<h3 class=\"wp-block-heading has-text-align-center fs-1 text-primary mb-4\">Volunteering<\/h3>\n\n\n<div class=\"wp-block-image\">\n<figure class=\"aligncenter size-full\"><a href=\"\/en\/voluntariados\/\"><img loading=\"lazy\" decoding=\"async\" width=\"500\" height=\"500\" src=\"https:\/\/asociacionelhogardemika.org\/wp-content\/uploads\/2025\/07\/hans-reniers-ie4e45nQLVw-unsplash-voluntariado.jpg\" alt=\"\" class=\"wp-image-549\" srcset=\"https:\/\/asociacionelhogardemika.org\/wp-content\/uploads\/2025\/07\/hans-reniers-ie4e45nQLVw-unsplash-voluntariado.jpg 500w, https:\/\/asociacionelhogardemika.org\/wp-content\/uploads\/2025\/07\/hans-reniers-ie4e45nQLVw-unsplash-voluntariado-300x300.jpg 300w, https:\/\/asociacionelhogardemika.org\/wp-content\/uploads\/2025\/07\/hans-reniers-ie4e45nQLVw-unsplash-voluntariado-150x150.jpg 150w\" sizes=\"auto, (max-width: 500px) 100vw, 500px\" \/><\/a><\/figure><\/div>\n\n\n<p class=\"has-text-align-center mt-3 fs-5\"><em>Help our beloved furry friends by donating a little of your time.<\/em><\/p>\n\n\n\n<div class=\"wp-block-group mt-5 mb-5\"><div class=\"wp-block-group__inner-container is-layout-constrained wp-block-group-is-layout-constrained\">\n<p class=\"has-text-align-center front-page-btn\"><a href=\"\/en\/voluntariados\/\" data-type=\"page\" data-id=\"31\">I want to help<\/a><\/p>\n<\/div><\/div>\n<\/div>\n\n\n\n<div class=\"wp-block-column animate-me-left is-layout-flow wp-block-column-is-layout-flow\">\n<h3 class=\"wp-block-heading has-text-align-center fs-1 text-primary mb-4\">Shelters<\/h3>\n\n\n<div class=\"wp-block-image\">\n<figure class=\"aligncenter size-full\"><a href=\"\/en\/casa-de-acogidas\/\"><img loading=\"lazy\" decoding=\"async\" width=\"500\" height=\"500\" src=\"https:\/\/asociacionelhogardemika.org\/wp-content\/uploads\/2025\/07\/yerlin-matu-GtwiBmtJvaU-unsplash-acogidas.jpg\" alt=\"\" class=\"wp-image-551\" srcset=\"https:\/\/asociacionelhogardemika.org\/wp-content\/uploads\/2025\/07\/yerlin-matu-GtwiBmtJvaU-unsplash-acogidas.jpg 500w, https:\/\/asociacionelhogardemika.org\/wp-content\/uploads\/2025\/07\/yerlin-matu-GtwiBmtJvaU-unsplash-acogidas-300x300.jpg 300w, https:\/\/asociacionelhogardemika.org\/wp-content\/uploads\/2025\/07\/yerlin-matu-GtwiBmtJvaU-unsplash-acogidas-150x150.jpg 150w\" sizes=\"auto, (max-width: 500px) 100vw, 500px\" \/><\/a><\/figure><\/div>\n\n\n<p class=\"has-text-align-center mt-3 fs-5\"><em>Help our beloved furry friends and be their saviour by becoming a foster home.<\/em><\/p>\n\n\n\n<div class=\"wp-block-group mt-5 mb-5\"><div class=\"wp-block-group__inner-container is-layout-constrained wp-block-group-is-layout-constrained\">\n<p class=\"has-text-align-center front-page-btn\"><a href=\"\/en\/casa-de-acogidas\/\" data-type=\"page\" data-id=\"94\">I want to help<\/a><\/p>\n<\/div><\/div>\n<\/div>\n<\/div>\n\n\n\n<div class=\"wp-block-columns img-zoom is-layout-flex wp-container-core-columns-is-layout-9d6595d7 wp-block-columns-is-layout-flex\">\n<div class=\"wp-block-column animate-me-right is-layout-flow wp-block-column-is-layout-flow\">\n<h3 class=\"wp-block-heading has-text-align-center fs-1 text-primary mb-4\">Campaigns and Fundraising<\/h3>\n\n\n<div class=\"wp-block-image\">\n<figure class=\"aligncenter size-full\"><a href=\"\/en\/campanas-y-recaudacion\/\"><img loading=\"lazy\" decoding=\"async\" width=\"500\" height=\"500\" src=\"https:\/\/asociacionelhogardemika.org\/wp-content\/uploads\/2025\/07\/campanas-y-recaudacion.jpg\" alt=\"Ay\u00fadanos a trav\u00e9s de Teaming o en otra campa\u00f1a de recaudaci\u00f3n\" class=\"wp-image-570\" srcset=\"https:\/\/asociacionelhogardemika.org\/wp-content\/uploads\/2025\/07\/campanas-y-recaudacion.jpg 500w, https:\/\/asociacionelhogardemika.org\/wp-content\/uploads\/2025\/07\/campanas-y-recaudacion-300x300.jpg 300w, https:\/\/asociacionelhogardemika.org\/wp-content\/uploads\/2025\/07\/campanas-y-recaudacion-150x150.jpg 150w\" sizes=\"auto, (max-width: 500px) 100vw, 500px\" \/><\/a><\/figure><\/div>\n\n\n<p class=\"has-text-align-center mt-3 fs-5\"><em>Help our beloved furry friends by donating to our Teaming page.<\/em><\/p>\n\n\n\n<div class=\"wp-block-group mt-5 mb-5\"><div class=\"wp-block-group__inner-container is-layout-constrained wp-block-group-is-layout-constrained\">\n<p class=\"has-text-align-center front-page-btn\"><a href=\"\/en\/campanas-y-recaudacion\/\" data-type=\"page\" data-id=\"273\">I want to help<\/a><\/p>\n<\/div><\/div>\n<\/div>\n\n\n\n<div class=\"wp-block-column animate-me-left is-layout-flow wp-block-column-is-layout-flow\">\n<h3 class=\"wp-block-heading has-text-align-center fs-1 text-primary mb-4\">Food Collection<\/h3>\n\n\n<div class=\"wp-block-image\">\n<figure class=\"aligncenter size-full\"><a href=\"\/en\/recogida-de-alimentos\/\"><img loading=\"lazy\" decoding=\"async\" width=\"500\" height=\"500\" src=\"https:\/\/asociacionelhogardemika.org\/wp-content\/uploads\/2025\/07\/recogida-de-alimentos.jpg\" alt=\"Ay\u00fadanos y coopera en nuestras recogidas de alimentos.\" class=\"wp-image-571\" srcset=\"https:\/\/asociacionelhogardemika.org\/wp-content\/uploads\/2025\/07\/recogida-de-alimentos.jpg 500w, https:\/\/asociacionelhogardemika.org\/wp-content\/uploads\/2025\/07\/recogida-de-alimentos-300x300.jpg 300w, https:\/\/asociacionelhogardemika.org\/wp-content\/uploads\/2025\/07\/recogida-de-alimentos-150x150.jpg 150w\" sizes=\"auto, (max-width: 500px) 100vw, 500px\" \/><\/a><\/figure><\/div>\n\n\n<p class=\"has-text-align-center mt-3 fs-5\"><em>Help our beloved furry friends by donating food and a little of your time.<\/em><\/p>\n\n\n\n<div class=\"wp-block-group mt-5 mb-5\"><div class=\"wp-block-group__inner-container is-layout-constrained wp-block-group-is-layout-constrained\">\n<p class=\"has-text-align-center front-page-btn\"><a href=\"\/en\/recogida-de-alimentos\/\" data-type=\"page\" data-id=\"283\">I want to help<\/a><\/p>\n<\/div><\/div>\n<\/div>\n<\/div>","protected":false},"excerpt":{"rendered":"<p>Conoce un poco m\u00e1s de Nosotros Nuestra Asociaci\u00f3n realiza una labor admirable gestionando y protegiendo a los callejeritos de nuestra comunidad, dedic\u00e1ndose a varias actividades, con el prop\u00f3sito de entregar un bienestar a todos ellos, destacando las siguientes actividades: Conocer M\u00e1s \u00bfTe gustar\u00eda adoptar a uno de nuestros peludos? En El Hogar de Mika, contamos [&hellip;]<\/p>","protected":false},"author":1,"featured_media":746,"parent":0,"menu_order":0,"comment_status":"closed","ping_status":"closed","template":"","meta":{"_acf_changed":false,"footnotes":""},"class_list":["post-7","page","type-page","status-publish","has-post-thumbnail","hentry"],"acf":[],"yoast_head":"<!-- This site is optimized with the Yoast SEO plugin v26.4 - https:\/\/yoast.com\/wordpress\/plugins\/seo\/ -->\n<title>Inicio - El Hogar de Mika<\/title>\n<meta name=\"description\" content=\"Bienvenidos a El Hogar de Mika, una Asociaci\u00f3n sin \u00e1nimos de lucro, que se dedica al rescate, protecci\u00f3n y defensa animal.\" \/>\n<meta name=\"robots\" content=\"index, follow, max-snippet:-1, max-image-preview:large, max-video-preview:-1\" \/>\n<link rel=\"canonical\" href=\"https:\/\/asociacionelhogardemika.org\/en\/\" \/>\n<meta property=\"og:locale\" content=\"en_GB\" \/>\n<meta property=\"og:type\" content=\"article\" \/>\n<meta property=\"og:title\" content=\"Inicio - El Hogar de Mika\" \/>\n<meta property=\"og:description\" content=\"Bienvenidos a El Hogar de Mika, una Asociaci\u00f3n sin \u00e1nimos de lucro, que se dedica al rescate, protecci\u00f3n y defensa animal.\" \/>\n<meta property=\"og:url\" content=\"https:\/\/asociacionelhogardemika.org\/en\/\" \/>\n<meta property=\"og:site_name\" content=\"El Hogar de Mika\" \/>\n<meta property=\"article:modified_time\" content=\"2025-11-19T22:04:01+00:00\" \/>\n<meta property=\"og:image\" content=\"https:\/\/asociacionelhogardemika.org\/wp-content\/uploads\/2025\/09\/el-hogar-de-mika_mockup-min.jpg\" \/>\n\t<meta property=\"og:image:width\" content=\"1200\" \/>\n\t<meta property=\"og:image:height\" content=\"675\" \/>\n\t<meta property=\"og:image:type\" content=\"image\/jpeg\" \/>\n<meta name=\"twitter:card\" content=\"summary_large_image\" \/>\n<meta name=\"twitter:label1\" content=\"Estimated reading time\" \/>\n\t<meta name=\"twitter:data1\" content=\"3 minutes\" \/>\n<script type=\"application\/ld+json\" class=\"yoast-schema-graph\">{\"@context\":\"https:\/\/schema.org\",\"@graph\":[{\"@type\":\"WebPage\",\"@id\":\"https:\/\/asociacionelhogardemika.org\/\",\"url\":\"https:\/\/asociacionelhogardemika.org\/\",\"name\":\"Inicio - El Hogar de Mika\",\"isPartOf\":{\"@id\":\"https:\/\/asociacionelhogardemika.org\/#website\"},\"primaryImageOfPage\":{\"@id\":\"https:\/\/asociacionelhogardemika.org\/#primaryimage\"},\"image\":{\"@id\":\"https:\/\/asociacionelhogardemika.org\/#primaryimage\"},\"thumbnailUrl\":\"https:\/\/asociacionelhogardemika.org\/wp-content\/uploads\/2025\/09\/el-hogar-de-mika_mockup-min.jpg\",\"datePublished\":\"2025-06-21T20:29:58+00:00\",\"dateModified\":\"2025-11-19T22:04:01+00:00\",\"description\":\"Bienvenidos a El Hogar de Mika, una Asociaci\u00f3n sin \u00e1nimos de lucro, que se dedica al rescate, protecci\u00f3n y defensa animal.\",\"breadcrumb\":{\"@id\":\"https:\/\/asociacionelhogardemika.org\/#breadcrumb\"},\"inLanguage\":\"en-GB\",\"potentialAction\":[{\"@type\":\"ReadAction\",\"target\":[\"https:\/\/asociacionelhogardemika.org\/\"]}]},{\"@type\":\"ImageObject\",\"inLanguage\":\"en-GB\",\"@id\":\"https:\/\/asociacionelhogardemika.org\/#primaryimage\",\"url\":\"https:\/\/asociacionelhogardemika.org\/wp-content\/uploads\/2025\/09\/el-hogar-de-mika_mockup-min.jpg\",\"contentUrl\":\"https:\/\/asociacionelhogardemika.org\/wp-content\/uploads\/2025\/09\/el-hogar-de-mika_mockup-min.jpg\",\"width\":1200,\"height\":675,\"caption\":\"Conoce la chul\u00edsima p\u00e1gina web de nuestra asociaci\u00f3n El Hogar de Mika\"},{\"@type\":\"BreadcrumbList\",\"@id\":\"https:\/\/asociacionelhogardemika.org\/#breadcrumb\",\"itemListElement\":[{\"@type\":\"ListItem\",\"position\":1,\"name\":\"Portada\",\"item\":\"https:\/\/asociacionelhogardemika.org\/\"},{\"@type\":\"ListItem\",\"position\":2,\"name\":\"Inicio\"}]},{\"@type\":\"WebSite\",\"@id\":\"https:\/\/asociacionelhogardemika.org\/#website\",\"url\":\"https:\/\/asociacionelhogardemika.org\/\",\"name\":\"El Hogar de Mika\",\"description\":\"Asociaci\u00f3n de bienestar animal\",\"publisher\":{\"@id\":\"https:\/\/asociacionelhogardemika.org\/#organization\"},\"alternateName\":\"Asociaci\u00f3n El hogar de Mika\",\"potentialAction\":[{\"@type\":\"SearchAction\",\"target\":{\"@type\":\"EntryPoint\",\"urlTemplate\":\"https:\/\/asociacionelhogardemika.org\/?s={search_term_string}\"},\"query-input\":{\"@type\":\"PropertyValueSpecification\",\"valueRequired\":true,\"valueName\":\"search_term_string\"}}],\"inLanguage\":\"en-GB\"},{\"@type\":\"Organization\",\"@id\":\"https:\/\/asociacionelhogardemika.org\/#organization\",\"name\":\"El Hogar de Mika\",\"alternateName\":\"Asociaci\u00f3n El Hogar de Mika\",\"url\":\"https:\/\/asociacionelhogardemika.org\/\",\"logo\":{\"@type\":\"ImageObject\",\"inLanguage\":\"en-GB\",\"@id\":\"https:\/\/asociacionelhogardemika.org\/#\/schema\/logo\/image\/\",\"url\":\"https:\/\/asociacionelhogardemika.org\/wp-content\/uploads\/2025\/06\/logo-el-hogar-de-mika.jpg\",\"contentUrl\":\"https:\/\/asociacionelhogardemika.org\/wp-content\/uploads\/2025\/06\/logo-el-hogar-de-mika.jpg\",\"width\":1000,\"height\":1000,\"caption\":\"El Hogar de Mika\"},\"image\":{\"@id\":\"https:\/\/asociacionelhogardemika.org\/#\/schema\/logo\/image\/\"},\"sameAs\":[\"https:\/\/www.instagram.com\/elhogardemika\/\",\"https:\/\/www.teaming.net\/elhogardemika\",\"https:\/\/petshelter.miwuki.com\/p\/ARvXm1x3\"]}]}<\/script>\n<!-- \/ Yoast SEO plugin. -->","yoast_head_json":{"title":"Inicio - El Hogar de Mika","description":"Bienvenidos a El Hogar de Mika, una Asociaci\u00f3n sin \u00e1nimos de lucro, que se dedica al rescate, protecci\u00f3n y defensa animal.","robots":{"index":"index","follow":"follow","max-snippet":"max-snippet:-1","max-image-preview":"max-image-preview:large","max-video-preview":"max-video-preview:-1"},"canonical":"https:\/\/asociacionelhogardemika.org\/en\/","og_locale":"en_GB","og_type":"article","og_title":"Inicio - El Hogar de Mika","og_description":"Bienvenidos a El Hogar de Mika, una Asociaci\u00f3n sin \u00e1nimos de lucro, que se dedica al rescate, protecci\u00f3n y defensa animal.","og_url":"https:\/\/asociacionelhogardemika.org\/en\/","og_site_name":"El Hogar de Mika","article_modified_time":"2025-11-19T22:04:01+00:00","og_image":[{"width":1200,"height":675,"url":"https:\/\/asociacionelhogardemika.org\/wp-content\/uploads\/2025\/09\/el-hogar-de-mika_mockup-min.jpg","type":"image\/jpeg"}],"twitter_card":"summary_large_image","twitter_misc":{"Estimated reading time":"3 minutes"},"schema":{"@context":"https:\/\/schema.org","@graph":[{"@type":"WebPage","@id":"https:\/\/asociacionelhogardemika.org\/","url":"https:\/\/asociacionelhogardemika.org\/","name":"Inicio - El Hogar de Mika","isPartOf":{"@id":"https:\/\/asociacionelhogardemika.org\/#website"},"primaryImageOfPage":{"@id":"https:\/\/asociacionelhogardemika.org\/#primaryimage"},"image":{"@id":"https:\/\/asociacionelhogardemika.org\/#primaryimage"},"thumbnailUrl":"https:\/\/asociacionelhogardemika.org\/wp-content\/uploads\/2025\/09\/el-hogar-de-mika_mockup-min.jpg","datePublished":"2025-06-21T20:29:58+00:00","dateModified":"2025-11-19T22:04:01+00:00","description":"Bienvenidos a El Hogar de Mika, una Asociaci\u00f3n sin \u00e1nimos de lucro, que se dedica al rescate, protecci\u00f3n y defensa animal.","breadcrumb":{"@id":"https:\/\/asociacionelhogardemika.org\/#breadcrumb"},"inLanguage":"en-GB","potentialAction":[{"@type":"ReadAction","target":["https:\/\/asociacionelhogardemika.org\/"]}]},{"@type":"ImageObject","inLanguage":"en-GB","@id":"https:\/\/asociacionelhogardemika.org\/#primaryimage","url":"https:\/\/asociacionelhogardemika.org\/wp-content\/uploads\/2025\/09\/el-hogar-de-mika_mockup-min.jpg","contentUrl":"https:\/\/asociacionelhogardemika.org\/wp-content\/uploads\/2025\/09\/el-hogar-de-mika_mockup-min.jpg","width":1200,"height":675,"caption":"Conoce la chul\u00edsima p\u00e1gina web de nuestra asociaci\u00f3n El Hogar de Mika"},{"@type":"BreadcrumbList","@id":"https:\/\/asociacionelhogardemika.org\/#breadcrumb","itemListElement":[{"@type":"ListItem","position":1,"name":"Portada","item":"https:\/\/asociacionelhogardemika.org\/"},{"@type":"ListItem","position":2,"name":"Inicio"}]},{"@type":"WebSite","@id":"https:\/\/asociacionelhogardemika.org\/#website","url":"https:\/\/asociacionelhogardemika.org\/","name":"El Hogar de Mika","description":"Asociaci\u00f3n de bienestar animal","publisher":{"@id":"https:\/\/asociacionelhogardemika.org\/#organization"},"alternateName":"Asociaci\u00f3n El hogar de Mika","potentialAction":[{"@type":"SearchAction","target":{"@type":"EntryPoint","urlTemplate":"https:\/\/asociacionelhogardemika.org\/?s={search_term_string}"},"query-input":{"@type":"PropertyValueSpecification","valueRequired":true,"valueName":"search_term_string"}}],"inLanguage":"en-GB"},{"@type":"Organization","@id":"https:\/\/asociacionelhogardemika.org\/#organization","name":"El Hogar de Mika","alternateName":"Asociaci\u00f3n El Hogar de Mika","url":"https:\/\/asociacionelhogardemika.org\/","logo":{"@type":"ImageObject","inLanguage":"en-GB","@id":"https:\/\/asociacionelhogardemika.org\/#\/schema\/logo\/image\/","url":"https:\/\/asociacionelhogardemika.org\/wp-content\/uploads\/2025\/06\/logo-el-hogar-de-mika.jpg","contentUrl":"https:\/\/asociacionelhogardemika.org\/wp-content\/uploads\/2025\/06\/logo-el-hogar-de-mika.jpg","width":1000,"height":1000,"caption":"El Hogar de Mika"},"image":{"@id":"https:\/\/asociacionelhogardemika.org\/#\/schema\/logo\/image\/"},"sameAs":["https:\/\/www.instagram.com\/elhogardemika\/","https:\/\/www.teaming.net\/elhogardemika","https:\/\/petshelter.miwuki.com\/p\/ARvXm1x3"]}]}},"_links":{"self":[{"href":"https:\/\/asociacionelhogardemika.org\/en\/wp-json\/wp\/v2\/pages\/7","targetHints":{"allow":["GET"]}}],"collection":[{"href":"https:\/\/asociacionelhogardemika.org\/en\/wp-json\/wp\/v2\/pages"}],"about":[{"href":"https:\/\/asociacionelhogardemika.org\/en\/wp-json\/wp\/v2\/types\/page"}],"author":[{"embeddable":true,"href":"https:\/\/asociacionelhogardemika.org\/en\/wp-json\/wp\/v2\/users\/1"}],"replies":[{"embeddable":true,"href":"https:\/\/asociacionelhogardemika.org\/en\/wp-json\/wp\/v2\/comments?post=7"}],"version-history":[{"count":67,"href":"https:\/\/asociacionelhogardemika.org\/en\/wp-json\/wp\/v2\/pages\/7\/revisions"}],"predecessor-version":[{"id":790,"href":"https:\/\/asociacionelhogardemika.org\/en\/wp-json\/wp\/v2\/pages\/7\/revisions\/790"}],"wp:featuredmedia":[{"embeddable":true,"href":"https:\/\/asociacionelhogardemika.org\/en\/wp-json\/wp\/v2\/media\/746"}],"wp:attachment":[{"href":"https:\/\/asociacionelhogardemika.org\/en\/wp-json\/wp\/v2\/media?parent=7"}],"curies":[{"name":"wp","href":"https:\/\/api.w.org\/{rel}","templated":true}]}}