{"id":460,"date":"2025-07-13T22:39:48","date_gmt":"2025-07-13T20:39:48","guid":{"rendered":"https:\/\/asociacionelhogardemika.org\/?page_id=460"},"modified":"2025-09-10T20:38:08","modified_gmt":"2025-09-10T18:38:08","slug":"gatos-adoptados","status":"publish","type":"page","link":"https:\/\/asociacionelhogardemika.org\/en\/gatos-adoptados\/","title":{"rendered":"Adopted Cats"},"content":{"rendered":"<section class=\"wp-block-group col-lg-8 col-md-10 mx-auto\"><div class=\"wp-block-group__inner-container is-layout-constrained wp-block-group-is-layout-constrained\">\n<p class=\"has-text-align-center fs-5\">Below you can see all the successful adoptions of our cats, as a way of remembering that they once passed through our association and so that the world can learn about their stories.<\/p>\n<\/div><\/section>\n\n\n    <section class=\"mt-5 row justify-content-center\">\r\n                    <div class=\"col-md-8 col-xs-12 mx-auto\">\r\n                <img decoding=\"async\" class=\"img-fluid\" src=\"https:\/\/asociacionelhogardemika.org\/wp-content\/themes\/el-hogar-de-mika-theme\/src\/img\/no-hay-gatitos-en-adopci\u00f3n-min.png\" alt=\"Lo sentimos, no hay gatitos en adopci\u00f3n por el momento.\">\r\n                <h4 class=\"text-center text-primary fw-bold mt-5 fs-2\">\r\n                    We're sorry, there are no cats to display.\r\n                <\/h4>\r\n            <\/div>\r\n            <\/section>","protected":false},"excerpt":{"rendered":"<p>Conoce a todos nuestros gatetes que alguna vez estuvieron en adopci\u00f3n en nuestra asociaci\u00f3n. Nos sentimos felices y orgullosos de que encontrasen su familia ideal que ahora los ama con todo su coraz\u00f3n.<\/p>","protected":false},"author":1,"featured_media":444,"parent":0,"menu_order":0,"comment_status":"closed","ping_status":"closed","template":"page-full-content.php","meta":{"_acf_changed":false,"footnotes":""},"class_list":["post-460","page","type-page","status-publish","has-post-thumbnail","hentry"],"acf":[],"yoast_head":"<!-- This site is optimized with the Yoast SEO plugin v26.4 - https:\/\/yoast.com\/wordpress\/plugins\/seo\/ -->\n<title>Gatos Adoptados - El Hogar de Mika<\/title>\n<meta name=\"description\" content=\"Conoce a todos nuestros gatos adoptados que alguna vez pasaron por esta asociaci\u00f3n, nos sentimos felices de que encontraron su hogar ideal.\" \/>\n<meta name=\"robots\" content=\"index, follow, max-snippet:-1, max-image-preview:large, max-video-preview:-1\" \/>\n<link rel=\"canonical\" href=\"https:\/\/asociacionelhogardemika.org\/en\/gatos-adoptados\/\" \/>\n<meta property=\"og:locale\" content=\"en_GB\" \/>\n<meta property=\"og:type\" content=\"article\" \/>\n<meta property=\"og:title\" content=\"Gatos Adoptados - El Hogar de Mika\" \/>\n<meta property=\"og:description\" content=\"Conoce a todos nuestros gatos adoptados que alguna vez pasaron por esta asociaci\u00f3n, nos sentimos felices de que encontraron su hogar ideal.\" \/>\n<meta property=\"og:url\" content=\"https:\/\/asociacionelhogardemika.org\/en\/gatos-adoptados\/\" \/>\n<meta property=\"og:site_name\" content=\"El Hogar de Mika\" \/>\n<meta property=\"article:modified_time\" content=\"2025-09-10T18:38:08+00:00\" \/>\n<meta property=\"og:image\" content=\"https:\/\/asociacionelhogardemika.org\/wp-content\/uploads\/2025\/07\/yerlin-matu-GtwiBmtJvaU-unsplash-1536x1024-1.jpg\" \/>\n\t<meta property=\"og:image:width\" content=\"1536\" \/>\n\t<meta property=\"og:image:height\" content=\"1024\" \/>\n\t<meta property=\"og:image:type\" content=\"image\/jpeg\" \/>\n<meta name=\"twitter:card\" content=\"summary_large_image\" \/>\n<meta name=\"twitter:label1\" content=\"Estimated reading time\" \/>\n\t<meta name=\"twitter:data1\" content=\"1 minute\" \/>\n<script type=\"application\/ld+json\" class=\"yoast-schema-graph\">{\"@context\":\"https:\/\/schema.org\",\"@graph\":[{\"@type\":\"WebPage\",\"@id\":\"https:\/\/asociacionelhogardemika.org\/gatos-adoptados\/\",\"url\":\"https:\/\/asociacionelhogardemika.org\/gatos-adoptados\/\",\"name\":\"Gatos Adoptados - El Hogar de Mika\",\"isPartOf\":{\"@id\":\"https:\/\/asociacionelhogardemika.org\/#website\"},\"primaryImageOfPage\":{\"@id\":\"https:\/\/asociacionelhogardemika.org\/gatos-adoptados\/#primaryimage\"},\"image\":{\"@id\":\"https:\/\/asociacionelhogardemika.org\/gatos-adoptados\/#primaryimage\"},\"thumbnailUrl\":\"https:\/\/asociacionelhogardemika.org\/wp-content\/uploads\/2025\/07\/yerlin-matu-GtwiBmtJvaU-unsplash-1536x1024-1.jpg\",\"datePublished\":\"2025-07-13T20:39:48+00:00\",\"dateModified\":\"2025-09-10T18:38:08+00:00\",\"description\":\"Conoce a todos nuestros gatos adoptados que alguna vez pasaron por esta asociaci\u00f3n, nos sentimos felices de que encontraron su hogar ideal.\",\"breadcrumb\":{\"@id\":\"https:\/\/asociacionelhogardemika.org\/gatos-adoptados\/#breadcrumb\"},\"inLanguage\":\"en-GB\",\"potentialAction\":[{\"@type\":\"ReadAction\",\"target\":[\"https:\/\/asociacionelhogardemika.org\/gatos-adoptados\/\"]}]},{\"@type\":\"ImageObject\",\"inLanguage\":\"en-GB\",\"@id\":\"https:\/\/asociacionelhogardemika.org\/gatos-adoptados\/#primaryimage\",\"url\":\"https:\/\/asociacionelhogardemika.org\/wp-content\/uploads\/2025\/07\/yerlin-matu-GtwiBmtJvaU-unsplash-1536x1024-1.jpg\",\"contentUrl\":\"https:\/\/asociacionelhogardemika.org\/wp-content\/uploads\/2025\/07\/yerlin-matu-GtwiBmtJvaU-unsplash-1536x1024-1.jpg\",\"width\":1536,\"height\":1024,\"caption\":\"Adopta a un gatito\"},{\"@type\":\"BreadcrumbList\",\"@id\":\"https:\/\/asociacionelhogardemika.org\/gatos-adoptados\/#breadcrumb\",\"itemListElement\":[{\"@type\":\"ListItem\",\"position\":1,\"name\":\"Portada\",\"item\":\"https:\/\/asociacionelhogardemika.org\/\"},{\"@type\":\"ListItem\",\"position\":2,\"name\":\"Gatos Adoptados\"}]},{\"@type\":\"WebSite\",\"@id\":\"https:\/\/asociacionelhogardemika.org\/#website\",\"url\":\"https:\/\/asociacionelhogardemika.org\/\",\"name\":\"El Hogar de Mika\",\"description\":\"Asociaci\u00f3n de bienestar animal\",\"publisher\":{\"@id\":\"https:\/\/asociacionelhogardemika.org\/#organization\"},\"alternateName\":\"Asociaci\u00f3n El hogar de Mika\",\"potentialAction\":[{\"@type\":\"SearchAction\",\"target\":{\"@type\":\"EntryPoint\",\"urlTemplate\":\"https:\/\/asociacionelhogardemika.org\/?s={search_term_string}\"},\"query-input\":{\"@type\":\"PropertyValueSpecification\",\"valueRequired\":true,\"valueName\":\"search_term_string\"}}],\"inLanguage\":\"en-GB\"},{\"@type\":\"Organization\",\"@id\":\"https:\/\/asociacionelhogardemika.org\/#organization\",\"name\":\"El Hogar de Mika\",\"alternateName\":\"Asociaci\u00f3n El Hogar de Mika\",\"url\":\"https:\/\/asociacionelhogardemika.org\/\",\"logo\":{\"@type\":\"ImageObject\",\"inLanguage\":\"en-GB\",\"@id\":\"https:\/\/asociacionelhogardemika.org\/#\/schema\/logo\/image\/\",\"url\":\"https:\/\/asociacionelhogardemika.org\/wp-content\/uploads\/2025\/06\/logo-el-hogar-de-mika.jpg\",\"contentUrl\":\"https:\/\/asociacionelhogardemika.org\/wp-content\/uploads\/2025\/06\/logo-el-hogar-de-mika.jpg\",\"width\":1000,\"height\":1000,\"caption\":\"El Hogar de Mika\"},\"image\":{\"@id\":\"https:\/\/asociacionelhogardemika.org\/#\/schema\/logo\/image\/\"},\"sameAs\":[\"https:\/\/www.instagram.com\/elhogardemika\/\",\"https:\/\/www.teaming.net\/elhogardemika\",\"https:\/\/petshelter.miwuki.com\/p\/ARvXm1x3\"]}]}<\/script>\n<!-- \/ Yoast SEO plugin. -->","yoast_head_json":{"title":"Gatos Adoptados - El Hogar de Mika","description":"Conoce a todos nuestros gatos adoptados que alguna vez pasaron por esta asociaci\u00f3n, nos sentimos felices de que encontraron su hogar ideal.","robots":{"index":"index","follow":"follow","max-snippet":"max-snippet:-1","max-image-preview":"max-image-preview:large","max-video-preview":"max-video-preview:-1"},"canonical":"https:\/\/asociacionelhogardemika.org\/en\/gatos-adoptados\/","og_locale":"en_GB","og_type":"article","og_title":"Gatos Adoptados - El Hogar de Mika","og_description":"Conoce a todos nuestros gatos adoptados que alguna vez pasaron por esta asociaci\u00f3n, nos sentimos felices de que encontraron su hogar ideal.","og_url":"https:\/\/asociacionelhogardemika.org\/en\/gatos-adoptados\/","og_site_name":"El Hogar de Mika","article_modified_time":"2025-09-10T18:38:08+00:00","og_image":[{"width":1536,"height":1024,"url":"https:\/\/asociacionelhogardemika.org\/wp-content\/uploads\/2025\/07\/yerlin-matu-GtwiBmtJvaU-unsplash-1536x1024-1.jpg","type":"image\/jpeg"}],"twitter_card":"summary_large_image","twitter_misc":{"Estimated reading time":"1 minute"},"schema":{"@context":"https:\/\/schema.org","@graph":[{"@type":"WebPage","@id":"https:\/\/asociacionelhogardemika.org\/gatos-adoptados\/","url":"https:\/\/asociacionelhogardemika.org\/gatos-adoptados\/","name":"Gatos Adoptados - El Hogar de Mika","isPartOf":{"@id":"https:\/\/asociacionelhogardemika.org\/#website"},"primaryImageOfPage":{"@id":"https:\/\/asociacionelhogardemika.org\/gatos-adoptados\/#primaryimage"},"image":{"@id":"https:\/\/asociacionelhogardemika.org\/gatos-adoptados\/#primaryimage"},"thumbnailUrl":"https:\/\/asociacionelhogardemika.org\/wp-content\/uploads\/2025\/07\/yerlin-matu-GtwiBmtJvaU-unsplash-1536x1024-1.jpg","datePublished":"2025-07-13T20:39:48+00:00","dateModified":"2025-09-10T18:38:08+00:00","description":"Conoce a todos nuestros gatos adoptados que alguna vez pasaron por esta asociaci\u00f3n, nos sentimos felices de que encontraron su hogar ideal.","breadcrumb":{"@id":"https:\/\/asociacionelhogardemika.org\/gatos-adoptados\/#breadcrumb"},"inLanguage":"en-GB","potentialAction":[{"@type":"ReadAction","target":["https:\/\/asociacionelhogardemika.org\/gatos-adoptados\/"]}]},{"@type":"ImageObject","inLanguage":"en-GB","@id":"https:\/\/asociacionelhogardemika.org\/gatos-adoptados\/#primaryimage","url":"https:\/\/asociacionelhogardemika.org\/wp-content\/uploads\/2025\/07\/yerlin-matu-GtwiBmtJvaU-unsplash-1536x1024-1.jpg","contentUrl":"https:\/\/asociacionelhogardemika.org\/wp-content\/uploads\/2025\/07\/yerlin-matu-GtwiBmtJvaU-unsplash-1536x1024-1.jpg","width":1536,"height":1024,"caption":"Adopta a un gatito"},{"@type":"BreadcrumbList","@id":"https:\/\/asociacionelhogardemika.org\/gatos-adoptados\/#breadcrumb","itemListElement":[{"@type":"ListItem","position":1,"name":"Portada","item":"https:\/\/asociacionelhogardemika.org\/"},{"@type":"ListItem","position":2,"name":"Gatos Adoptados"}]},{"@type":"WebSite","@id":"https:\/\/asociacionelhogardemika.org\/#website","url":"https:\/\/asociacionelhogardemika.org\/","name":"El Hogar de Mika","description":"Asociaci\u00f3n de bienestar animal","publisher":{"@id":"https:\/\/asociacionelhogardemika.org\/#organization"},"alternateName":"Asociaci\u00f3n El hogar de Mika","potentialAction":[{"@type":"SearchAction","target":{"@type":"EntryPoint","urlTemplate":"https:\/\/asociacionelhogardemika.org\/?s={search_term_string}"},"query-input":{"@type":"PropertyValueSpecification","valueRequired":true,"valueName":"search_term_string"}}],"inLanguage":"en-GB"},{"@type":"Organization","@id":"https:\/\/asociacionelhogardemika.org\/#organization","name":"El Hogar de Mika","alternateName":"Asociaci\u00f3n El Hogar de Mika","url":"https:\/\/asociacionelhogardemika.org\/","logo":{"@type":"ImageObject","inLanguage":"en-GB","@id":"https:\/\/asociacionelhogardemika.org\/#\/schema\/logo\/image\/","url":"https:\/\/asociacionelhogardemika.org\/wp-content\/uploads\/2025\/06\/logo-el-hogar-de-mika.jpg","contentUrl":"https:\/\/asociacionelhogardemika.org\/wp-content\/uploads\/2025\/06\/logo-el-hogar-de-mika.jpg","width":1000,"height":1000,"caption":"El Hogar de Mika"},"image":{"@id":"https:\/\/asociacionelhogardemika.org\/#\/schema\/logo\/image\/"},"sameAs":["https:\/\/www.instagram.com\/elhogardemika\/","https:\/\/www.teaming.net\/elhogardemika","https:\/\/petshelter.miwuki.com\/p\/ARvXm1x3"]}]}},"_links":{"self":[{"href":"https:\/\/asociacionelhogardemika.org\/en\/wp-json\/wp\/v2\/pages\/460","targetHints":{"allow":["GET"]}}],"collection":[{"href":"https:\/\/asociacionelhogardemika.org\/en\/wp-json\/wp\/v2\/pages"}],"about":[{"href":"https:\/\/asociacionelhogardemika.org\/en\/wp-json\/wp\/v2\/types\/page"}],"author":[{"embeddable":true,"href":"https:\/\/asociacionelhogardemika.org\/en\/wp-json\/wp\/v2\/users\/1"}],"replies":[{"embeddable":true,"href":"https:\/\/asociacionelhogardemika.org\/en\/wp-json\/wp\/v2\/comments?post=460"}],"version-history":[{"count":5,"href":"https:\/\/asociacionelhogardemika.org\/en\/wp-json\/wp\/v2\/pages\/460\/revisions"}],"predecessor-version":[{"id":763,"href":"https:\/\/asociacionelhogardemika.org\/en\/wp-json\/wp\/v2\/pages\/460\/revisions\/763"}],"wp:featuredmedia":[{"embeddable":true,"href":"https:\/\/asociacionelhogardemika.org\/en\/wp-json\/wp\/v2\/media\/444"}],"wp:attachment":[{"href":"https:\/\/asociacionelhogardemika.org\/en\/wp-json\/wp\/v2\/media?parent=460"}],"curies":[{"name":"wp","href":"https:\/\/api.w.org\/{rel}","templated":true}]}}