{"id":31,"date":"2025-06-22T18:13:10","date_gmt":"2025-06-22T16:13:10","guid":{"rendered":"https:\/\/asociacionelhogardemika.org\/?page_id=31"},"modified":"2025-09-10T21:25:01","modified_gmt":"2025-09-10T19:25:01","slug":"voluntariados","status":"publish","type":"page","link":"https:\/\/asociacionelhogardemika.org\/en\/voluntariados\/","title":{"rendered":"Volunteering"},"content":{"rendered":"<div class=\"wp-block-group\"><div class=\"wp-block-group__inner-container is-layout-constrained wp-block-group-is-layout-constrained\">\n<h2 class=\"wp-block-heading\">What does it mean to be a volunteer?<\/h2>\n\n\n\n<p>Being a&nbsp;<strong>volunteer <\/strong>Being a volunteer is an enriching experience and vital for the well-being of stray cats and dogs. As a volunteer, you play a fundamental role in the management and care of cat colonies, which includes providing adequate food, cleaning and maintaining the space where the cats live, and implementing the&nbsp;<a href=\"https:\/\/www.tiendanimal.es\/articulos\/metodo-ces\/#:~:text=Capturar%2C%20esterilizar%20y%20soltar.,callejeros%20en%20un%20lugar%20determinado.\" target=\"_blank\" rel=\"noreferrer noopener\">CES method<\/a>&nbsp;(Capture, Sterilisation and Release), which is essential for controlling the cat population in an ethical and responsible manner.<\/p>\n\n\n\n<p>In the case of dogs, our mission is to rescue them from the streets and prevent them from ending up in a kennel at all costs. To do this, we have foster homes where they are given everything they need until they can be adopted.<\/p>\n\n\n\n<div style=\"height:40px\" aria-hidden=\"true\" class=\"wp-block-spacer\"><\/div>\n\n\n<div class=\"wp-block-image is-style-default\">\n<figure class=\"aligncenter size-large is-resized\"><img loading=\"lazy\" decoding=\"async\" width=\"1024\" height=\"436\" src=\"https:\/\/asociacionelhogardemika.org\/wp-content\/uploads\/2025\/06\/bk201-C3ywcLQJ_0Y-unsplash-1024x436.jpg\" alt=\"Una hermosa colonia felina. Imagen de BK201 en Unsplash.\" class=\"wp-image-36\" style=\"width:800px\" srcset=\"https:\/\/asociacionelhogardemika.org\/wp-content\/uploads\/2025\/06\/bk201-C3ywcLQJ_0Y-unsplash-1024x436.jpg 1024w, https:\/\/asociacionelhogardemika.org\/wp-content\/uploads\/2025\/06\/bk201-C3ywcLQJ_0Y-unsplash-300x128.jpg 300w, https:\/\/asociacionelhogardemika.org\/wp-content\/uploads\/2025\/06\/bk201-C3ywcLQJ_0Y-unsplash-768x327.jpg 768w, https:\/\/asociacionelhogardemika.org\/wp-content\/uploads\/2025\/06\/bk201-C3ywcLQJ_0Y-unsplash-1536x654.jpg 1536w, https:\/\/asociacionelhogardemika.org\/wp-content\/uploads\/2025\/06\/bk201-C3ywcLQJ_0Y-unsplash-2048x872.jpg 2048w\" sizes=\"auto, (max-width: 1024px) 100vw, 1024px\" \/><figcaption class=\"wp-element-caption\"><em>A cat colony. Image by BK201 on Unsplash.<\/em><\/figcaption><\/figure><\/div>\n\n\n<div style=\"height:40px\" aria-hidden=\"true\" class=\"wp-block-spacer\"><\/div>\n\n\n\n<p>In addition,&nbsp;<strong>volunteers<\/strong>&nbsp;are involved in the early detection and treatment of diseases, as well as in the socialisation and adoption of cats and dogs when possible. This work not only improves the quality of life of cats and dogs, but also contributes to public health and the balance of the urban ecosystem. Being a volunteer means being part of a community dedicated to the protection and respect for animal life.<\/p>\n<\/div><\/div>\n\n\n\n<div style=\"height:40px\" aria-hidden=\"true\" class=\"wp-block-spacer\"><\/div>\n\n\n\n<div class=\"wp-block-group\"><div class=\"wp-block-group__inner-container is-layout-constrained wp-block-group-is-layout-constrained\">\n<h2 class=\"wp-block-heading\">How can I become a volunteer?<\/h2>\n\n\n\n<p>Being part of the volunteer team at&nbsp;<strong>El Hogar de Mika<\/strong>&nbsp;is a rewarding experience, in which our beloved cats will show their gratitude with the most sincere love imaginable.<\/p>\n\n\n\n<p>Our association is always happy to welcome new volunteers, as your time is valuable and every little bit of help makes it easier for us to give more cats a dignified life. To become a&nbsp;<strong>volunteer<\/strong>&nbsp;you must meet the following requirements:<\/p>\n\n\n\n<div class=\"wp-block-columns d-flex align-items-center is-layout-flex wp-container-core-columns-is-layout-9d6595d7 wp-block-columns-is-layout-flex\">\n<div class=\"wp-block-column is-layout-flow wp-block-column-is-layout-flow\" style=\"flex-basis:66.66%\">\n<ul class=\"wp-block-list\">\n<li>Be over 18 years old.<\/li>\n\n\n\n<li>Commit to a minimum period of time.<\/li>\n\n\n\n<li>Continuity over time.<\/li>\n<\/ul>\n<\/div>\n\n\n\n<div class=\"wp-block-column is-layout-flow wp-block-column-is-layout-flow\" style=\"flex-basis:33.33%\"><div class=\"wp-block-image\">\n<figure class=\"aligncenter size-full is-resized\"><img loading=\"lazy\" decoding=\"async\" width=\"454\" height=\"428\" src=\"https:\/\/asociacionelhogardemika.org\/wp-content\/uploads\/2025\/06\/gatito-megafono.png\" alt=\"Gatito con meg\u00e1fono. Se necesita urgentemente nuevos voluntarios\" class=\"wp-image-59\" style=\"width:300px\" srcset=\"https:\/\/asociacionelhogardemika.org\/wp-content\/uploads\/2025\/06\/gatito-megafono.png 454w, https:\/\/asociacionelhogardemika.org\/wp-content\/uploads\/2025\/06\/gatito-megafono-300x283.png 300w\" sizes=\"auto, (max-width: 454px) 100vw, 454px\" \/><figcaption class=\"wp-element-caption\"><em>\u00a1<\/em><strong>Attention!<\/strong><em>More volunteers are needed.<\/em><\/figcaption><\/figure><\/div><\/div>\n<\/div>\n<\/div><\/div>\n\n\n\n<div style=\"height:40px\" aria-hidden=\"true\" class=\"wp-block-spacer\"><\/div>\n\n\n\n<div class=\"wp-block-group\"><div class=\"wp-block-group__inner-container is-layout-constrained wp-block-group-is-layout-constrained\">\n<h2 class=\"wp-block-heading\">What tasks will you carry out as a volunteer?<\/h2>\n\n\n\n<p>As a volunteer at&nbsp;<strong>El Hogar de Mika<\/strong>&nbsp;, you will be responsible for one or more of the following tasks:<\/p>\n\n\n\n<div style=\"height:20px\" aria-hidden=\"true\" class=\"wp-block-spacer\"><\/div>\n\n\n\n<ul class=\"wp-block-list\">\n<li>Feed cat colonies near your home. We provide the food, we just need you to give us a little of your time.<\/li>\n\n\n\n<li>Maintenance of cat colonies, controlling the population through the CES method.<\/li>\n\n\n\n<li>Rescue of <strong><em>Cats<\/em><\/strong> and <strong><em>Dogs<\/em><\/strong> in distress, and those who find themselves in a situation of vulnerability or danger.<\/li>\n\n\n\n<li>Perform cleaning and care tasks for the animals' space.<\/li>\n\n\n\n<li>You can become a foster home. We will provide you with food and everything else you need for the kitten in your care.<\/li>\n\n\n\n<li>Collaboration in street markets or in the charity food collection that we often carry out at Tiendanimal.<\/li>\n\n\n\n<li>Collaboration in events or other activities that we carry out for the benefit of our beloved animals.<\/li>\n\n\n\n<li>Assist in transporting cats and dogs, for example, by facilitating trips to the vet, rescues, transfers to other locations, etc.<\/li>\n\n\n\n<li>Online dissemination work.<\/li>\n<\/ul>\n\n\n\n<div style=\"height:20px\" aria-hidden=\"true\" class=\"wp-block-spacer\"><\/div>\n\n\n\n<p>Most importantly, we need people who&nbsp;<em>are passionate, serious, responsible, committed, dynamic, proactive, optimistic,<\/em>&nbsp;and above all,&nbsp;<strong>who truly love animals.<\/strong><\/p>\n\n\n\n<div style=\"height:40px\" aria-hidden=\"true\" class=\"wp-block-spacer\"><\/div>\n\n\n<div class=\"wp-block-image\">\n<figure class=\"aligncenter size-large is-resized\"><img loading=\"lazy\" decoding=\"async\" width=\"1024\" height=\"682\" src=\"https:\/\/asociacionelhogardemika.org\/wp-content\/uploads\/2025\/06\/piotr-musiol-LNkHqNRwtkM-unsplash-1024x682.jpg\" alt=\"\" class=\"wp-image-72\" style=\"width:500px\" srcset=\"https:\/\/asociacionelhogardemika.org\/wp-content\/uploads\/2025\/06\/piotr-musiol-LNkHqNRwtkM-unsplash-1024x682.jpg 1024w, https:\/\/asociacionelhogardemika.org\/wp-content\/uploads\/2025\/06\/piotr-musiol-LNkHqNRwtkM-unsplash-300x200.jpg 300w, https:\/\/asociacionelhogardemika.org\/wp-content\/uploads\/2025\/06\/piotr-musiol-LNkHqNRwtkM-unsplash-768x511.jpg 768w, https:\/\/asociacionelhogardemika.org\/wp-content\/uploads\/2025\/06\/piotr-musiol-LNkHqNRwtkM-unsplash-1536x1022.jpg 1536w, https:\/\/asociacionelhogardemika.org\/wp-content\/uploads\/2025\/06\/piotr-musiol-LNkHqNRwtkM-unsplash.jpg 1920w\" sizes=\"auto, (max-width: 1024px) 100vw, 1024px\" \/><figcaption class=\"wp-element-caption\"><em>Cat eating a piece of salmon. Photo by Piotr Musio\u0142 on Unsplash.<\/em><\/figcaption><\/figure><\/div>\n\n\n<div style=\"height:40px\" aria-hidden=\"true\" class=\"wp-block-spacer\"><\/div>\n<\/div><\/div>\n\n\n\n<div class=\"wp-block-group\"><div class=\"wp-block-group__inner-container is-layout-constrained wp-block-group-is-layout-constrained\">\n<h2 class=\"wp-block-heading has-text-align-left\">Would you like to be a volunteer?<\/h2>\n\n\n\n<p>If you would like to join this wonderful team, please do not hesitate to contact us using the form below. Alternatively, you can write to us at: <\/p>\n\n\n\n<p class=\"has-text-align-left\"><strong>elhogardemika.asociacion@gmail.com<\/strong><\/p>\n<\/div><\/div>\n\n\n\n<div style=\"height:40px\" aria-hidden=\"true\" class=\"wp-block-spacer\"><\/div>\n\n\n\n<div class=\"wpcf7 no-js\" id=\"wpcf7-f87-o1\" lang=\"es-ES\" dir=\"ltr\" data-wpcf7-id=\"87\">\n<div class=\"screen-reader-response\"><p role=\"status\" aria-live=\"polite\" aria-atomic=\"true\"><\/p> <ul><\/ul><\/div>\n<form action=\"\/en\/wp-json\/wp\/v2\/pages\/31#wpcf7-f87-o1\" method=\"post\" class=\"wpcf7-form init row g-3\" aria-label=\"Formulario de contacto\" novalidate=\"novalidate\" data-status=\"init\" data-trp-original-action=\"\/en\/wp-json\/wp\/v2\/pages\/31#wpcf7-f87-o1\">\n<fieldset class=\"hidden-fields-container\"><input type=\"hidden\" name=\"_wpcf7\" value=\"87\" \/><input type=\"hidden\" name=\"_wpcf7_version\" value=\"6.1.3\" \/><input type=\"hidden\" name=\"_wpcf7_locale\" value=\"es_ES\" \/><input type=\"hidden\" name=\"_wpcf7_unit_tag\" value=\"wpcf7-f87-o1\" \/><input type=\"hidden\" name=\"_wpcf7_container_post\" value=\"0\" \/><input type=\"hidden\" name=\"_wpcf7_posted_data_hash\" value=\"\" \/>\n<\/fieldset>\n<div class=\"col-md-6\">\n\t<p><label class=\"mb-2 fw-medium\"> Name<\/label><br \/>\n<span class=\"wpcf7-form-control-wrap\" data-name=\"your-name\"><input size=\"40\" maxlength=\"400\" class=\"wpcf7-form-control wpcf7-text wpcf7-validates-as-required form-control fst-italic small\" autocomplete=\"name\" aria-required=\"true\" aria-invalid=\"false\" placeholder=\"Enter your name *\" value=\"\" type=\"text\" name=\"your-name\" \/><\/span>\n\t<\/p>\n<\/div>\n<div class=\"col-md-6\">\n\t<p><label class=\"mb-2 fw-medium\"> Surnames<\/label><br \/>\n<span class=\"wpcf7-form-control-wrap\" data-name=\"your-surname\"><input size=\"40\" maxlength=\"400\" class=\"wpcf7-form-control wpcf7-text wpcf7-validates-as-required form-control fst-italic small\" autocomplete=\"name\" aria-required=\"true\" aria-invalid=\"false\" placeholder=\"Enter your surname *\" value=\"\" type=\"text\" name=\"your-surname\" \/><\/span>\n\t<\/p>\n<\/div>\n<div class=\"col-12\">\n\t<p><label class=\"mb-2 fw-medium\"> Email<\/label><br \/>\n<span class=\"wpcf7-form-control-wrap\" data-name=\"your-email\"><input size=\"40\" maxlength=\"400\" class=\"wpcf7-form-control wpcf7-email wpcf7-validates-as-required wpcf7-text wpcf7-validates-as-email form-control fst-italic small\" autocomplete=\"email\" aria-required=\"true\" aria-invalid=\"false\" placeholder=\"Enter your email *\" value=\"\" type=\"email\" name=\"your-email\" \/><\/span>\n\t<\/p>\n<\/div>\n<div class=\"col-md-6\">\n\t<p><label class=\"mb-2 fw-medium\"> Phone <\/label><br \/>\n<span class=\"wpcf7-form-control-wrap\" data-name=\"voluntario-tel\"><input size=\"40\" maxlength=\"400\" class=\"wpcf7-form-control wpcf7-tel wpcf7-validates-as-required wpcf7-text wpcf7-validates-as-tel form-control fst-italic small\" aria-required=\"true\" aria-invalid=\"false\" placeholder=\"Enter your phone number *\" value=\"\" type=\"tel\" name=\"voluntario-tel\" \/><\/span>\n\t<\/p>\n<\/div>\n<div class=\"col-md-6\">\n\t<p><label class=\"mb-2 fw-medium\"> Date of Birth <\/label><br \/>\n<span class=\"wpcf7-form-control-wrap\" data-name=\"FechadeNacimiento\"><input class=\"wpcf7-form-control wpcf7-date wpcf7-validates-as-required wpcf7-validates-as-date form-control\" aria-required=\"true\" aria-invalid=\"false\" value=\"\" type=\"date\" name=\"FechadeNacimiento\" \/><\/span>\n\t<\/p>\n<\/div>\n<div class=\"col-12\">\n\t<p><label class=\"mb-2 fw-medium\"> Write to us telling us your reasons for volunteering. <\/label><br \/>\n<span class=\"wpcf7-form-control-wrap\" data-name=\"your-message\"><textarea cols=\"40\" rows=\"10\" maxlength=\"2000\" class=\"wpcf7-form-control wpcf7-textarea wpcf7-validates-as-required form-control fst-italic small\" aria-required=\"true\" aria-invalid=\"false\" placeholder=\"Enter your message here *\" name=\"your-message\"><\/textarea><\/span>\n\t<\/p>\n<\/div>\n<div class=\"col-12 fw-medium\">\n\t<p><input class=\"wpcf7-form-control wpcf7-submit has-spinner btn btn-primary text-uppercase\" type=\"submit\" value=\"Send Request\" \/>\n\t<\/p>\n<\/div><div class=\"wpcf7-response-output\" aria-hidden=\"true\"><\/div>\n<input type=\"hidden\" name=\"trp-form-language\" value=\"en\"\/><\/form>\n<\/div>","protected":false},"excerpt":{"rendered":"<p>Ser\u00a0voluntario es una experiencia enriquecedora y vital para el bienestar de los gatos y perros callejeros. Como voluntario, tu papel es fundamental en la gesti\u00f3n y cuidado de colonias felinas, que incluye la alimentaci\u00f3n adecuada, la limpieza y mantenimiento del espacio donde viven los gatos, y la implementaci\u00f3n del\u00a0m\u00e9todo CES\u00a0(Captura, Esterilizaci\u00f3n y Suelta), que es esencial para controlar la poblaci\u00f3n felina de manera \u00e9tica y responsable.<\/p>","protected":false},"author":1,"featured_media":66,"parent":0,"menu_order":0,"comment_status":"closed","ping_status":"closed","template":"","meta":{"_acf_changed":false,"footnotes":""},"class_list":["post-31","page","type-page","status-publish","has-post-thumbnail","hentry"],"acf":[],"yoast_head":"<!-- This site is optimized with the Yoast SEO plugin v26.4 - https:\/\/yoast.com\/wordpress\/plugins\/seo\/ -->\n<title>Voluntariados - El Hogar de Mika<\/title>\n<meta name=\"description\" content=\"Los voluntariados son vitales para mantener adelante esta hermosa causa, vuestro tiempo es valioso, y nuestros peluditos lo agradecen.\" \/>\n<meta name=\"robots\" content=\"index, follow, max-snippet:-1, max-image-preview:large, max-video-preview:-1\" \/>\n<link rel=\"canonical\" href=\"https:\/\/asociacionelhogardemika.org\/en\/voluntariados\/\" \/>\n<meta property=\"og:locale\" content=\"en_GB\" \/>\n<meta property=\"og:type\" content=\"article\" \/>\n<meta property=\"og:title\" content=\"Voluntariados - El Hogar de Mika\" \/>\n<meta property=\"og:description\" content=\"Los voluntariados son vitales para mantener adelante esta hermosa causa, vuestro tiempo es valioso, y nuestros peluditos lo agradecen.\" \/>\n<meta property=\"og:url\" content=\"https:\/\/asociacionelhogardemika.org\/en\/voluntariados\/\" \/>\n<meta property=\"og:site_name\" content=\"El Hogar de Mika\" \/>\n<meta property=\"article:modified_time\" content=\"2025-09-10T19:25:01+00:00\" \/>\n<meta property=\"og:image\" content=\"https:\/\/asociacionelhogardemika.org\/wp-content\/uploads\/2025\/06\/bundo-kim-FdbR_lHBrE4-unsplash.jpg\" \/>\n\t<meta property=\"og:image:width\" content=\"1920\" \/>\n\t<meta property=\"og:image:height\" content=\"1688\" \/>\n\t<meta property=\"og:image:type\" content=\"image\/jpeg\" \/>\n<meta name=\"twitter:card\" content=\"summary_large_image\" \/>\n<meta name=\"twitter:label1\" content=\"Estimated reading time\" \/>\n\t<meta name=\"twitter:data1\" content=\"4 minutes\" \/>\n<script type=\"application\/ld+json\" class=\"yoast-schema-graph\">{\"@context\":\"https:\/\/schema.org\",\"@graph\":[{\"@type\":\"WebPage\",\"@id\":\"https:\/\/asociacionelhogardemika.org\/voluntariados\/\",\"url\":\"https:\/\/asociacionelhogardemika.org\/voluntariados\/\",\"name\":\"Voluntariados - El Hogar de Mika\",\"isPartOf\":{\"@id\":\"https:\/\/asociacionelhogardemika.org\/#website\"},\"primaryImageOfPage\":{\"@id\":\"https:\/\/asociacionelhogardemika.org\/voluntariados\/#primaryimage\"},\"image\":{\"@id\":\"https:\/\/asociacionelhogardemika.org\/voluntariados\/#primaryimage\"},\"thumbnailUrl\":\"https:\/\/asociacionelhogardemika.org\/wp-content\/uploads\/2025\/06\/bundo-kim-FdbR_lHBrE4-unsplash.jpg\",\"datePublished\":\"2025-06-22T16:13:10+00:00\",\"dateModified\":\"2025-09-10T19:25:01+00:00\",\"description\":\"Los voluntariados son vitales para mantener adelante esta hermosa causa, vuestro tiempo es valioso, y nuestros peluditos lo agradecen.\",\"breadcrumb\":{\"@id\":\"https:\/\/asociacionelhogardemika.org\/voluntariados\/#breadcrumb\"},\"inLanguage\":\"en-GB\",\"potentialAction\":[{\"@type\":\"ReadAction\",\"target\":[\"https:\/\/asociacionelhogardemika.org\/voluntariados\/\"]}]},{\"@type\":\"ImageObject\",\"inLanguage\":\"en-GB\",\"@id\":\"https:\/\/asociacionelhogardemika.org\/voluntariados\/#primaryimage\",\"url\":\"https:\/\/asociacionelhogardemika.org\/wp-content\/uploads\/2025\/06\/bundo-kim-FdbR_lHBrE4-unsplash.jpg\",\"contentUrl\":\"https:\/\/asociacionelhogardemika.org\/wp-content\/uploads\/2025\/06\/bundo-kim-FdbR_lHBrE4-unsplash.jpg\",\"width\":1920,\"height\":1688},{\"@type\":\"BreadcrumbList\",\"@id\":\"https:\/\/asociacionelhogardemika.org\/voluntariados\/#breadcrumb\",\"itemListElement\":[{\"@type\":\"ListItem\",\"position\":1,\"name\":\"Portada\",\"item\":\"https:\/\/asociacionelhogardemika.org\/\"},{\"@type\":\"ListItem\",\"position\":2,\"name\":\"Voluntariados\"}]},{\"@type\":\"WebSite\",\"@id\":\"https:\/\/asociacionelhogardemika.org\/#website\",\"url\":\"https:\/\/asociacionelhogardemika.org\/\",\"name\":\"El Hogar de Mika\",\"description\":\"Asociaci\u00f3n de bienestar animal\",\"publisher\":{\"@id\":\"https:\/\/asociacionelhogardemika.org\/#organization\"},\"alternateName\":\"Asociaci\u00f3n El hogar de Mika\",\"potentialAction\":[{\"@type\":\"SearchAction\",\"target\":{\"@type\":\"EntryPoint\",\"urlTemplate\":\"https:\/\/asociacionelhogardemika.org\/?s={search_term_string}\"},\"query-input\":{\"@type\":\"PropertyValueSpecification\",\"valueRequired\":true,\"valueName\":\"search_term_string\"}}],\"inLanguage\":\"en-GB\"},{\"@type\":\"Organization\",\"@id\":\"https:\/\/asociacionelhogardemika.org\/#organization\",\"name\":\"El Hogar de Mika\",\"alternateName\":\"Asociaci\u00f3n El Hogar de Mika\",\"url\":\"https:\/\/asociacionelhogardemika.org\/\",\"logo\":{\"@type\":\"ImageObject\",\"inLanguage\":\"en-GB\",\"@id\":\"https:\/\/asociacionelhogardemika.org\/#\/schema\/logo\/image\/\",\"url\":\"https:\/\/asociacionelhogardemika.org\/wp-content\/uploads\/2025\/06\/logo-el-hogar-de-mika.jpg\",\"contentUrl\":\"https:\/\/asociacionelhogardemika.org\/wp-content\/uploads\/2025\/06\/logo-el-hogar-de-mika.jpg\",\"width\":1000,\"height\":1000,\"caption\":\"El Hogar de Mika\"},\"image\":{\"@id\":\"https:\/\/asociacionelhogardemika.org\/#\/schema\/logo\/image\/\"},\"sameAs\":[\"https:\/\/www.instagram.com\/elhogardemika\/\",\"https:\/\/www.teaming.net\/elhogardemika\",\"https:\/\/petshelter.miwuki.com\/p\/ARvXm1x3\"]}]}<\/script>\n<!-- \/ Yoast SEO plugin. -->","yoast_head_json":{"title":"Voluntariados - El Hogar de Mika","description":"Los voluntariados son vitales para mantener adelante esta hermosa causa, vuestro tiempo es valioso, y nuestros peluditos lo agradecen.","robots":{"index":"index","follow":"follow","max-snippet":"max-snippet:-1","max-image-preview":"max-image-preview:large","max-video-preview":"max-video-preview:-1"},"canonical":"https:\/\/asociacionelhogardemika.org\/en\/voluntariados\/","og_locale":"en_GB","og_type":"article","og_title":"Voluntariados - El Hogar de Mika","og_description":"Los voluntariados son vitales para mantener adelante esta hermosa causa, vuestro tiempo es valioso, y nuestros peluditos lo agradecen.","og_url":"https:\/\/asociacionelhogardemika.org\/en\/voluntariados\/","og_site_name":"El Hogar de Mika","article_modified_time":"2025-09-10T19:25:01+00:00","og_image":[{"width":1920,"height":1688,"url":"https:\/\/asociacionelhogardemika.org\/wp-content\/uploads\/2025\/06\/bundo-kim-FdbR_lHBrE4-unsplash.jpg","type":"image\/jpeg"}],"twitter_card":"summary_large_image","twitter_misc":{"Estimated reading time":"4 minutes"},"schema":{"@context":"https:\/\/schema.org","@graph":[{"@type":"WebPage","@id":"https:\/\/asociacionelhogardemika.org\/voluntariados\/","url":"https:\/\/asociacionelhogardemika.org\/voluntariados\/","name":"Voluntariados - El Hogar de Mika","isPartOf":{"@id":"https:\/\/asociacionelhogardemika.org\/#website"},"primaryImageOfPage":{"@id":"https:\/\/asociacionelhogardemika.org\/voluntariados\/#primaryimage"},"image":{"@id":"https:\/\/asociacionelhogardemika.org\/voluntariados\/#primaryimage"},"thumbnailUrl":"https:\/\/asociacionelhogardemika.org\/wp-content\/uploads\/2025\/06\/bundo-kim-FdbR_lHBrE4-unsplash.jpg","datePublished":"2025-06-22T16:13:10+00:00","dateModified":"2025-09-10T19:25:01+00:00","description":"Los voluntariados son vitales para mantener adelante esta hermosa causa, vuestro tiempo es valioso, y nuestros peluditos lo agradecen.","breadcrumb":{"@id":"https:\/\/asociacionelhogardemika.org\/voluntariados\/#breadcrumb"},"inLanguage":"en-GB","potentialAction":[{"@type":"ReadAction","target":["https:\/\/asociacionelhogardemika.org\/voluntariados\/"]}]},{"@type":"ImageObject","inLanguage":"en-GB","@id":"https:\/\/asociacionelhogardemika.org\/voluntariados\/#primaryimage","url":"https:\/\/asociacionelhogardemika.org\/wp-content\/uploads\/2025\/06\/bundo-kim-FdbR_lHBrE4-unsplash.jpg","contentUrl":"https:\/\/asociacionelhogardemika.org\/wp-content\/uploads\/2025\/06\/bundo-kim-FdbR_lHBrE4-unsplash.jpg","width":1920,"height":1688},{"@type":"BreadcrumbList","@id":"https:\/\/asociacionelhogardemika.org\/voluntariados\/#breadcrumb","itemListElement":[{"@type":"ListItem","position":1,"name":"Portada","item":"https:\/\/asociacionelhogardemika.org\/"},{"@type":"ListItem","position":2,"name":"Voluntariados"}]},{"@type":"WebSite","@id":"https:\/\/asociacionelhogardemika.org\/#website","url":"https:\/\/asociacionelhogardemika.org\/","name":"El Hogar de Mika","description":"Asociaci\u00f3n de bienestar animal","publisher":{"@id":"https:\/\/asociacionelhogardemika.org\/#organization"},"alternateName":"Asociaci\u00f3n El hogar de Mika","potentialAction":[{"@type":"SearchAction","target":{"@type":"EntryPoint","urlTemplate":"https:\/\/asociacionelhogardemika.org\/?s={search_term_string}"},"query-input":{"@type":"PropertyValueSpecification","valueRequired":true,"valueName":"search_term_string"}}],"inLanguage":"en-GB"},{"@type":"Organization","@id":"https:\/\/asociacionelhogardemika.org\/#organization","name":"El Hogar de Mika","alternateName":"Asociaci\u00f3n El Hogar de Mika","url":"https:\/\/asociacionelhogardemika.org\/","logo":{"@type":"ImageObject","inLanguage":"en-GB","@id":"https:\/\/asociacionelhogardemika.org\/#\/schema\/logo\/image\/","url":"https:\/\/asociacionelhogardemika.org\/wp-content\/uploads\/2025\/06\/logo-el-hogar-de-mika.jpg","contentUrl":"https:\/\/asociacionelhogardemika.org\/wp-content\/uploads\/2025\/06\/logo-el-hogar-de-mika.jpg","width":1000,"height":1000,"caption":"El Hogar de Mika"},"image":{"@id":"https:\/\/asociacionelhogardemika.org\/#\/schema\/logo\/image\/"},"sameAs":["https:\/\/www.instagram.com\/elhogardemika\/","https:\/\/www.teaming.net\/elhogardemika","https:\/\/petshelter.miwuki.com\/p\/ARvXm1x3"]}]}},"_links":{"self":[{"href":"https:\/\/asociacionelhogardemika.org\/en\/wp-json\/wp\/v2\/pages\/31","targetHints":{"allow":["GET"]}}],"collection":[{"href":"https:\/\/asociacionelhogardemika.org\/en\/wp-json\/wp\/v2\/pages"}],"about":[{"href":"https:\/\/asociacionelhogardemika.org\/en\/wp-json\/wp\/v2\/types\/page"}],"author":[{"embeddable":true,"href":"https:\/\/asociacionelhogardemika.org\/en\/wp-json\/wp\/v2\/users\/1"}],"replies":[{"embeddable":true,"href":"https:\/\/asociacionelhogardemika.org\/en\/wp-json\/wp\/v2\/comments?post=31"}],"version-history":[{"count":51,"href":"https:\/\/asociacionelhogardemika.org\/en\/wp-json\/wp\/v2\/pages\/31\/revisions"}],"predecessor-version":[{"id":778,"href":"https:\/\/asociacionelhogardemika.org\/en\/wp-json\/wp\/v2\/pages\/31\/revisions\/778"}],"wp:featuredmedia":[{"embeddable":true,"href":"https:\/\/asociacionelhogardemika.org\/en\/wp-json\/wp\/v2\/media\/66"}],"wp:attachment":[{"href":"https:\/\/asociacionelhogardemika.org\/en\/wp-json\/wp\/v2\/media?parent=31"}],"curies":[{"name":"wp","href":"https:\/\/api.w.org\/{rel}","templated":true}]}}