{"id":273,"date":"2025-06-27T18:50:57","date_gmt":"2025-06-27T16:50:57","guid":{"rendered":"https:\/\/asociacionelhogardemika.org\/?page_id=273"},"modified":"2025-09-10T20:13:15","modified_gmt":"2025-09-10T18:13:15","slug":"campanas-y-recaudacion","status":"publish","type":"page","link":"https:\/\/asociacionelhogardemika.org\/en\/campanas-y-recaudacion\/","title":{"rendered":"Campaigns and fundraising"},"content":{"rendered":"<p>We have set up a Teaming account so that our members can make monthly contributions. Likewise, through the adoptions we manage, we ask adoptive families for a financial contribution to cover part of the costs involved in sterilisation, testing, vaccination, microchipping, passports and transport in cases where animals have to travel to another province or country to reach their families.<\/p>\n\n\n\n<p>Join our Teaming so that we can continue saving more lives. You can do so by clicking on the following link: \u00a0<a href=\"https:\/\/www.teaming.net\/elhogardemika?lang=es_ES\">https:\/\/www.teaming.net\/elhogardemika?lang=es_ES<\/a><\/p>\n\n\n\n<div style=\"height:50px\" aria-hidden=\"true\" class=\"wp-block-spacer\"><\/div>\n\n\n<div class=\"wp-block-image\">\n<figure class=\"aligncenter size-full is-resized\"><img loading=\"lazy\" decoding=\"async\" width=\"550\" height=\"310\" src=\"https:\/\/asociacionelhogardemika.org\/wp-content\/uploads\/2025\/06\/teaming_aide_dons.png\" alt=\"\" class=\"wp-image-279\" style=\"width:600px\" srcset=\"https:\/\/asociacionelhogardemika.org\/wp-content\/uploads\/2025\/06\/teaming_aide_dons.png 550w, https:\/\/asociacionelhogardemika.org\/wp-content\/uploads\/2025\/06\/teaming_aide_dons-300x169.png 300w\" sizes=\"auto, (max-width: 550px) 100vw, 550px\" \/><figcaption class=\"wp-element-caption\">By joining our teaming, you will be giving love and a new opportunity to a furry friend.<\/figcaption><\/figure><\/div>","protected":false},"excerpt":{"rendered":"<p>Ay\u00fadanos y participa de nuestras campa\u00f1as de recaudaci\u00f3n, cada aporte vuestro, nos ayuda en gran medida en seguir ayudando a perros y gatos en situaci\u00f3n vulnerable. <\/p>","protected":false},"author":1,"featured_media":276,"parent":0,"menu_order":0,"comment_status":"closed","ping_status":"closed","template":"","meta":{"_acf_changed":false,"footnotes":""},"class_list":["post-273","page","type-page","status-publish","has-post-thumbnail","hentry"],"acf":[],"yoast_head":"<!-- This site is optimized with the Yoast SEO plugin v26.4 - https:\/\/yoast.com\/wordpress\/plugins\/seo\/ -->\n<title>Campa\u00f1as y recaudaci\u00f3n - El Hogar de Mika<\/title>\n<meta name=\"description\" content=\"Ay\u00fadanos y participa de nuestras campa\u00f1as de recaudaci\u00f3n, cada aporte vuestro, nos ayuda en gran medida en seguir ayudando a los peluditos.\" \/>\n<meta name=\"robots\" content=\"index, follow, max-snippet:-1, max-image-preview:large, max-video-preview:-1\" \/>\n<link rel=\"canonical\" href=\"https:\/\/asociacionelhogardemika.org\/en\/campanas-y-recaudacion\/\" \/>\n<meta property=\"og:locale\" content=\"en_GB\" \/>\n<meta property=\"og:type\" content=\"article\" \/>\n<meta property=\"og:title\" content=\"Campa\u00f1as y recaudaci\u00f3n - El Hogar de Mika\" \/>\n<meta property=\"og:description\" content=\"Ay\u00fadanos y participa de nuestras campa\u00f1as de recaudaci\u00f3n, cada aporte vuestro, nos ayuda en gran medida en seguir ayudando a los peluditos.\" \/>\n<meta property=\"og:url\" content=\"https:\/\/asociacionelhogardemika.org\/en\/campanas-y-recaudacion\/\" \/>\n<meta property=\"og:site_name\" content=\"El Hogar de Mika\" \/>\n<meta property=\"article:modified_time\" content=\"2025-09-10T18:13:15+00:00\" \/>\n<meta property=\"og:image\" content=\"https:\/\/asociacionelhogardemika.org\/wp-content\/uploads\/2025\/06\/alvan-nee-1VgfQdCuX-4-unsplash-scaled.jpg\" \/>\n\t<meta property=\"og:image:width\" content=\"1705\" \/>\n\t<meta property=\"og:image:height\" content=\"2560\" \/>\n\t<meta property=\"og:image:type\" content=\"image\/jpeg\" \/>\n<meta name=\"twitter:card\" content=\"summary_large_image\" \/>\n<meta name=\"twitter:label1\" content=\"Estimated reading time\" \/>\n\t<meta name=\"twitter:data1\" content=\"1 minute\" \/>\n<script type=\"application\/ld+json\" class=\"yoast-schema-graph\">{\"@context\":\"https:\/\/schema.org\",\"@graph\":[{\"@type\":\"WebPage\",\"@id\":\"https:\/\/asociacionelhogardemika.org\/campanas-y-recaudacion\/\",\"url\":\"https:\/\/asociacionelhogardemika.org\/campanas-y-recaudacion\/\",\"name\":\"Campa\u00f1as y recaudaci\u00f3n - El Hogar de Mika\",\"isPartOf\":{\"@id\":\"https:\/\/asociacionelhogardemika.org\/#website\"},\"primaryImageOfPage\":{\"@id\":\"https:\/\/asociacionelhogardemika.org\/campanas-y-recaudacion\/#primaryimage\"},\"image\":{\"@id\":\"https:\/\/asociacionelhogardemika.org\/campanas-y-recaudacion\/#primaryimage\"},\"thumbnailUrl\":\"https:\/\/asociacionelhogardemika.org\/wp-content\/uploads\/2025\/06\/alvan-nee-1VgfQdCuX-4-unsplash-scaled.jpg\",\"datePublished\":\"2025-06-27T16:50:57+00:00\",\"dateModified\":\"2025-09-10T18:13:15+00:00\",\"description\":\"Ay\u00fadanos y participa de nuestras campa\u00f1as de recaudaci\u00f3n, cada aporte vuestro, nos ayuda en gran medida en seguir ayudando a los peluditos.\",\"breadcrumb\":{\"@id\":\"https:\/\/asociacionelhogardemika.org\/campanas-y-recaudacion\/#breadcrumb\"},\"inLanguage\":\"en-GB\",\"potentialAction\":[{\"@type\":\"ReadAction\",\"target\":[\"https:\/\/asociacionelhogardemika.org\/campanas-y-recaudacion\/\"]}]},{\"@type\":\"ImageObject\",\"inLanguage\":\"en-GB\",\"@id\":\"https:\/\/asociacionelhogardemika.org\/campanas-y-recaudacion\/#primaryimage\",\"url\":\"https:\/\/asociacionelhogardemika.org\/wp-content\/uploads\/2025\/06\/alvan-nee-1VgfQdCuX-4-unsplash-scaled.jpg\",\"contentUrl\":\"https:\/\/asociacionelhogardemika.org\/wp-content\/uploads\/2025\/06\/alvan-nee-1VgfQdCuX-4-unsplash-scaled.jpg\",\"width\":1705,\"height\":2560,\"caption\":\"Campa\u00f1as y recaudaci\u00f3n. Foto de Alvan Nee en Unsplash.\"},{\"@type\":\"BreadcrumbList\",\"@id\":\"https:\/\/asociacionelhogardemika.org\/campanas-y-recaudacion\/#breadcrumb\",\"itemListElement\":[{\"@type\":\"ListItem\",\"position\":1,\"name\":\"Portada\",\"item\":\"https:\/\/asociacionelhogardemika.org\/\"},{\"@type\":\"ListItem\",\"position\":2,\"name\":\"Campa\u00f1as y recaudaci\u00f3n\"}]},{\"@type\":\"WebSite\",\"@id\":\"https:\/\/asociacionelhogardemika.org\/#website\",\"url\":\"https:\/\/asociacionelhogardemika.org\/\",\"name\":\"El Hogar de Mika\",\"description\":\"Asociaci\u00f3n de bienestar animal\",\"publisher\":{\"@id\":\"https:\/\/asociacionelhogardemika.org\/#organization\"},\"alternateName\":\"Asociaci\u00f3n El hogar de Mika\",\"potentialAction\":[{\"@type\":\"SearchAction\",\"target\":{\"@type\":\"EntryPoint\",\"urlTemplate\":\"https:\/\/asociacionelhogardemika.org\/?s={search_term_string}\"},\"query-input\":{\"@type\":\"PropertyValueSpecification\",\"valueRequired\":true,\"valueName\":\"search_term_string\"}}],\"inLanguage\":\"en-GB\"},{\"@type\":\"Organization\",\"@id\":\"https:\/\/asociacionelhogardemika.org\/#organization\",\"name\":\"El Hogar de Mika\",\"alternateName\":\"Asociaci\u00f3n El Hogar de Mika\",\"url\":\"https:\/\/asociacionelhogardemika.org\/\",\"logo\":{\"@type\":\"ImageObject\",\"inLanguage\":\"en-GB\",\"@id\":\"https:\/\/asociacionelhogardemika.org\/#\/schema\/logo\/image\/\",\"url\":\"https:\/\/asociacionelhogardemika.org\/wp-content\/uploads\/2025\/06\/logo-el-hogar-de-mika.jpg\",\"contentUrl\":\"https:\/\/asociacionelhogardemika.org\/wp-content\/uploads\/2025\/06\/logo-el-hogar-de-mika.jpg\",\"width\":1000,\"height\":1000,\"caption\":\"El Hogar de Mika\"},\"image\":{\"@id\":\"https:\/\/asociacionelhogardemika.org\/#\/schema\/logo\/image\/\"},\"sameAs\":[\"https:\/\/www.instagram.com\/elhogardemika\/\",\"https:\/\/www.teaming.net\/elhogardemika\",\"https:\/\/petshelter.miwuki.com\/p\/ARvXm1x3\"]}]}<\/script>\n<!-- \/ Yoast SEO plugin. -->","yoast_head_json":{"title":"Campa\u00f1as y recaudaci\u00f3n - El Hogar de Mika","description":"Ay\u00fadanos y participa de nuestras campa\u00f1as de recaudaci\u00f3n, cada aporte vuestro, nos ayuda en gran medida en seguir ayudando a los peluditos.","robots":{"index":"index","follow":"follow","max-snippet":"max-snippet:-1","max-image-preview":"max-image-preview:large","max-video-preview":"max-video-preview:-1"},"canonical":"https:\/\/asociacionelhogardemika.org\/en\/campanas-y-recaudacion\/","og_locale":"en_GB","og_type":"article","og_title":"Campa\u00f1as y recaudaci\u00f3n - El Hogar de Mika","og_description":"Ay\u00fadanos y participa de nuestras campa\u00f1as de recaudaci\u00f3n, cada aporte vuestro, nos ayuda en gran medida en seguir ayudando a los peluditos.","og_url":"https:\/\/asociacionelhogardemika.org\/en\/campanas-y-recaudacion\/","og_site_name":"El Hogar de Mika","article_modified_time":"2025-09-10T18:13:15+00:00","og_image":[{"width":1705,"height":2560,"url":"https:\/\/asociacionelhogardemika.org\/wp-content\/uploads\/2025\/06\/alvan-nee-1VgfQdCuX-4-unsplash-scaled.jpg","type":"image\/jpeg"}],"twitter_card":"summary_large_image","twitter_misc":{"Estimated reading time":"1 minute"},"schema":{"@context":"https:\/\/schema.org","@graph":[{"@type":"WebPage","@id":"https:\/\/asociacionelhogardemika.org\/campanas-y-recaudacion\/","url":"https:\/\/asociacionelhogardemika.org\/campanas-y-recaudacion\/","name":"Campa\u00f1as y recaudaci\u00f3n - El Hogar de Mika","isPartOf":{"@id":"https:\/\/asociacionelhogardemika.org\/#website"},"primaryImageOfPage":{"@id":"https:\/\/asociacionelhogardemika.org\/campanas-y-recaudacion\/#primaryimage"},"image":{"@id":"https:\/\/asociacionelhogardemika.org\/campanas-y-recaudacion\/#primaryimage"},"thumbnailUrl":"https:\/\/asociacionelhogardemika.org\/wp-content\/uploads\/2025\/06\/alvan-nee-1VgfQdCuX-4-unsplash-scaled.jpg","datePublished":"2025-06-27T16:50:57+00:00","dateModified":"2025-09-10T18:13:15+00:00","description":"Ay\u00fadanos y participa de nuestras campa\u00f1as de recaudaci\u00f3n, cada aporte vuestro, nos ayuda en gran medida en seguir ayudando a los peluditos.","breadcrumb":{"@id":"https:\/\/asociacionelhogardemika.org\/campanas-y-recaudacion\/#breadcrumb"},"inLanguage":"en-GB","potentialAction":[{"@type":"ReadAction","target":["https:\/\/asociacionelhogardemika.org\/campanas-y-recaudacion\/"]}]},{"@type":"ImageObject","inLanguage":"en-GB","@id":"https:\/\/asociacionelhogardemika.org\/campanas-y-recaudacion\/#primaryimage","url":"https:\/\/asociacionelhogardemika.org\/wp-content\/uploads\/2025\/06\/alvan-nee-1VgfQdCuX-4-unsplash-scaled.jpg","contentUrl":"https:\/\/asociacionelhogardemika.org\/wp-content\/uploads\/2025\/06\/alvan-nee-1VgfQdCuX-4-unsplash-scaled.jpg","width":1705,"height":2560,"caption":"Campa\u00f1as y recaudaci\u00f3n. Foto de Alvan Nee en Unsplash."},{"@type":"BreadcrumbList","@id":"https:\/\/asociacionelhogardemika.org\/campanas-y-recaudacion\/#breadcrumb","itemListElement":[{"@type":"ListItem","position":1,"name":"Portada","item":"https:\/\/asociacionelhogardemika.org\/"},{"@type":"ListItem","position":2,"name":"Campa\u00f1as y recaudaci\u00f3n"}]},{"@type":"WebSite","@id":"https:\/\/asociacionelhogardemika.org\/#website","url":"https:\/\/asociacionelhogardemika.org\/","name":"El Hogar de Mika","description":"Asociaci\u00f3n de bienestar animal","publisher":{"@id":"https:\/\/asociacionelhogardemika.org\/#organization"},"alternateName":"Asociaci\u00f3n El hogar de Mika","potentialAction":[{"@type":"SearchAction","target":{"@type":"EntryPoint","urlTemplate":"https:\/\/asociacionelhogardemika.org\/?s={search_term_string}"},"query-input":{"@type":"PropertyValueSpecification","valueRequired":true,"valueName":"search_term_string"}}],"inLanguage":"en-GB"},{"@type":"Organization","@id":"https:\/\/asociacionelhogardemika.org\/#organization","name":"El Hogar de Mika","alternateName":"Asociaci\u00f3n El Hogar de Mika","url":"https:\/\/asociacionelhogardemika.org\/","logo":{"@type":"ImageObject","inLanguage":"en-GB","@id":"https:\/\/asociacionelhogardemika.org\/#\/schema\/logo\/image\/","url":"https:\/\/asociacionelhogardemika.org\/wp-content\/uploads\/2025\/06\/logo-el-hogar-de-mika.jpg","contentUrl":"https:\/\/asociacionelhogardemika.org\/wp-content\/uploads\/2025\/06\/logo-el-hogar-de-mika.jpg","width":1000,"height":1000,"caption":"El Hogar de Mika"},"image":{"@id":"https:\/\/asociacionelhogardemika.org\/#\/schema\/logo\/image\/"},"sameAs":["https:\/\/www.instagram.com\/elhogardemika\/","https:\/\/www.teaming.net\/elhogardemika","https:\/\/petshelter.miwuki.com\/p\/ARvXm1x3"]}]}},"_links":{"self":[{"href":"https:\/\/asociacionelhogardemika.org\/en\/wp-json\/wp\/v2\/pages\/273","targetHints":{"allow":["GET"]}}],"collection":[{"href":"https:\/\/asociacionelhogardemika.org\/en\/wp-json\/wp\/v2\/pages"}],"about":[{"href":"https:\/\/asociacionelhogardemika.org\/en\/wp-json\/wp\/v2\/types\/page"}],"author":[{"embeddable":true,"href":"https:\/\/asociacionelhogardemika.org\/en\/wp-json\/wp\/v2\/users\/1"}],"replies":[{"embeddable":true,"href":"https:\/\/asociacionelhogardemika.org\/en\/wp-json\/wp\/v2\/comments?post=273"}],"version-history":[{"count":6,"href":"https:\/\/asociacionelhogardemika.org\/en\/wp-json\/wp\/v2\/pages\/273\/revisions"}],"predecessor-version":[{"id":756,"href":"https:\/\/asociacionelhogardemika.org\/en\/wp-json\/wp\/v2\/pages\/273\/revisions\/756"}],"wp:featuredmedia":[{"embeddable":true,"href":"https:\/\/asociacionelhogardemika.org\/en\/wp-json\/wp\/v2\/media\/276"}],"wp:attachment":[{"href":"https:\/\/asociacionelhogardemika.org\/en\/wp-json\/wp\/v2\/media?parent=273"}],"curies":[{"name":"wp","href":"https:\/\/api.w.org\/{rel}","templated":true}]}}