{"id":249,"date":"2025-06-27T18:09:29","date_gmt":"2025-06-27T16:09:29","guid":{"rendered":"https:\/\/asociacionelhogardemika.org\/?page_id=249"},"modified":"2025-09-08T22:53:16","modified_gmt":"2025-09-08T20:53:16","slug":"actividades","status":"publish","type":"page","link":"https:\/\/asociacionelhogardemika.org\/en\/actividades\/","title":{"rendered":"Activities"},"content":{"rendered":"<section class=\"wp-block-group circle-gallery\"><div class=\"wp-block-group__inner-container is-layout-constrained wp-block-group-is-layout-constrained\">\n<h2 class=\"wp-block-heading\">Committed to community colonies<\/h2>\n\n\n\n<p>We care for and maintain various cat colonies in the province of Granada, where we feed them, provide veterinary care when needed, and spay or neuter each of the cats in the colonies to control birth rates and prevent stress, fighting, and the spread of disease.<\/p>\n\n\n\n<p>We also install feeders, waterers and shelters to protect against inclement weather, and we sanitise the areas to prevent disease.<\/p>\n\n\n\n<div style=\"height:50px\" aria-hidden=\"true\" class=\"wp-block-spacer\"><\/div>\n\n\n\n<figure class=\"wp-block-gallery has-nested-images columns-4 is-cropped wp-block-gallery-1 is-layout-flex wp-block-gallery-is-layout-flex\">\n<figure class=\"wp-block-image size-large\"><a href=\"https:\/\/asociacionelhogardemika.org\/wp-content\/uploads\/2025\/06\/e958b3f9-0c78-4795-9c22-c6e097cb3a04-5-min.png\"><img loading=\"lazy\" decoding=\"async\" width=\"984\" height=\"984\" data-id=\"258\" src=\"https:\/\/asociacionelhogardemika.org\/wp-content\/uploads\/2025\/06\/e958b3f9-0c78-4795-9c22-c6e097cb3a04-5-min.png\" alt=\"\" class=\"wp-image-258\" srcset=\"https:\/\/asociacionelhogardemika.org\/wp-content\/uploads\/2025\/06\/e958b3f9-0c78-4795-9c22-c6e097cb3a04-5-min.png 984w, https:\/\/asociacionelhogardemika.org\/wp-content\/uploads\/2025\/06\/e958b3f9-0c78-4795-9c22-c6e097cb3a04-5-min-300x300.png 300w, https:\/\/asociacionelhogardemika.org\/wp-content\/uploads\/2025\/06\/e958b3f9-0c78-4795-9c22-c6e097cb3a04-5-min-150x150.png 150w, https:\/\/asociacionelhogardemika.org\/wp-content\/uploads\/2025\/06\/e958b3f9-0c78-4795-9c22-c6e097cb3a04-5-min-768x768.png 768w\" sizes=\"auto, (max-width: 984px) 100vw, 984px\" \/><\/a><\/figure>\n\n\n\n<figure class=\"wp-block-image size-large\"><a href=\"https:\/\/asociacionelhogardemika.org\/wp-content\/uploads\/2025\/06\/769cd4ba-7c5d-4783-ade0-d1c0b5d30e14-4-min.png\"><img loading=\"lazy\" decoding=\"async\" width=\"1024\" height=\"1024\" data-id=\"256\" src=\"https:\/\/asociacionelhogardemika.org\/wp-content\/uploads\/2025\/06\/769cd4ba-7c5d-4783-ade0-d1c0b5d30e14-4-min-1024x1024.png\" alt=\"\" class=\"wp-image-256\" srcset=\"https:\/\/asociacionelhogardemika.org\/wp-content\/uploads\/2025\/06\/769cd4ba-7c5d-4783-ade0-d1c0b5d30e14-4-min-1024x1024.png 1024w, https:\/\/asociacionelhogardemika.org\/wp-content\/uploads\/2025\/06\/769cd4ba-7c5d-4783-ade0-d1c0b5d30e14-4-min-300x300.png 300w, https:\/\/asociacionelhogardemika.org\/wp-content\/uploads\/2025\/06\/769cd4ba-7c5d-4783-ade0-d1c0b5d30e14-4-min-150x150.png 150w, https:\/\/asociacionelhogardemika.org\/wp-content\/uploads\/2025\/06\/769cd4ba-7c5d-4783-ade0-d1c0b5d30e14-4-min-768x768.png 768w, https:\/\/asociacionelhogardemika.org\/wp-content\/uploads\/2025\/06\/769cd4ba-7c5d-4783-ade0-d1c0b5d30e14-4-min.png 1122w\" sizes=\"auto, (max-width: 1024px) 100vw, 1024px\" \/><\/a><\/figure>\n\n\n\n<figure class=\"wp-block-image size-large\"><a href=\"https:\/\/asociacionelhogardemika.org\/wp-content\/uploads\/2025\/06\/9a793bb5-8cb1-4ed3-be78-e1e0839158ff-4-min.png\"><img loading=\"lazy\" decoding=\"async\" width=\"1024\" height=\"1024\" data-id=\"255\" src=\"https:\/\/asociacionelhogardemika.org\/wp-content\/uploads\/2025\/06\/9a793bb5-8cb1-4ed3-be78-e1e0839158ff-4-min-1024x1024.png\" alt=\"\" class=\"wp-image-255\" srcset=\"https:\/\/asociacionelhogardemika.org\/wp-content\/uploads\/2025\/06\/9a793bb5-8cb1-4ed3-be78-e1e0839158ff-4-min-1024x1024.png 1024w, https:\/\/asociacionelhogardemika.org\/wp-content\/uploads\/2025\/06\/9a793bb5-8cb1-4ed3-be78-e1e0839158ff-4-min-300x300.png 300w, https:\/\/asociacionelhogardemika.org\/wp-content\/uploads\/2025\/06\/9a793bb5-8cb1-4ed3-be78-e1e0839158ff-4-min-150x150.png 150w, https:\/\/asociacionelhogardemika.org\/wp-content\/uploads\/2025\/06\/9a793bb5-8cb1-4ed3-be78-e1e0839158ff-4-min-768x768.png 768w, https:\/\/asociacionelhogardemika.org\/wp-content\/uploads\/2025\/06\/9a793bb5-8cb1-4ed3-be78-e1e0839158ff-4-min.png 1441w\" sizes=\"auto, (max-width: 1024px) 100vw, 1024px\" \/><\/a><\/figure>\n\n\n\n<figure class=\"wp-block-image size-large\"><a href=\"https:\/\/asociacionelhogardemika.org\/wp-content\/uploads\/2025\/06\/308853b7-a21e-48b4-a6ff-d48d1a082540-4-min.png\"><img loading=\"lazy\" decoding=\"async\" width=\"664\" height=\"664\" data-id=\"257\" src=\"https:\/\/asociacionelhogardemika.org\/wp-content\/uploads\/2025\/06\/308853b7-a21e-48b4-a6ff-d48d1a082540-4-min.png\" alt=\"\" class=\"wp-image-257\" srcset=\"https:\/\/asociacionelhogardemika.org\/wp-content\/uploads\/2025\/06\/308853b7-a21e-48b4-a6ff-d48d1a082540-4-min.png 664w, https:\/\/asociacionelhogardemika.org\/wp-content\/uploads\/2025\/06\/308853b7-a21e-48b4-a6ff-d48d1a082540-4-min-300x300.png 300w, https:\/\/asociacionelhogardemika.org\/wp-content\/uploads\/2025\/06\/308853b7-a21e-48b4-a6ff-d48d1a082540-4-min-150x150.png 150w\" sizes=\"auto, (max-width: 664px) 100vw, 664px\" \/><\/a><\/figure>\n<\/figure>\n\n\n\n<div style=\"height:50px\" aria-hidden=\"true\" class=\"wp-block-spacer\"><\/div>\n<\/div><\/section>\n\n\n\n<section class=\"wp-block-group\"><div class=\"wp-block-group__inner-container is-layout-constrained wp-block-group-is-layout-constrained\">\n<h2 class=\"wp-block-heading\">We provide veterinary assistance<\/h2>\n\n\n\n<p>We provide veterinary care to all cats and dogs that we rescue from the streets, as well as those from the colonies we manage through our partner veterinarians.<\/p>\n\n\n\n<div style=\"height:50px\" aria-hidden=\"true\" class=\"wp-block-spacer\"><\/div>\n\n\n<div class=\"wp-block-image\">\n<figure class=\"aligncenter size-full is-resized\"><img loading=\"lazy\" decoding=\"async\" width=\"884\" height=\"884\" src=\"https:\/\/asociacionelhogardemika.org\/wp-content\/uploads\/2025\/06\/captura-de-pantalla-2025-03-15-a-las-15.36.21-1-min.png\" alt=\"Proporcionamos asistencia veterinaria\" class=\"wp-image-266\" style=\"width:500px\" srcset=\"https:\/\/asociacionelhogardemika.org\/wp-content\/uploads\/2025\/06\/captura-de-pantalla-2025-03-15-a-las-15.36.21-1-min.png 884w, https:\/\/asociacionelhogardemika.org\/wp-content\/uploads\/2025\/06\/captura-de-pantalla-2025-03-15-a-las-15.36.21-1-min-300x300.png 300w, https:\/\/asociacionelhogardemika.org\/wp-content\/uploads\/2025\/06\/captura-de-pantalla-2025-03-15-a-las-15.36.21-1-min-150x150.png 150w, https:\/\/asociacionelhogardemika.org\/wp-content\/uploads\/2025\/06\/captura-de-pantalla-2025-03-15-a-las-15.36.21-1-min-768x768.png 768w\" sizes=\"auto, (max-width: 884px) 100vw, 884px\" \/><figcaption class=\"wp-element-caption\">One of many cats we have helped at our Association<\/figcaption><\/figure><\/div>\n\n\n<div style=\"height:50px\" aria-hidden=\"true\" class=\"wp-block-spacer\"><\/div>\n<\/div><\/section>\n\n\n\n<div class=\"wp-block-group\"><div class=\"wp-block-group__inner-container is-layout-constrained wp-block-group-is-layout-constrained\">\n<h2 class=\"wp-block-heading\">We support the community<\/h2>\n\n\n\n<p>We help some low-income families with feeding their animals and veterinary care when the situation requires it.<\/p>\n\n\n\n<p>We also support other associations in feeding the cat colonies they manage and seek families and foster homes to find them a safe temporary and\/or permanent home.<\/p>\n\n\n\n<div style=\"height:50px\" aria-hidden=\"true\" class=\"wp-block-spacer\"><\/div>\n\n\n<div class=\"wp-block-image\">\n<figure class=\"aligncenter size-large is-resized\"><img loading=\"lazy\" decoding=\"async\" width=\"1024\" height=\"678\" src=\"https:\/\/asociacionelhogardemika.org\/wp-content\/uploads\/2025\/06\/sfsdfew-min-1024x678.png\" alt=\"\" class=\"wp-image-271\" style=\"width:800px\" srcset=\"https:\/\/asociacionelhogardemika.org\/wp-content\/uploads\/2025\/06\/sfsdfew-min-1024x678.png 1024w, https:\/\/asociacionelhogardemika.org\/wp-content\/uploads\/2025\/06\/sfsdfew-min-300x198.png 300w, https:\/\/asociacionelhogardemika.org\/wp-content\/uploads\/2025\/06\/sfsdfew-min-768x508.png 768w, https:\/\/asociacionelhogardemika.org\/wp-content\/uploads\/2025\/06\/sfsdfew-min.png 1126w\" sizes=\"auto, (max-width: 1024px) 100vw, 1024px\" \/><figcaption class=\"wp-element-caption\">We are a great team when it comes to helping furry friends in need.<\/figcaption><\/figure><\/div>\n\n\n<div style=\"height:50px\" aria-hidden=\"true\" class=\"wp-block-spacer\"><\/div>\n<\/div><\/div>","protected":false},"excerpt":{"rendered":"<p>La Asociaci\u00f3n El Hogar de Mika cuida colonias felinas en Granada, ofreciendo alimentaci\u00f3n, esterilizaci\u00f3n y asistencia veterinaria. Instalan refugios y mantienen las zonas higienizadas. Tambi\u00e9n ayudan a animales callejeros y apoyan a familias con pocos recursos, colaborando con otras asociaciones para encontrar hogares temporales o definitivos.<\/p>","protected":false},"author":1,"featured_media":252,"parent":0,"menu_order":0,"comment_status":"closed","ping_status":"closed","template":"","meta":{"_acf_changed":false,"footnotes":""},"class_list":["post-249","page","type-page","status-publish","has-post-thumbnail","hentry"],"acf":[],"yoast_head":"<!-- This site is optimized with the Yoast SEO plugin v26.4 - https:\/\/yoast.com\/wordpress\/plugins\/seo\/ -->\n<title>Actividades - Comprometidos con el bienestar animal - El Hogar de Mika<\/title>\n<meta name=\"description\" content=\"Siempre comprometidos con el bienestar animal, cuidamos colonias felinas, brindamos asistencia veterinaria y apoyamos a quienes m\u00e1s lo necesitan.\" \/>\n<meta name=\"robots\" content=\"index, follow, max-snippet:-1, max-image-preview:large, max-video-preview:-1\" \/>\n<link rel=\"canonical\" href=\"https:\/\/asociacionelhogardemika.org\/en\/actividades\/\" \/>\n<meta property=\"og:locale\" content=\"en_GB\" \/>\n<meta property=\"og:type\" content=\"article\" \/>\n<meta property=\"og:title\" content=\"Actividades - Comprometidos con el bienestar animal - El Hogar de Mika\" \/>\n<meta property=\"og:description\" content=\"Siempre comprometidos con el bienestar animal, cuidamos colonias felinas, brindamos asistencia veterinaria y apoyamos a quienes m\u00e1s lo necesitan.\" \/>\n<meta property=\"og:url\" content=\"https:\/\/asociacionelhogardemika.org\/en\/actividades\/\" \/>\n<meta property=\"og:site_name\" content=\"El Hogar de Mika\" \/>\n<meta property=\"article:modified_time\" content=\"2025-09-08T20:53:16+00:00\" \/>\n<meta property=\"og:image\" content=\"https:\/\/asociacionelhogardemika.org\/wp-content\/uploads\/2025\/06\/reba-spike-v9ntzBoQykg-unsplash.jpg\" \/>\n\t<meta property=\"og:image:width\" content=\"1920\" \/>\n\t<meta property=\"og:image:height\" content=\"1280\" \/>\n\t<meta property=\"og:image:type\" content=\"image\/jpeg\" \/>\n<meta name=\"twitter:card\" content=\"summary_large_image\" \/>\n<meta name=\"twitter:label1\" content=\"Estimated reading time\" \/>\n\t<meta name=\"twitter:data1\" content=\"3 minutes\" \/>\n<script type=\"application\/ld+json\" class=\"yoast-schema-graph\">{\"@context\":\"https:\/\/schema.org\",\"@graph\":[{\"@type\":\"WebPage\",\"@id\":\"https:\/\/asociacionelhogardemika.org\/actividades\/\",\"url\":\"https:\/\/asociacionelhogardemika.org\/actividades\/\",\"name\":\"Actividades - Comprometidos con el bienestar animal - El Hogar de Mika\",\"isPartOf\":{\"@id\":\"https:\/\/asociacionelhogardemika.org\/#website\"},\"primaryImageOfPage\":{\"@id\":\"https:\/\/asociacionelhogardemika.org\/actividades\/#primaryimage\"},\"image\":{\"@id\":\"https:\/\/asociacionelhogardemika.org\/actividades\/#primaryimage\"},\"thumbnailUrl\":\"https:\/\/asociacionelhogardemika.org\/wp-content\/uploads\/2025\/06\/reba-spike-v9ntzBoQykg-unsplash.jpg\",\"datePublished\":\"2025-06-27T16:09:29+00:00\",\"dateModified\":\"2025-09-08T20:53:16+00:00\",\"description\":\"Siempre comprometidos con el bienestar animal, cuidamos colonias felinas, brindamos asistencia veterinaria y apoyamos a quienes m\u00e1s lo necesitan.\",\"breadcrumb\":{\"@id\":\"https:\/\/asociacionelhogardemika.org\/actividades\/#breadcrumb\"},\"inLanguage\":\"en-GB\",\"potentialAction\":[{\"@type\":\"ReadAction\",\"target\":[\"https:\/\/asociacionelhogardemika.org\/actividades\/\"]}]},{\"@type\":\"ImageObject\",\"inLanguage\":\"en-GB\",\"@id\":\"https:\/\/asociacionelhogardemika.org\/actividades\/#primaryimage\",\"url\":\"https:\/\/asociacionelhogardemika.org\/wp-content\/uploads\/2025\/06\/reba-spike-v9ntzBoQykg-unsplash.jpg\",\"contentUrl\":\"https:\/\/asociacionelhogardemika.org\/wp-content\/uploads\/2025\/06\/reba-spike-v9ntzBoQykg-unsplash.jpg\",\"width\":1920,\"height\":1280,\"caption\":\"Nuestras actividades. Foto de Reba Spike en Unsplash.\"},{\"@type\":\"BreadcrumbList\",\"@id\":\"https:\/\/asociacionelhogardemika.org\/actividades\/#breadcrumb\",\"itemListElement\":[{\"@type\":\"ListItem\",\"position\":1,\"name\":\"Portada\",\"item\":\"https:\/\/asociacionelhogardemika.org\/\"},{\"@type\":\"ListItem\",\"position\":2,\"name\":\"Actividades\"}]},{\"@type\":\"WebSite\",\"@id\":\"https:\/\/asociacionelhogardemika.org\/#website\",\"url\":\"https:\/\/asociacionelhogardemika.org\/\",\"name\":\"El Hogar de Mika\",\"description\":\"Asociaci\u00f3n de bienestar animal\",\"publisher\":{\"@id\":\"https:\/\/asociacionelhogardemika.org\/#organization\"},\"alternateName\":\"Asociaci\u00f3n El hogar de Mika\",\"potentialAction\":[{\"@type\":\"SearchAction\",\"target\":{\"@type\":\"EntryPoint\",\"urlTemplate\":\"https:\/\/asociacionelhogardemika.org\/?s={search_term_string}\"},\"query-input\":{\"@type\":\"PropertyValueSpecification\",\"valueRequired\":true,\"valueName\":\"search_term_string\"}}],\"inLanguage\":\"en-GB\"},{\"@type\":\"Organization\",\"@id\":\"https:\/\/asociacionelhogardemika.org\/#organization\",\"name\":\"El Hogar de Mika\",\"alternateName\":\"Asociaci\u00f3n El Hogar de Mika\",\"url\":\"https:\/\/asociacionelhogardemika.org\/\",\"logo\":{\"@type\":\"ImageObject\",\"inLanguage\":\"en-GB\",\"@id\":\"https:\/\/asociacionelhogardemika.org\/#\/schema\/logo\/image\/\",\"url\":\"https:\/\/asociacionelhogardemika.org\/wp-content\/uploads\/2025\/06\/logo-el-hogar-de-mika.jpg\",\"contentUrl\":\"https:\/\/asociacionelhogardemika.org\/wp-content\/uploads\/2025\/06\/logo-el-hogar-de-mika.jpg\",\"width\":1000,\"height\":1000,\"caption\":\"El Hogar de Mika\"},\"image\":{\"@id\":\"https:\/\/asociacionelhogardemika.org\/#\/schema\/logo\/image\/\"},\"sameAs\":[\"https:\/\/www.instagram.com\/elhogardemika\/\",\"https:\/\/www.teaming.net\/elhogardemika\",\"https:\/\/petshelter.miwuki.com\/p\/ARvXm1x3\"]}]}<\/script>\n<!-- \/ Yoast SEO plugin. -->","yoast_head_json":{"title":"Actividades - Comprometidos con el bienestar animal - El Hogar de Mika","description":"Siempre comprometidos con el bienestar animal, cuidamos colonias felinas, brindamos asistencia veterinaria y apoyamos a quienes m\u00e1s lo necesitan.","robots":{"index":"index","follow":"follow","max-snippet":"max-snippet:-1","max-image-preview":"max-image-preview:large","max-video-preview":"max-video-preview:-1"},"canonical":"https:\/\/asociacionelhogardemika.org\/en\/actividades\/","og_locale":"en_GB","og_type":"article","og_title":"Actividades - Comprometidos con el bienestar animal - El Hogar de Mika","og_description":"Siempre comprometidos con el bienestar animal, cuidamos colonias felinas, brindamos asistencia veterinaria y apoyamos a quienes m\u00e1s lo necesitan.","og_url":"https:\/\/asociacionelhogardemika.org\/en\/actividades\/","og_site_name":"El Hogar de Mika","article_modified_time":"2025-09-08T20:53:16+00:00","og_image":[{"width":1920,"height":1280,"url":"https:\/\/asociacionelhogardemika.org\/wp-content\/uploads\/2025\/06\/reba-spike-v9ntzBoQykg-unsplash.jpg","type":"image\/jpeg"}],"twitter_card":"summary_large_image","twitter_misc":{"Estimated reading time":"3 minutes"},"schema":{"@context":"https:\/\/schema.org","@graph":[{"@type":"WebPage","@id":"https:\/\/asociacionelhogardemika.org\/actividades\/","url":"https:\/\/asociacionelhogardemika.org\/actividades\/","name":"Actividades - Comprometidos con el bienestar animal - El Hogar de Mika","isPartOf":{"@id":"https:\/\/asociacionelhogardemika.org\/#website"},"primaryImageOfPage":{"@id":"https:\/\/asociacionelhogardemika.org\/actividades\/#primaryimage"},"image":{"@id":"https:\/\/asociacionelhogardemika.org\/actividades\/#primaryimage"},"thumbnailUrl":"https:\/\/asociacionelhogardemika.org\/wp-content\/uploads\/2025\/06\/reba-spike-v9ntzBoQykg-unsplash.jpg","datePublished":"2025-06-27T16:09:29+00:00","dateModified":"2025-09-08T20:53:16+00:00","description":"Siempre comprometidos con el bienestar animal, cuidamos colonias felinas, brindamos asistencia veterinaria y apoyamos a quienes m\u00e1s lo necesitan.","breadcrumb":{"@id":"https:\/\/asociacionelhogardemika.org\/actividades\/#breadcrumb"},"inLanguage":"en-GB","potentialAction":[{"@type":"ReadAction","target":["https:\/\/asociacionelhogardemika.org\/actividades\/"]}]},{"@type":"ImageObject","inLanguage":"en-GB","@id":"https:\/\/asociacionelhogardemika.org\/actividades\/#primaryimage","url":"https:\/\/asociacionelhogardemika.org\/wp-content\/uploads\/2025\/06\/reba-spike-v9ntzBoQykg-unsplash.jpg","contentUrl":"https:\/\/asociacionelhogardemika.org\/wp-content\/uploads\/2025\/06\/reba-spike-v9ntzBoQykg-unsplash.jpg","width":1920,"height":1280,"caption":"Nuestras actividades. Foto de Reba Spike en Unsplash."},{"@type":"BreadcrumbList","@id":"https:\/\/asociacionelhogardemika.org\/actividades\/#breadcrumb","itemListElement":[{"@type":"ListItem","position":1,"name":"Portada","item":"https:\/\/asociacionelhogardemika.org\/"},{"@type":"ListItem","position":2,"name":"Actividades"}]},{"@type":"WebSite","@id":"https:\/\/asociacionelhogardemika.org\/#website","url":"https:\/\/asociacionelhogardemika.org\/","name":"El Hogar de Mika","description":"Asociaci\u00f3n de bienestar animal","publisher":{"@id":"https:\/\/asociacionelhogardemika.org\/#organization"},"alternateName":"Asociaci\u00f3n El hogar de Mika","potentialAction":[{"@type":"SearchAction","target":{"@type":"EntryPoint","urlTemplate":"https:\/\/asociacionelhogardemika.org\/?s={search_term_string}"},"query-input":{"@type":"PropertyValueSpecification","valueRequired":true,"valueName":"search_term_string"}}],"inLanguage":"en-GB"},{"@type":"Organization","@id":"https:\/\/asociacionelhogardemika.org\/#organization","name":"El Hogar de Mika","alternateName":"Asociaci\u00f3n El Hogar de Mika","url":"https:\/\/asociacionelhogardemika.org\/","logo":{"@type":"ImageObject","inLanguage":"en-GB","@id":"https:\/\/asociacionelhogardemika.org\/#\/schema\/logo\/image\/","url":"https:\/\/asociacionelhogardemika.org\/wp-content\/uploads\/2025\/06\/logo-el-hogar-de-mika.jpg","contentUrl":"https:\/\/asociacionelhogardemika.org\/wp-content\/uploads\/2025\/06\/logo-el-hogar-de-mika.jpg","width":1000,"height":1000,"caption":"El Hogar de Mika"},"image":{"@id":"https:\/\/asociacionelhogardemika.org\/#\/schema\/logo\/image\/"},"sameAs":["https:\/\/www.instagram.com\/elhogardemika\/","https:\/\/www.teaming.net\/elhogardemika","https:\/\/petshelter.miwuki.com\/p\/ARvXm1x3"]}]}},"_links":{"self":[{"href":"https:\/\/asociacionelhogardemika.org\/en\/wp-json\/wp\/v2\/pages\/249","targetHints":{"allow":["GET"]}}],"collection":[{"href":"https:\/\/asociacionelhogardemika.org\/en\/wp-json\/wp\/v2\/pages"}],"about":[{"href":"https:\/\/asociacionelhogardemika.org\/en\/wp-json\/wp\/v2\/types\/page"}],"author":[{"embeddable":true,"href":"https:\/\/asociacionelhogardemika.org\/en\/wp-json\/wp\/v2\/users\/1"}],"replies":[{"embeddable":true,"href":"https:\/\/asociacionelhogardemika.org\/en\/wp-json\/wp\/v2\/comments?post=249"}],"version-history":[{"count":11,"href":"https:\/\/asociacionelhogardemika.org\/en\/wp-json\/wp\/v2\/pages\/249\/revisions"}],"predecessor-version":[{"id":749,"href":"https:\/\/asociacionelhogardemika.org\/en\/wp-json\/wp\/v2\/pages\/249\/revisions\/749"}],"wp:featuredmedia":[{"embeddable":true,"href":"https:\/\/asociacionelhogardemika.org\/en\/wp-json\/wp\/v2\/media\/252"}],"wp:attachment":[{"href":"https:\/\/asociacionelhogardemika.org\/en\/wp-json\/wp\/v2\/media?parent=249"}],"curies":[{"name":"wp","href":"https:\/\/api.w.org\/{rel}","templated":true}]}}