{"id":217,"date":"2025-06-27T17:08:30","date_gmt":"2025-06-27T15:08:30","guid":{"rendered":"https:\/\/asociacionelhogardemika.org\/?page_id=217"},"modified":"2025-09-08T23:03:48","modified_gmt":"2025-09-08T21:03:48","slug":"en-busqueda-de-un-hogar","status":"publish","type":"page","link":"https:\/\/asociacionelhogardemika.org\/en\/en-busqueda-de-un-hogar\/","title":{"rendered":"En B\u00fasqueda de un Hogar"},"content":{"rendered":"<h2 class=\"wp-block-heading\">What do we do as an Association?<\/h2>\n\n\n\n<p>We rescue stray cats and dogs in the province, find foster homes, and manage adoptions from <strong>Granada<\/strong>,  then they are sent to <strong>Catalonia<\/strong>, where the furry friends are checked by a veterinarian to ensure that everything is correct and they receive all the medical care they need. Once this stage is complete, they are sent to <strong>Germany<\/strong> and <strong>Switzerland<\/strong> with their new families. <strong><em>Our goal is to find suitable families for each animal<\/em><\/strong> which we rescue using different protocols to ensure their well-being.<\/p>\n\n\n\n<p>Through our collaborating veterinarians, we implant identification microchips in <strong>he RAYA system in Andalusia<\/strong>carry out disease tests, administer trivalent vaccines, and perform sterilisation and deworming for both dogs and cats. In addition, all adopted animals are delivered with an adoption contract and, in the event that they cannot be delivered sterilised due to their age, a commitment to have them neutered at the age recommended by the veterinarian is signed in the contract.<\/p>\n\n\n\n<p>We also support families and make recommendations for each animal's adaptation to its new family unit. To ensure that the animals we have given up for adoption are in the best possible conditions, we carry out continuous monitoring to verify this. <\/p>\n\n\n\n<p>All families who adopt our rescued cats must install protective barriers on windows, terraces, and balconies to avoid the consequences of not having them.<\/p>\n\n\n\n<div style=\"height:50px\" aria-hidden=\"true\" class=\"wp-block-spacer\"><\/div>\n\n\n\n<figure class=\"wp-block-gallery has-nested-images columns-4 is-cropped wp-block-gallery-1 is-layout-flex wp-block-gallery-is-layout-flex\">\n<figure class=\"wp-block-image size-full is-style-default\"><a href=\"https:\/\/asociacionelhogardemika.org\/wp-content\/uploads\/2025\/06\/g-001-min.png\"><img loading=\"lazy\" decoding=\"async\" width=\"474\" height=\"632\" data-id=\"240\" src=\"https:\/\/asociacionelhogardemika.org\/wp-content\/uploads\/2025\/06\/g-001-min-edited.png\" alt=\"\" class=\"wp-image-240\" srcset=\"https:\/\/asociacionelhogardemika.org\/wp-content\/uploads\/2025\/06\/g-001-min-edited.png 474w, https:\/\/asociacionelhogardemika.org\/wp-content\/uploads\/2025\/06\/g-001-min-edited-225x300.png 225w\" sizes=\"auto, (max-width: 474px) 100vw, 474px\" \/><\/a><\/figure>\n\n\n\n<figure class=\"wp-block-image size-large\"><a href=\"https:\/\/asociacionelhogardemika.org\/wp-content\/uploads\/2025\/06\/g-002-min.png\"><img loading=\"lazy\" decoding=\"async\" width=\"584\" height=\"730\" data-id=\"241\" src=\"https:\/\/asociacionelhogardemika.org\/wp-content\/uploads\/2025\/06\/g-002-min-edited.png\" alt=\"\" class=\"wp-image-241\" srcset=\"https:\/\/asociacionelhogardemika.org\/wp-content\/uploads\/2025\/06\/g-002-min-edited.png 584w, https:\/\/asociacionelhogardemika.org\/wp-content\/uploads\/2025\/06\/g-002-min-edited-240x300.png 240w\" sizes=\"auto, (max-width: 584px) 100vw, 584px\" \/><\/a><\/figure>\n\n\n\n<figure class=\"wp-block-image size-large\"><a href=\"https:\/\/asociacionelhogardemika.org\/wp-content\/uploads\/2025\/06\/g-003-min.png\"><img loading=\"lazy\" decoding=\"async\" width=\"410\" height=\"591\" data-id=\"242\" src=\"https:\/\/asociacionelhogardemika.org\/wp-content\/uploads\/2025\/06\/g-003-min-edited.png\" alt=\"\" class=\"wp-image-242\" srcset=\"https:\/\/asociacionelhogardemika.org\/wp-content\/uploads\/2025\/06\/g-003-min-edited.png 410w, https:\/\/asociacionelhogardemika.org\/wp-content\/uploads\/2025\/06\/g-003-min-edited-208x300.png 208w\" sizes=\"auto, (max-width: 410px) 100vw, 410px\" \/><\/a><\/figure>\n\n\n\n<figure class=\"wp-block-image size-large\"><a href=\"https:\/\/asociacionelhogardemika.org\/wp-content\/uploads\/2025\/06\/g-004-min.png\"><img loading=\"lazy\" decoding=\"async\" width=\"630\" height=\"841\" data-id=\"230\" src=\"https:\/\/asociacionelhogardemika.org\/wp-content\/uploads\/2025\/06\/g-004-min.png\" alt=\"\" class=\"wp-image-230\" srcset=\"https:\/\/asociacionelhogardemika.org\/wp-content\/uploads\/2025\/06\/g-004-min.png 630w, https:\/\/asociacionelhogardemika.org\/wp-content\/uploads\/2025\/06\/g-004-min-225x300.png 225w\" sizes=\"auto, (max-width: 630px) 100vw, 630px\" \/><\/a><\/figure>\n\n\n\n<figure class=\"wp-block-image size-large\"><a href=\"https:\/\/asociacionelhogardemika.org\/wp-content\/uploads\/2025\/06\/g-005-min.png\"><img loading=\"lazy\" decoding=\"async\" width=\"919\" height=\"692\" data-id=\"243\" src=\"https:\/\/asociacionelhogardemika.org\/wp-content\/uploads\/2025\/06\/g-005-min-edited.png\" alt=\"\" class=\"wp-image-243\" srcset=\"https:\/\/asociacionelhogardemika.org\/wp-content\/uploads\/2025\/06\/g-005-min-edited.png 919w, https:\/\/asociacionelhogardemika.org\/wp-content\/uploads\/2025\/06\/g-005-min-edited-300x226.png 300w, https:\/\/asociacionelhogardemika.org\/wp-content\/uploads\/2025\/06\/g-005-min-edited-768x578.png 768w\" sizes=\"auto, (max-width: 919px) 100vw, 919px\" \/><\/a><\/figure>\n\n\n\n<figure class=\"wp-block-image size-large\"><a href=\"https:\/\/asociacionelhogardemika.org\/wp-content\/uploads\/2025\/06\/g-006-min.png\"><img loading=\"lazy\" decoding=\"async\" width=\"502\" height=\"668\" data-id=\"245\" src=\"https:\/\/asociacionelhogardemika.org\/wp-content\/uploads\/2025\/06\/g-006-min-edited.png\" alt=\"\" class=\"wp-image-245\" srcset=\"https:\/\/asociacionelhogardemika.org\/wp-content\/uploads\/2025\/06\/g-006-min-edited.png 502w, https:\/\/asociacionelhogardemika.org\/wp-content\/uploads\/2025\/06\/g-006-min-edited-225x300.png 225w\" sizes=\"auto, (max-width: 502px) 100vw, 502px\" \/><\/a><\/figure>\n<\/figure>","protected":false},"excerpt":{"rendered":"<p>\u00bfQu\u00e9 hacemos como Asociaci\u00f3n? Nos encargamos de rescatar a los gatos y perros en situaci\u00f3n de calle de la provincia, buscamos casas de acogida y gestionamos las adopciones desde Granada, luego ellos son enviados a Catalu\u00f1a, donde los peluditos son controlados por un veterinario, procurando que todo est\u00e9 en orden, entregando todos los cuidados necesarios [&hellip;]<\/p>","protected":false},"author":1,"featured_media":233,"parent":0,"menu_order":0,"comment_status":"closed","ping_status":"closed","template":"","meta":{"_acf_changed":false,"footnotes":""},"class_list":["post-217","page","type-page","status-publish","has-post-thumbnail","hentry"],"acf":[],"yoast_head":"<!-- This site is optimized with the Yoast SEO plugin v26.4 - https:\/\/yoast.com\/wordpress\/plugins\/seo\/ -->\n<title>En B\u00fasqueda de un Hogar - El Hogar de Mika<\/title>\n<meta name=\"description\" content=\"Como Asociaci\u00f3n estamos constantemente en la b\u00fasqueda de un hogar amoroso para nuestros querid\u00edsimos peludos.\" \/>\n<meta name=\"robots\" content=\"index, follow, max-snippet:-1, max-image-preview:large, max-video-preview:-1\" \/>\n<link rel=\"canonical\" href=\"https:\/\/asociacionelhogardemika.org\/en\/en-busqueda-de-un-hogar\/\" \/>\n<meta property=\"og:locale\" content=\"en_GB\" \/>\n<meta property=\"og:type\" content=\"article\" \/>\n<meta property=\"og:title\" content=\"En B\u00fasqueda de un Hogar - El Hogar de Mika\" \/>\n<meta property=\"og:description\" content=\"Como Asociaci\u00f3n estamos constantemente en la b\u00fasqueda de un hogar amoroso para nuestros querid\u00edsimos peludos.\" \/>\n<meta property=\"og:url\" content=\"https:\/\/asociacionelhogardemika.org\/en\/en-busqueda-de-un-hogar\/\" \/>\n<meta property=\"og:site_name\" content=\"El Hogar de Mika\" \/>\n<meta property=\"article:modified_time\" content=\"2025-09-08T21:03:48+00:00\" \/>\n<meta property=\"og:image\" content=\"https:\/\/asociacionelhogardemika.org\/wp-content\/uploads\/2025\/06\/roberto-nickson-_JGVVEfbTVQ-unsplash-scaled.jpg\" \/>\n\t<meta property=\"og:image:width\" content=\"1707\" \/>\n\t<meta property=\"og:image:height\" content=\"2560\" \/>\n\t<meta property=\"og:image:type\" content=\"image\/jpeg\" \/>\n<meta name=\"twitter:card\" content=\"summary_large_image\" \/>\n<meta name=\"twitter:label1\" content=\"Estimated reading time\" \/>\n\t<meta name=\"twitter:data1\" content=\"3 minutes\" \/>\n<script type=\"application\/ld+json\" class=\"yoast-schema-graph\">{\"@context\":\"https:\/\/schema.org\",\"@graph\":[{\"@type\":\"WebPage\",\"@id\":\"https:\/\/asociacionelhogardemika.org\/en-busqueda-de-un-hogar\/\",\"url\":\"https:\/\/asociacionelhogardemika.org\/en-busqueda-de-un-hogar\/\",\"name\":\"En B\u00fasqueda de un Hogar - El Hogar de Mika\",\"isPartOf\":{\"@id\":\"https:\/\/asociacionelhogardemika.org\/#website\"},\"primaryImageOfPage\":{\"@id\":\"https:\/\/asociacionelhogardemika.org\/en-busqueda-de-un-hogar\/#primaryimage\"},\"image\":{\"@id\":\"https:\/\/asociacionelhogardemika.org\/en-busqueda-de-un-hogar\/#primaryimage\"},\"thumbnailUrl\":\"https:\/\/asociacionelhogardemika.org\/wp-content\/uploads\/2025\/06\/roberto-nickson-_JGVVEfbTVQ-unsplash-scaled.jpg\",\"datePublished\":\"2025-06-27T15:08:30+00:00\",\"dateModified\":\"2025-09-08T21:03:48+00:00\",\"description\":\"Como Asociaci\u00f3n estamos constantemente en la b\u00fasqueda de un hogar amoroso para nuestros querid\u00edsimos peludos.\",\"breadcrumb\":{\"@id\":\"https:\/\/asociacionelhogardemika.org\/en-busqueda-de-un-hogar\/#breadcrumb\"},\"inLanguage\":\"en-GB\",\"potentialAction\":[{\"@type\":\"ReadAction\",\"target\":[\"https:\/\/asociacionelhogardemika.org\/en-busqueda-de-un-hogar\/\"]}]},{\"@type\":\"ImageObject\",\"inLanguage\":\"en-GB\",\"@id\":\"https:\/\/asociacionelhogardemika.org\/en-busqueda-de-un-hogar\/#primaryimage\",\"url\":\"https:\/\/asociacionelhogardemika.org\/wp-content\/uploads\/2025\/06\/roberto-nickson-_JGVVEfbTVQ-unsplash-scaled.jpg\",\"contentUrl\":\"https:\/\/asociacionelhogardemika.org\/wp-content\/uploads\/2025\/06\/roberto-nickson-_JGVVEfbTVQ-unsplash-scaled.jpg\",\"width\":1707,\"height\":2560,\"caption\":\"En busca de un hogar. Foto de Roberto Nickson en Unsplash.\"},{\"@type\":\"BreadcrumbList\",\"@id\":\"https:\/\/asociacionelhogardemika.org\/en-busqueda-de-un-hogar\/#breadcrumb\",\"itemListElement\":[{\"@type\":\"ListItem\",\"position\":1,\"name\":\"Portada\",\"item\":\"https:\/\/asociacionelhogardemika.org\/\"},{\"@type\":\"ListItem\",\"position\":2,\"name\":\"En B\u00fasqueda de un Hogar\"}]},{\"@type\":\"WebSite\",\"@id\":\"https:\/\/asociacionelhogardemika.org\/#website\",\"url\":\"https:\/\/asociacionelhogardemika.org\/\",\"name\":\"El Hogar de Mika\",\"description\":\"Asociaci\u00f3n de bienestar animal\",\"publisher\":{\"@id\":\"https:\/\/asociacionelhogardemika.org\/#organization\"},\"alternateName\":\"Asociaci\u00f3n El hogar de Mika\",\"potentialAction\":[{\"@type\":\"SearchAction\",\"target\":{\"@type\":\"EntryPoint\",\"urlTemplate\":\"https:\/\/asociacionelhogardemika.org\/?s={search_term_string}\"},\"query-input\":{\"@type\":\"PropertyValueSpecification\",\"valueRequired\":true,\"valueName\":\"search_term_string\"}}],\"inLanguage\":\"en-GB\"},{\"@type\":\"Organization\",\"@id\":\"https:\/\/asociacionelhogardemika.org\/#organization\",\"name\":\"El Hogar de Mika\",\"alternateName\":\"Asociaci\u00f3n El Hogar de Mika\",\"url\":\"https:\/\/asociacionelhogardemika.org\/\",\"logo\":{\"@type\":\"ImageObject\",\"inLanguage\":\"en-GB\",\"@id\":\"https:\/\/asociacionelhogardemika.org\/#\/schema\/logo\/image\/\",\"url\":\"https:\/\/asociacionelhogardemika.org\/wp-content\/uploads\/2025\/06\/logo-el-hogar-de-mika.jpg\",\"contentUrl\":\"https:\/\/asociacionelhogardemika.org\/wp-content\/uploads\/2025\/06\/logo-el-hogar-de-mika.jpg\",\"width\":1000,\"height\":1000,\"caption\":\"El Hogar de Mika\"},\"image\":{\"@id\":\"https:\/\/asociacionelhogardemika.org\/#\/schema\/logo\/image\/\"},\"sameAs\":[\"https:\/\/www.instagram.com\/elhogardemika\/\",\"https:\/\/www.teaming.net\/elhogardemika\",\"https:\/\/petshelter.miwuki.com\/p\/ARvXm1x3\"]}]}<\/script>\n<!-- \/ Yoast SEO plugin. -->","yoast_head_json":{"title":"En B\u00fasqueda de un Hogar - El Hogar de Mika","description":"Como Asociaci\u00f3n estamos constantemente en la b\u00fasqueda de un hogar amoroso para nuestros querid\u00edsimos peludos.","robots":{"index":"index","follow":"follow","max-snippet":"max-snippet:-1","max-image-preview":"max-image-preview:large","max-video-preview":"max-video-preview:-1"},"canonical":"https:\/\/asociacionelhogardemika.org\/en\/en-busqueda-de-un-hogar\/","og_locale":"en_GB","og_type":"article","og_title":"En B\u00fasqueda de un Hogar - El Hogar de Mika","og_description":"Como Asociaci\u00f3n estamos constantemente en la b\u00fasqueda de un hogar amoroso para nuestros querid\u00edsimos peludos.","og_url":"https:\/\/asociacionelhogardemika.org\/en\/en-busqueda-de-un-hogar\/","og_site_name":"El Hogar de Mika","article_modified_time":"2025-09-08T21:03:48+00:00","og_image":[{"width":1707,"height":2560,"url":"https:\/\/asociacionelhogardemika.org\/wp-content\/uploads\/2025\/06\/roberto-nickson-_JGVVEfbTVQ-unsplash-scaled.jpg","type":"image\/jpeg"}],"twitter_card":"summary_large_image","twitter_misc":{"Estimated reading time":"3 minutes"},"schema":{"@context":"https:\/\/schema.org","@graph":[{"@type":"WebPage","@id":"https:\/\/asociacionelhogardemika.org\/en-busqueda-de-un-hogar\/","url":"https:\/\/asociacionelhogardemika.org\/en-busqueda-de-un-hogar\/","name":"En B\u00fasqueda de un Hogar - El Hogar de Mika","isPartOf":{"@id":"https:\/\/asociacionelhogardemika.org\/#website"},"primaryImageOfPage":{"@id":"https:\/\/asociacionelhogardemika.org\/en-busqueda-de-un-hogar\/#primaryimage"},"image":{"@id":"https:\/\/asociacionelhogardemika.org\/en-busqueda-de-un-hogar\/#primaryimage"},"thumbnailUrl":"https:\/\/asociacionelhogardemika.org\/wp-content\/uploads\/2025\/06\/roberto-nickson-_JGVVEfbTVQ-unsplash-scaled.jpg","datePublished":"2025-06-27T15:08:30+00:00","dateModified":"2025-09-08T21:03:48+00:00","description":"Como Asociaci\u00f3n estamos constantemente en la b\u00fasqueda de un hogar amoroso para nuestros querid\u00edsimos peludos.","breadcrumb":{"@id":"https:\/\/asociacionelhogardemika.org\/en-busqueda-de-un-hogar\/#breadcrumb"},"inLanguage":"en-GB","potentialAction":[{"@type":"ReadAction","target":["https:\/\/asociacionelhogardemika.org\/en-busqueda-de-un-hogar\/"]}]},{"@type":"ImageObject","inLanguage":"en-GB","@id":"https:\/\/asociacionelhogardemika.org\/en-busqueda-de-un-hogar\/#primaryimage","url":"https:\/\/asociacionelhogardemika.org\/wp-content\/uploads\/2025\/06\/roberto-nickson-_JGVVEfbTVQ-unsplash-scaled.jpg","contentUrl":"https:\/\/asociacionelhogardemika.org\/wp-content\/uploads\/2025\/06\/roberto-nickson-_JGVVEfbTVQ-unsplash-scaled.jpg","width":1707,"height":2560,"caption":"En busca de un hogar. Foto de Roberto Nickson en Unsplash."},{"@type":"BreadcrumbList","@id":"https:\/\/asociacionelhogardemika.org\/en-busqueda-de-un-hogar\/#breadcrumb","itemListElement":[{"@type":"ListItem","position":1,"name":"Portada","item":"https:\/\/asociacionelhogardemika.org\/"},{"@type":"ListItem","position":2,"name":"En B\u00fasqueda de un Hogar"}]},{"@type":"WebSite","@id":"https:\/\/asociacionelhogardemika.org\/#website","url":"https:\/\/asociacionelhogardemika.org\/","name":"El Hogar de Mika","description":"Asociaci\u00f3n de bienestar animal","publisher":{"@id":"https:\/\/asociacionelhogardemika.org\/#organization"},"alternateName":"Asociaci\u00f3n El hogar de Mika","potentialAction":[{"@type":"SearchAction","target":{"@type":"EntryPoint","urlTemplate":"https:\/\/asociacionelhogardemika.org\/?s={search_term_string}"},"query-input":{"@type":"PropertyValueSpecification","valueRequired":true,"valueName":"search_term_string"}}],"inLanguage":"en-GB"},{"@type":"Organization","@id":"https:\/\/asociacionelhogardemika.org\/#organization","name":"El Hogar de Mika","alternateName":"Asociaci\u00f3n El Hogar de Mika","url":"https:\/\/asociacionelhogardemika.org\/","logo":{"@type":"ImageObject","inLanguage":"en-GB","@id":"https:\/\/asociacionelhogardemika.org\/#\/schema\/logo\/image\/","url":"https:\/\/asociacionelhogardemika.org\/wp-content\/uploads\/2025\/06\/logo-el-hogar-de-mika.jpg","contentUrl":"https:\/\/asociacionelhogardemika.org\/wp-content\/uploads\/2025\/06\/logo-el-hogar-de-mika.jpg","width":1000,"height":1000,"caption":"El Hogar de Mika"},"image":{"@id":"https:\/\/asociacionelhogardemika.org\/#\/schema\/logo\/image\/"},"sameAs":["https:\/\/www.instagram.com\/elhogardemika\/","https:\/\/www.teaming.net\/elhogardemika","https:\/\/petshelter.miwuki.com\/p\/ARvXm1x3"]}]}},"_links":{"self":[{"href":"https:\/\/asociacionelhogardemika.org\/en\/wp-json\/wp\/v2\/pages\/217","targetHints":{"allow":["GET"]}}],"collection":[{"href":"https:\/\/asociacionelhogardemika.org\/en\/wp-json\/wp\/v2\/pages"}],"about":[{"href":"https:\/\/asociacionelhogardemika.org\/en\/wp-json\/wp\/v2\/types\/page"}],"author":[{"embeddable":true,"href":"https:\/\/asociacionelhogardemika.org\/en\/wp-json\/wp\/v2\/users\/1"}],"replies":[{"embeddable":true,"href":"https:\/\/asociacionelhogardemika.org\/en\/wp-json\/wp\/v2\/comments?post=217"}],"version-history":[{"count":11,"href":"https:\/\/asociacionelhogardemika.org\/en\/wp-json\/wp\/v2\/pages\/217\/revisions"}],"predecessor-version":[{"id":754,"href":"https:\/\/asociacionelhogardemika.org\/en\/wp-json\/wp\/v2\/pages\/217\/revisions\/754"}],"wp:featuredmedia":[{"embeddable":true,"href":"https:\/\/asociacionelhogardemika.org\/en\/wp-json\/wp\/v2\/media\/233"}],"wp:attachment":[{"href":"https:\/\/asociacionelhogardemika.org\/en\/wp-json\/wp\/v2\/media?parent=217"}],"curies":[{"name":"wp","href":"https:\/\/api.w.org\/{rel}","templated":true}]}}