{"id":141,"date":"2025-06-22T21:36:11","date_gmt":"2025-06-22T19:36:11","guid":{"rendered":"https:\/\/asociacionelhogardemika.org\/?page_id=141"},"modified":"2025-09-10T20:46:38","modified_gmt":"2025-09-10T18:46:38","slug":"terminos-y-condiciones","status":"publish","type":"page","link":"https:\/\/asociacionelhogardemika.org\/en\/terminos-y-condiciones\/","title":{"rendered":"Terms and Conditions"},"content":{"rendered":"<div class=\"wp-block-group\"><div class=\"wp-block-group__inner-container is-layout-constrained wp-block-group-is-layout-constrained\">\n<p>In accordance with Regulation 2016\/679 of the European Parliament and of the Council of 27 April 2016 on data protection. We inform you that your data comes from a file owned and managed by\u00a0<strong>EL HOGAR DE MIKA<\/strong>, before which you may exercise your rights of access, rectification, erasure, objection, restriction of processing, data portability and the right to lodge a complaint with the Supervisory Authorities. You may exercise these rights by sending an email to (<strong><em>elhogardemika.asociacion@gmail.com<\/em><\/strong>), attaching a copy of your national identity card or passport.<\/p>\n\n\n\n<p>The Owner is solely responsible for the file and undertakes not to use the data for any purpose other than that for which it was collected, nor to transfer it unlawfully to third parties. The Owner also undertakes to treat your data confidentially and to apply the necessary technical and\/or organisational security measures to prevent unauthorised processing or access, in accordance with current data protection regulations.<\/p>\n<\/div><\/div>\n\n\n\n<div style=\"height:30px\" aria-hidden=\"true\" class=\"wp-block-spacer\"><\/div>\n\n\n\n<div class=\"wp-block-group\"><div class=\"wp-block-group__inner-container is-layout-constrained wp-block-group-is-layout-constrained\">\n<h2 class=\"wp-block-heading\">Can I use the information or images on this website?<\/h2>\n\n\n\n<p><strong><em>All images and text on the website are for the exclusive use of the animal shelter and the El Hogar de Mika association<\/em><\/strong>. The use of any of these without the proper authorisation of the owner may be considered a criminal offence punishable by imprisonment and the right to compensation for damages, as well as a violation of intellectual property rights.<\/p>\n<\/div><\/div>\n\n\n\n<div style=\"height:30px\" aria-hidden=\"true\" class=\"wp-block-spacer\"><\/div>\n\n\n\n<div class=\"wp-block-group\"><div class=\"wp-block-group__inner-container is-layout-constrained wp-block-group-is-layout-constrained\">\n<h2 class=\"wp-block-heading\">Unauthorised Use<\/h2>\n\n\n\n<p>Where applicable\u00a0<em>(for the sale of software, templates, or other design and programming products)\u00a0<\/em>, you may not place any of our products, modified or unmodified, on a CD, website, or any other medium and offer them for redistribution or resale of any kind.<\/p>\n<\/div><\/div>\n\n\n\n<div style=\"height:30px\" aria-hidden=\"true\" class=\"wp-block-spacer\"><\/div>\n\n\n\n<div class=\"wp-block-group\"><div class=\"wp-block-group__inner-container is-layout-constrained wp-block-group-is-layout-constrained\">\n<h2 class=\"wp-block-heading\">Privacy<\/h2>\n\n\n\n<p>This website guarantees that the personal information you submit is secure. Data entered by users or required for order validation will not be disclosed to third parties, unless required to do so in compliance with a court order or legal requirements.<\/p>\n\n\n\n<p>Subscription to advertising email newsletters is voluntary and can be selected when creating your account.<\/p>\n\n\n\n<p><strong>El Hogar de Mika<\/strong> reserves the right to change or modify these terms without prior notice.<\/p>\n<\/div><\/div>","protected":false},"excerpt":{"rendered":"<p>De conformidad con el reglamento 2016\/679 del parlamento europeo y del consejo de 27 de abril de 2016 relativo a la protecci\u00f3n de datos. Le comunicamos que sus datos proceden de un fichero del que es propietario y responsable\u00a0EL HOGAR DE MIKA, ante la que podr\u00e1n ejercitarse los derechos de acceso, rectificaci\u00f3n, supresi\u00f3n, oposici\u00f3n, limitaci\u00f3n [&hellip;]<\/p>","protected":false},"author":1,"featured_media":172,"parent":0,"menu_order":0,"comment_status":"closed","ping_status":"closed","template":"","meta":{"_acf_changed":false,"footnotes":""},"class_list":["post-141","page","type-page","status-publish","has-post-thumbnail","hentry"],"acf":[],"yoast_head":"<!-- This site is optimized with the Yoast SEO plugin v26.4 - https:\/\/yoast.com\/wordpress\/plugins\/seo\/ -->\n<title>T\u00e9rminos y Condiciones - El Hogar de Mika<\/title>\n<meta name=\"robots\" content=\"noindex, nofollow\" \/>\n<meta property=\"og:locale\" content=\"en_GB\" \/>\n<meta property=\"og:type\" content=\"article\" \/>\n<meta property=\"og:title\" content=\"T\u00e9rminos y Condiciones - El Hogar de Mika\" \/>\n<meta property=\"og:description\" content=\"De conformidad con el reglamento 2016\/679 del parlamento europeo y del consejo de 27 de abril de 2016 relativo a la protecci\u00f3n de datos. Le comunicamos que sus datos proceden de un fichero del que es propietario y responsable\u00a0EL HOGAR DE MIKA, ante la que podr\u00e1n ejercitarse los derechos de acceso, rectificaci\u00f3n, supresi\u00f3n, oposici\u00f3n, limitaci\u00f3n [&hellip;]\" \/>\n<meta property=\"og:url\" content=\"https:\/\/asociacionelhogardemika.org\/en\/terminos-y-condiciones\/\" \/>\n<meta property=\"og:site_name\" content=\"El Hogar de Mika\" \/>\n<meta property=\"article:modified_time\" content=\"2025-09-10T18:46:38+00:00\" \/>\n<meta property=\"og:image\" content=\"https:\/\/asociacionelhogardemika.org\/wp-content\/uploads\/2025\/06\/medicalert-uk-9OnppW9mlCY-unsplash.jpg\" \/>\n\t<meta property=\"og:image:width\" content=\"1600\" \/>\n\t<meta property=\"og:image:height\" content=\"1067\" \/>\n\t<meta property=\"og:image:type\" content=\"image\/jpeg\" \/>\n<meta name=\"twitter:card\" content=\"summary_large_image\" \/>\n<meta name=\"twitter:label1\" content=\"Estimated reading time\" \/>\n\t<meta name=\"twitter:data1\" content=\"2 minutes\" \/>\n<script type=\"application\/ld+json\" class=\"yoast-schema-graph\">{\"@context\":\"https:\/\/schema.org\",\"@graph\":[{\"@type\":\"WebPage\",\"@id\":\"https:\/\/asociacionelhogardemika.org\/terminos-y-condiciones\/\",\"url\":\"https:\/\/asociacionelhogardemika.org\/terminos-y-condiciones\/\",\"name\":\"T\u00e9rminos y Condiciones - El Hogar de Mika\",\"isPartOf\":{\"@id\":\"https:\/\/asociacionelhogardemika.org\/#website\"},\"primaryImageOfPage\":{\"@id\":\"https:\/\/asociacionelhogardemika.org\/terminos-y-condiciones\/#primaryimage\"},\"image\":{\"@id\":\"https:\/\/asociacionelhogardemika.org\/terminos-y-condiciones\/#primaryimage\"},\"thumbnailUrl\":\"https:\/\/asociacionelhogardemika.org\/wp-content\/uploads\/2025\/06\/medicalert-uk-9OnppW9mlCY-unsplash.jpg\",\"datePublished\":\"2025-06-22T19:36:11+00:00\",\"dateModified\":\"2025-09-10T18:46:38+00:00\",\"breadcrumb\":{\"@id\":\"https:\/\/asociacionelhogardemika.org\/terminos-y-condiciones\/#breadcrumb\"},\"inLanguage\":\"en-GB\",\"potentialAction\":[{\"@type\":\"ReadAction\",\"target\":[\"https:\/\/asociacionelhogardemika.org\/terminos-y-condiciones\/\"]}]},{\"@type\":\"ImageObject\",\"inLanguage\":\"en-GB\",\"@id\":\"https:\/\/asociacionelhogardemika.org\/terminos-y-condiciones\/#primaryimage\",\"url\":\"https:\/\/asociacionelhogardemika.org\/wp-content\/uploads\/2025\/06\/medicalert-uk-9OnppW9mlCY-unsplash.jpg\",\"contentUrl\":\"https:\/\/asociacionelhogardemika.org\/wp-content\/uploads\/2025\/06\/medicalert-uk-9OnppW9mlCY-unsplash.jpg\",\"width\":1600,\"height\":1067,\"caption\":\"T\u00e9rminos y Condiciones. Foto de MedicAlert UK en Unsplash.\"},{\"@type\":\"BreadcrumbList\",\"@id\":\"https:\/\/asociacionelhogardemika.org\/terminos-y-condiciones\/#breadcrumb\",\"itemListElement\":[{\"@type\":\"ListItem\",\"position\":1,\"name\":\"Portada\",\"item\":\"https:\/\/asociacionelhogardemika.org\/\"},{\"@type\":\"ListItem\",\"position\":2,\"name\":\"T\u00e9rminos y Condiciones\"}]},{\"@type\":\"WebSite\",\"@id\":\"https:\/\/asociacionelhogardemika.org\/#website\",\"url\":\"https:\/\/asociacionelhogardemika.org\/\",\"name\":\"El Hogar de Mika\",\"description\":\"Asociaci\u00f3n de bienestar animal\",\"publisher\":{\"@id\":\"https:\/\/asociacionelhogardemika.org\/#organization\"},\"alternateName\":\"Asociaci\u00f3n El hogar de Mika\",\"potentialAction\":[{\"@type\":\"SearchAction\",\"target\":{\"@type\":\"EntryPoint\",\"urlTemplate\":\"https:\/\/asociacionelhogardemika.org\/?s={search_term_string}\"},\"query-input\":{\"@type\":\"PropertyValueSpecification\",\"valueRequired\":true,\"valueName\":\"search_term_string\"}}],\"inLanguage\":\"en-GB\"},{\"@type\":\"Organization\",\"@id\":\"https:\/\/asociacionelhogardemika.org\/#organization\",\"name\":\"El Hogar de Mika\",\"alternateName\":\"Asociaci\u00f3n El Hogar de Mika\",\"url\":\"https:\/\/asociacionelhogardemika.org\/\",\"logo\":{\"@type\":\"ImageObject\",\"inLanguage\":\"en-GB\",\"@id\":\"https:\/\/asociacionelhogardemika.org\/#\/schema\/logo\/image\/\",\"url\":\"https:\/\/asociacionelhogardemika.org\/wp-content\/uploads\/2025\/06\/logo-el-hogar-de-mika.jpg\",\"contentUrl\":\"https:\/\/asociacionelhogardemika.org\/wp-content\/uploads\/2025\/06\/logo-el-hogar-de-mika.jpg\",\"width\":1000,\"height\":1000,\"caption\":\"El Hogar de Mika\"},\"image\":{\"@id\":\"https:\/\/asociacionelhogardemika.org\/#\/schema\/logo\/image\/\"},\"sameAs\":[\"https:\/\/www.instagram.com\/elhogardemika\/\",\"https:\/\/www.teaming.net\/elhogardemika\",\"https:\/\/petshelter.miwuki.com\/p\/ARvXm1x3\"]}]}<\/script>\n<!-- \/ Yoast SEO plugin. -->","yoast_head_json":{"title":"T\u00e9rminos y Condiciones - El Hogar de Mika","robots":{"index":"noindex","follow":"nofollow"},"og_locale":"en_GB","og_type":"article","og_title":"T\u00e9rminos y Condiciones - El Hogar de Mika","og_description":"De conformidad con el reglamento 2016\/679 del parlamento europeo y del consejo de 27 de abril de 2016 relativo a la protecci\u00f3n de datos. Le comunicamos que sus datos proceden de un fichero del que es propietario y responsable\u00a0EL HOGAR DE MIKA, ante la que podr\u00e1n ejercitarse los derechos de acceso, rectificaci\u00f3n, supresi\u00f3n, oposici\u00f3n, limitaci\u00f3n [&hellip;]","og_url":"https:\/\/asociacionelhogardemika.org\/en\/terminos-y-condiciones\/","og_site_name":"El Hogar de Mika","article_modified_time":"2025-09-10T18:46:38+00:00","og_image":[{"width":1600,"height":1067,"url":"https:\/\/asociacionelhogardemika.org\/wp-content\/uploads\/2025\/06\/medicalert-uk-9OnppW9mlCY-unsplash.jpg","type":"image\/jpeg"}],"twitter_card":"summary_large_image","twitter_misc":{"Estimated reading time":"2 minutes"},"schema":{"@context":"https:\/\/schema.org","@graph":[{"@type":"WebPage","@id":"https:\/\/asociacionelhogardemika.org\/terminos-y-condiciones\/","url":"https:\/\/asociacionelhogardemika.org\/terminos-y-condiciones\/","name":"T\u00e9rminos y Condiciones - El Hogar de Mika","isPartOf":{"@id":"https:\/\/asociacionelhogardemika.org\/#website"},"primaryImageOfPage":{"@id":"https:\/\/asociacionelhogardemika.org\/terminos-y-condiciones\/#primaryimage"},"image":{"@id":"https:\/\/asociacionelhogardemika.org\/terminos-y-condiciones\/#primaryimage"},"thumbnailUrl":"https:\/\/asociacionelhogardemika.org\/wp-content\/uploads\/2025\/06\/medicalert-uk-9OnppW9mlCY-unsplash.jpg","datePublished":"2025-06-22T19:36:11+00:00","dateModified":"2025-09-10T18:46:38+00:00","breadcrumb":{"@id":"https:\/\/asociacionelhogardemika.org\/terminos-y-condiciones\/#breadcrumb"},"inLanguage":"en-GB","potentialAction":[{"@type":"ReadAction","target":["https:\/\/asociacionelhogardemika.org\/terminos-y-condiciones\/"]}]},{"@type":"ImageObject","inLanguage":"en-GB","@id":"https:\/\/asociacionelhogardemika.org\/terminos-y-condiciones\/#primaryimage","url":"https:\/\/asociacionelhogardemika.org\/wp-content\/uploads\/2025\/06\/medicalert-uk-9OnppW9mlCY-unsplash.jpg","contentUrl":"https:\/\/asociacionelhogardemika.org\/wp-content\/uploads\/2025\/06\/medicalert-uk-9OnppW9mlCY-unsplash.jpg","width":1600,"height":1067,"caption":"T\u00e9rminos y Condiciones. Foto de MedicAlert UK en Unsplash."},{"@type":"BreadcrumbList","@id":"https:\/\/asociacionelhogardemika.org\/terminos-y-condiciones\/#breadcrumb","itemListElement":[{"@type":"ListItem","position":1,"name":"Portada","item":"https:\/\/asociacionelhogardemika.org\/"},{"@type":"ListItem","position":2,"name":"T\u00e9rminos y Condiciones"}]},{"@type":"WebSite","@id":"https:\/\/asociacionelhogardemika.org\/#website","url":"https:\/\/asociacionelhogardemika.org\/","name":"El Hogar de Mika","description":"Asociaci\u00f3n de bienestar animal","publisher":{"@id":"https:\/\/asociacionelhogardemika.org\/#organization"},"alternateName":"Asociaci\u00f3n El hogar de Mika","potentialAction":[{"@type":"SearchAction","target":{"@type":"EntryPoint","urlTemplate":"https:\/\/asociacionelhogardemika.org\/?s={search_term_string}"},"query-input":{"@type":"PropertyValueSpecification","valueRequired":true,"valueName":"search_term_string"}}],"inLanguage":"en-GB"},{"@type":"Organization","@id":"https:\/\/asociacionelhogardemika.org\/#organization","name":"El Hogar de Mika","alternateName":"Asociaci\u00f3n El Hogar de Mika","url":"https:\/\/asociacionelhogardemika.org\/","logo":{"@type":"ImageObject","inLanguage":"en-GB","@id":"https:\/\/asociacionelhogardemika.org\/#\/schema\/logo\/image\/","url":"https:\/\/asociacionelhogardemika.org\/wp-content\/uploads\/2025\/06\/logo-el-hogar-de-mika.jpg","contentUrl":"https:\/\/asociacionelhogardemika.org\/wp-content\/uploads\/2025\/06\/logo-el-hogar-de-mika.jpg","width":1000,"height":1000,"caption":"El Hogar de Mika"},"image":{"@id":"https:\/\/asociacionelhogardemika.org\/#\/schema\/logo\/image\/"},"sameAs":["https:\/\/www.instagram.com\/elhogardemika\/","https:\/\/www.teaming.net\/elhogardemika","https:\/\/petshelter.miwuki.com\/p\/ARvXm1x3"]}]}},"_links":{"self":[{"href":"https:\/\/asociacionelhogardemika.org\/en\/wp-json\/wp\/v2\/pages\/141","targetHints":{"allow":["GET"]}}],"collection":[{"href":"https:\/\/asociacionelhogardemika.org\/en\/wp-json\/wp\/v2\/pages"}],"about":[{"href":"https:\/\/asociacionelhogardemika.org\/en\/wp-json\/wp\/v2\/types\/page"}],"author":[{"embeddable":true,"href":"https:\/\/asociacionelhogardemika.org\/en\/wp-json\/wp\/v2\/users\/1"}],"replies":[{"embeddable":true,"href":"https:\/\/asociacionelhogardemika.org\/en\/wp-json\/wp\/v2\/comments?post=141"}],"version-history":[{"count":3,"href":"https:\/\/asociacionelhogardemika.org\/en\/wp-json\/wp\/v2\/pages\/141\/revisions"}],"predecessor-version":[{"id":175,"href":"https:\/\/asociacionelhogardemika.org\/en\/wp-json\/wp\/v2\/pages\/141\/revisions\/175"}],"wp:featuredmedia":[{"embeddable":true,"href":"https:\/\/asociacionelhogardemika.org\/en\/wp-json\/wp\/v2\/media\/172"}],"wp:attachment":[{"href":"https:\/\/asociacionelhogardemika.org\/en\/wp-json\/wp\/v2\/media?parent=141"}],"curies":[{"name":"wp","href":"https:\/\/api.w.org\/{rel}","templated":true}]}}